{"id":10127,"date":"2024-01-31T18:58:18","date_gmt":"2024-01-31T18:58:18","guid":{"rendered":"https:\/\/mo-mo.gr\/product\/japanese-t-shirt-with-cranes\/"},"modified":"2024-12-12T14:46:08","modified_gmt":"2024-12-12T14:46:08","slug":"maglietta-giapponese-con-gru","status":"publish","type":"product","link":"https:\/\/mo-mo.gr\/it\/\u03c0\u03c1\u03bf\u03ca\u03cc\u03bd\u03c4\u03b1\/japanese-t-shirt-with-cranes\/","title":{"rendered":"Maglietta giapponese con gru"},"content":{"rendered":"","protected":false},"excerpt":{"rendered":"<p>Maglietta giapponese con gru. Scoprite l'estetica del Giappone con la T-shirt con gru. Questa T-shirt giapponese \u00e8 decorata con gru, che conferiscono un'aria di libert\u00e0 unica ed elegante. Realizzata in tessuto di alta qualit\u00e0, la T-shirt con le gru \u00e8 perfetta per chi desidera aggiungere un distinto stile giapponese al proprio look quotidiano.<\/p>\n<p>- Cotone 100%<\/p>\n<p>- Non specifico per genere<\/p>","protected":false},"featured_media":10128,"comment_status":"open","ping_status":"open","template":"","meta":{"_gspb_post_css":""},"product_brand":[],"product_cat":[96],"product_tag":[],"class_list":{"0":"post-10127","1":"product","2":"type-product","3":"status-publish","4":"has-post-thumbnail","6":"product_cat-t-shirts","7":"pa_-large","8":"pa_-medium","9":"pa_-small","10":"pa_-xtra-large","11":"pa_-xtra-small","12":"pa_-xxl","13":"pa_-85","15":"first","16":"instock","17":"taxable","18":"shipping-taxable","19":"purchasable","20":"product-type-variable"},"_links":{"self":[{"href":"https:\/\/mo-mo.gr\/it\/wp-json\/wp\/v2\/product\/10127","targetHints":{"allow":["GET"]}}],"collection":[{"href":"https:\/\/mo-mo.gr\/it\/wp-json\/wp\/v2\/product"}],"about":[{"href":"https:\/\/mo-mo.gr\/it\/wp-json\/wp\/v2\/types\/product"}],"replies":[{"embeddable":true,"href":"https:\/\/mo-mo.gr\/it\/wp-json\/wp\/v2\/comments?post=10127"}],"wp:featuredmedia":[{"embeddable":true,"href":"https:\/\/mo-mo.gr\/it\/wp-json\/wp\/v2\/media\/10128"}],"wp:attachment":[{"href":"https:\/\/mo-mo.gr\/it\/wp-json\/wp\/v2\/media?parent=10127"}],"wp:term":[{"taxonomy":"product_brand","embeddable":true,"href":"https:\/\/mo-mo.gr\/it\/wp-json\/wp\/v2\/product_brand?post=10127"},{"taxonomy":"product_cat","embeddable":true,"href":"https:\/\/mo-mo.gr\/it\/wp-json\/wp\/v2\/product_cat?post=10127"},{"taxonomy":"product_tag","embeddable":true,"href":"https:\/\/mo-mo.gr\/it\/wp-json\/wp\/v2\/product_tag?post=10127"}],"curies":[{"name":"wp","href":"https:\/\/api.w.org\/{rel}","templated":true}]}}