{"id":10041,"date":"2024-01-08T22:02:11","date_gmt":"2024-01-08T22:02:11","guid":{"rendered":"https:\/\/mo-mo.gr\/product\/the-momo-sakura-t-shirt-2-2-2\/"},"modified":"2024-12-12T14:48:42","modified_gmt":"2024-12-12T14:48:42","slug":"la-maglietta-momo-sakura-2-2-2","status":"publish","type":"product","link":"https:\/\/mo-mo.gr\/it\/\u03c0\u03c1\u03bf\u03ca\u03cc\u03bd\u03c4\u03b1\/the-momo-sakura-t-shirt-2-2-2\/","title":{"rendered":"CAMICIA FUJI"},"content":{"rendered":"<p>Il fiore Fuji, noto anche come glicine, ha un significato profondo e importante nella cultura giapponese. Questo fiore rappresenta l'estetica, la bellezza interiore e l'armonia tra la vita umana e la natura.<\/p>\n<p>Il glicine esprime il significato di bellezza quotidiana, felicit\u00e0 interiore e piacere dell'armonia naturale. La bellezza dello sbocciare del fiore rappresenta anche la semplicit\u00e0, l'umilt\u00e0 e la comprensione di come la bellezza possa essere trovata in momenti semplici e naturali.<\/p>\n<p>Inoltre, nella cultura giapponese, il fiore Fuji \u00e8 spesso associato all'armonia della famiglia, all'unit\u00e0 e alla convivenza umana. I giapponesi apprezzano il fiore come simbolo di prosperit\u00e0, pace interiore e ottimismo, affermando che la bellezza pu\u00f2 ispirare speranza e gioia nella nostra vita quotidiana.<\/p>\n<p>Il glicine viola simboleggia la nobile bellezza, la pace interiore e l'armonia, evidenziando il valore della pazienza e l'estetica della semplicit\u00e0. Con il suo caratteristico senso di viola, questo fiore porta con s\u00e9 un senso di mistero e di bellezza onirica.<\/p>","protected":false},"excerpt":{"rendered":"<p>FUJI T-SHIRT un design unico di MOMO KIDOHO, ispirato al glicine giapponese \u85e4, con il suo fascino misterioso, rappresenta l'estetica della natura giapponese e la pace interiore, riuscendo a esprimere la bellezza e l'armonia del mondo circostante.<\/p>\n<p>- Cotone 100%<\/p>\n<p>- Non specifico per genere<\/p>\n<p>- Disegni originali di @raynedarren<\/p>","protected":false},"featured_media":11847,"comment_status":"open","ping_status":"open","template":"","meta":{"_gspb_post_css":""},"product_brand":[],"product_cat":[96],"product_tag":[],"class_list":{"0":"post-10041","1":"product","2":"type-product","3":"status-publish","4":"has-post-thumbnail","6":"product_cat-t-shirts","7":"pa_-large","8":"pa_-medium","9":"pa_-small","10":"pa_-xtra-large","11":"pa_-xtra-small","12":"pa_-xxl","13":"pa_-85","15":"first","16":"instock","17":"taxable","18":"shipping-taxable","19":"purchasable","20":"product-type-variable"},"_links":{"self":[{"href":"https:\/\/mo-mo.gr\/it\/wp-json\/wp\/v2\/product\/10041","targetHints":{"allow":["GET"]}}],"collection":[{"href":"https:\/\/mo-mo.gr\/it\/wp-json\/wp\/v2\/product"}],"about":[{"href":"https:\/\/mo-mo.gr\/it\/wp-json\/wp\/v2\/types\/product"}],"replies":[{"embeddable":true,"href":"https:\/\/mo-mo.gr\/it\/wp-json\/wp\/v2\/comments?post=10041"}],"wp:featuredmedia":[{"embeddable":true,"href":"https:\/\/mo-mo.gr\/it\/wp-json\/wp\/v2\/media\/11847"}],"wp:attachment":[{"href":"https:\/\/mo-mo.gr\/it\/wp-json\/wp\/v2\/media?parent=10041"}],"wp:term":[{"taxonomy":"product_brand","embeddable":true,"href":"https:\/\/mo-mo.gr\/it\/wp-json\/wp\/v2\/product_brand?post=10041"},{"taxonomy":"product_cat","embeddable":true,"href":"https:\/\/mo-mo.gr\/it\/wp-json\/wp\/v2\/product_cat?post=10041"},{"taxonomy":"product_tag","embeddable":true,"href":"https:\/\/mo-mo.gr\/it\/wp-json\/wp\/v2\/product_tag?post=10041"}],"curies":[{"name":"wp","href":"https:\/\/api.w.org\/{rel}","templated":true}]}}