{"id":10025,"date":"2024-01-08T21:58:48","date_gmt":"2024-01-08T21:58:48","guid":{"rendered":"https:\/\/mo-mo.gr\/product\/kiku-t-shirt\/"},"modified":"2024-12-12T14:48:44","modified_gmt":"2024-12-12T14:48:44","slug":"maglietta-kiku","status":"publish","type":"product","link":"https:\/\/mo-mo.gr\/it\/\u03c0\u03c1\u03bf\u03ca\u03cc\u03bd\u03c4\u03b1\/kiku-t-shirt\/","title":{"rendered":"MAGLIETTA KIKU"},"content":{"rendered":"<div class=\"woocommerce-product-details__short-description\">\n<p>Il crisantemo giapponese, noto come \"kiku\", rappresenta un significato profondo e prezioso nella cultura giapponese. \u00c8 un simbolo di longevit\u00e0, fortuna e onore, che collega il popolo giapponese ai valori di resilienza e beatitudine. I giapponesi celebrano la Festa del Crisantemo in aprile, dedicando questo fiore in segno di apprezzamento e rispetto per gli anziani. Con ogni variet\u00e0 che porta con s\u00e9 significati diversi, il crisantemo rappresenta un ricco patrimonio, essendo un'affascinante espressione della profonda filosofia e dello spirito giapponese.<\/p>\n<\/div>\n<p>Un'antica leggenda sul crisantemo giapponese racconta la storia di una giovane principessa, Kiku, che viveva in un regno lontano. Kiku, con la sua bellezza che rifletteva il bagliore del sole, era anche nota per il suo cuore gentile e la sua saggezza.<\/p>\n<p>Un viaggiatore sconosciuto arriv\u00f2 nel regno di Kiku, portando con s\u00e9 un piccolo e spaventato crisantemo. Questo fiore, bellissimo ma sconosciuto ai fiori circostanti, era stato cresciuto con cura e amore dal viaggiatore.<\/p>\n<p>Kiku, colpita da quel fiore luminoso ma curioso, inizi\u00f2 a prendersene cura con devozione. Ogni giorno il fiore germogliava nuove foglie e fiori che irradiavano una luce speciale. Kiku sorprese tutti per il modo in cui fece irradiare questo fiore unico dal giardino del suo palazzo.<\/p>\n<p>Un giorno, il viaggiatore rivel\u00f2 la verit\u00e0: il crisantemo era un miracolo, un dono degli dei che portava fortuna e felicit\u00e0. Da allora, il crisantemo \u00e8 diventato un simbolo di speranza e ottimismo per il regno di Kiku, illuminando la vita della gente con la sua bellezza e il suo mistero. Da quel giorno, il crisantemo giapponese rappresenta la fortuna, la benedizione e la bellezza senza limiti in ogni angolo del regno.<\/p>","protected":false},"excerpt":{"rendered":"<div class=\"woocommerce-product-details__short-description\">\n<p>KIKU T-SHIRT un design unico di MOMO KIDOHO, ispirato al crisantemo giapponese, simbolo di longevit\u00e0, fortuna e onore.<\/p>\n<p>- Cotone 100%<\/p>\n<p>- Non specifico per genere<\/p>\n<p>- Disegni originali di @raynedarren<\/p>\n<\/div>","protected":false},"featured_media":11833,"comment_status":"open","ping_status":"open","template":"","meta":{"_gspb_post_css":""},"product_brand":[],"product_cat":[96],"product_tag":[],"class_list":{"0":"post-10025","1":"product","2":"type-product","3":"status-publish","4":"has-post-thumbnail","6":"product_cat-t-shirts","7":"pa_-large","8":"pa_-medium","9":"pa_-small","10":"pa_-xtra-large","11":"pa_-xtra-small","12":"pa_-xxl","13":"pa_-85","15":"first","16":"instock","17":"taxable","18":"shipping-taxable","19":"purchasable","20":"product-type-variable"},"_links":{"self":[{"href":"https:\/\/mo-mo.gr\/it\/wp-json\/wp\/v2\/product\/10025","targetHints":{"allow":["GET"]}}],"collection":[{"href":"https:\/\/mo-mo.gr\/it\/wp-json\/wp\/v2\/product"}],"about":[{"href":"https:\/\/mo-mo.gr\/it\/wp-json\/wp\/v2\/types\/product"}],"replies":[{"embeddable":true,"href":"https:\/\/mo-mo.gr\/it\/wp-json\/wp\/v2\/comments?post=10025"}],"wp:featuredmedia":[{"embeddable":true,"href":"https:\/\/mo-mo.gr\/it\/wp-json\/wp\/v2\/media\/11833"}],"wp:attachment":[{"href":"https:\/\/mo-mo.gr\/it\/wp-json\/wp\/v2\/media?parent=10025"}],"wp:term":[{"taxonomy":"product_brand","embeddable":true,"href":"https:\/\/mo-mo.gr\/it\/wp-json\/wp\/v2\/product_brand?post=10025"},{"taxonomy":"product_cat","embeddable":true,"href":"https:\/\/mo-mo.gr\/it\/wp-json\/wp\/v2\/product_cat?post=10025"},{"taxonomy":"product_tag","embeddable":true,"href":"https:\/\/mo-mo.gr\/it\/wp-json\/wp\/v2\/product_tag?post=10025"}],"curies":[{"name":"wp","href":"https:\/\/api.w.org\/{rel}","templated":true}]}}