{"id":10016,"date":"2024-01-08T21:53:18","date_gmt":"2024-01-08T21:53:18","guid":{"rendered":"https:\/\/mo-mo.gr\/product\/japanese-t-shirt-sakura\/"},"modified":"2024-12-12T14:48:45","modified_gmt":"2024-12-12T14:48:45","slug":"maglietta-giapponese-sakura","status":"publish","type":"product","link":"https:\/\/mo-mo.gr\/it\/\u03c0\u03c1\u03bf\u03ca\u03cc\u03bd\u03c4\u03b1\/japanese-t-shirt-sakura\/","title":{"rendered":"MAGLIETTA GIAPPONESE SAKURA"},"content":{"rendered":"<p>Il ciliegio giapponese, noto anche come Sakura, \u00e8 uno dei simboli pi\u00f9 riconoscibili del Giappone. Questo bellissimo albero fiorisce ogni primavera e crea una vista spettacolare con i suoi fiori rosa.<\/p>\n<p>Il ciliegio giapponese ha una lunga storia e simboleggia bellezza, temporalit\u00e0 e rinnovamento. I giapponesi amano assistere alla fioritura dei ciliegi durante la stagione dell'Hanami, quando si riuniscono nei parchi e nei giardini per ammirare la bellezza dei fiori e celebrare l'arrivo della primavera.<\/p>\n<p>I fiori del ciliegio giapponese sono piccoli e delicati, di colore rosa brillante. Fioriscono per un breve periodo, solo poche settimane, prima di cadere a terra. Questa natura temporanea dei fiori di ciliegio sottolinea il valore di ogni momento e la bellezza che offre.<\/p>\n<p>Il ciliegio giapponese ha influenzato l'arte, la letteratura e la musica del Giappone. I dipinti tradizionali, la poesia Haiku e la musica Sakura no Uta evidenziano la bellezza e la poesia dell'albero in fiore.<\/p>\n<p>Nel complesso, il ciliegio giapponese \u00e8 un simbolo di natura, bellezza e temporalit\u00e0. La sua fioritura \u00e8 considerata un fattore importante nella cultura e nella tradizione giapponese. I giapponesi riconoscono la bellezza e la temporalit\u00e0 della vita attraverso la fioritura del ciliegio.<\/p>\n<p>La tradizionale celebrazione dell'Hanami \u00e8 un modo per i giapponesi di festeggiare la primavera e di godere della bellezza dei fiori di ciliegio. Durante l'Hanami, le persone si riuniscono nei parchi e nei giardini per fare un picnic e godersi la vista degli alberi in fiore. \u00c8 un'occasione per rilassarsi e godere della bellezza della natura.<\/p>\n<p>Il ciliegio giapponese ha influenzato anche la moda e il design. I fiori di ciliegio rosa sono un motivo popolare nell'abbigliamento, negli accessori e nell'interior design. Inoltre, l'immagine del ciliegio giapponese \u00e8 utilizzata in prodotti come ceramiche, gioielli e souvenir.<\/p>\n<p>Il ciliegio giapponese \u00e8 uno degli alberi pi\u00f9 amati del Giappone ed \u00e8 diventato un simbolo popolare in tutto il mondo. Persone di ogni et\u00e0 e cultura apprezzano la bellezza e la temporalit\u00e0 della vita che il ciliegio giapponese simboleggia.<\/p>","protected":false},"excerpt":{"rendered":"<p>JAPANESE SAKURA T-SHIRT un design unico di MOMO KIDOHO, ispirato al ciliegio giapponese, emblema dell'arte e della cultura giapponese.<\/p>\n<p>- Cotone 100%<\/p>\n<p>- Non specifico per genere<\/p>\n<p>- Disegni originali di @raynedarren<\/p>","protected":false},"featured_media":11825,"comment_status":"open","ping_status":"open","template":"","meta":{"_gspb_post_css":""},"product_brand":[],"product_cat":[96],"product_tag":[],"class_list":{"0":"post-10016","1":"product","2":"type-product","3":"status-publish","4":"has-post-thumbnail","6":"product_cat-t-shirts","7":"pa_-large","8":"pa_-medium","9":"pa_-small","10":"pa_-xtra-large","11":"pa_-xtra-small","12":"pa_-xxl","13":"pa_-85","15":"first","16":"instock","17":"featured","18":"taxable","19":"shipping-taxable","20":"purchasable","21":"product-type-variable"},"_links":{"self":[{"href":"https:\/\/mo-mo.gr\/it\/wp-json\/wp\/v2\/product\/10016","targetHints":{"allow":["GET"]}}],"collection":[{"href":"https:\/\/mo-mo.gr\/it\/wp-json\/wp\/v2\/product"}],"about":[{"href":"https:\/\/mo-mo.gr\/it\/wp-json\/wp\/v2\/types\/product"}],"replies":[{"embeddable":true,"href":"https:\/\/mo-mo.gr\/it\/wp-json\/wp\/v2\/comments?post=10016"}],"wp:featuredmedia":[{"embeddable":true,"href":"https:\/\/mo-mo.gr\/it\/wp-json\/wp\/v2\/media\/11825"}],"wp:attachment":[{"href":"https:\/\/mo-mo.gr\/it\/wp-json\/wp\/v2\/media?parent=10016"}],"wp:term":[{"taxonomy":"product_brand","embeddable":true,"href":"https:\/\/mo-mo.gr\/it\/wp-json\/wp\/v2\/product_brand?post=10016"},{"taxonomy":"product_cat","embeddable":true,"href":"https:\/\/mo-mo.gr\/it\/wp-json\/wp\/v2\/product_cat?post=10016"},{"taxonomy":"product_tag","embeddable":true,"href":"https:\/\/mo-mo.gr\/it\/wp-json\/wp\/v2\/product_tag?post=10016"}],"curies":[{"name":"wp","href":"https:\/\/api.w.org\/{rel}","templated":true}]}}