{"id":9476,"date":"2024-12-12T12:19:47","date_gmt":"2024-12-12T12:19:47","guid":{"rendered":"https:\/\/mo-mo.gr\/?page_id=9476"},"modified":"2024-12-12T12:20:28","modified_gmt":"2024-12-12T12:20:28","slug":"%cf%80%ce%b1%cf%81%ce%b1%ce%b3%ce%b3%ce%b5%ce%bb%ce%af%ce%b5%cf%82-%ce%b1%cf%80%ce%bf%cf%83%cf%84%ce%bf%ce%bb%ce%ad%cf%82","status":"publish","type":"page","link":"https:\/\/mo-mo.gr\/it\/%cf%80%ce%b1%cf%81%ce%b1%ce%b3%ce%b3%ce%b5%ce%bb%ce%af%ce%b5%cf%82-%ce%b1%cf%80%ce%bf%cf%83%cf%84%ce%bf%ce%bb%ce%ad%cf%82\/","title":{"rendered":"Ordini e spedizioni"},"content":{"rendered":"<h2 id=\"gspb_heading-id-gsbp-0eef268\" class=\"gspb_heading gspb_heading-id-gsbp-0eef268\">Ordini<\/h2>\n\n\n\n<div id=\"gspb_text-id-gsbp-8efa61e\" class=\"gspb_text gspb_text-id-gsbp-8efa61e\">Noi di mo mo offriamo un'esperienza d'ordine entusiasmante, cercando di soddisfare tutte le vostre esigenze con la massima soddisfazione. Abbiamo creato una politica chiara e trasparente per garantirvi un processo di ordinazione conveniente e affidabile.<br>La nostra politica comprende i seguenti elementi:<br><\/div>\n\n\n\n<div id=\"gspb_text-id-gsbp-0f65c6f\" class=\"gspb_text gspb_text-id-gsbp-0f65c6f\"><strong>Prodotti di alta qualit\u00e0:<\/strong> Tutti i nostri capi sono realizzati con materiali accuratamente selezionati, con particolare attenzione alla qualit\u00e0 e all'autenticit\u00e0. La nostra dedizione all'alta qualit\u00e0 vi garantisce prodotti che dureranno per molti anni.<br><strong>Variet\u00e0 di stili:<\/strong> Sappiamo che ogni cliente ha gusti e preferenze uniche. Per questo offriamo un'ampia gamma di stili, design e colori, in modo che possiate trovare esattamente quello che fa per voi e che riflette il vostro stile personale.<br><strong>Facile processo di ordinazione:<\/strong> Il nostro sito web offre un processo di ordinazione semplice e amichevole. \u00c8 sufficiente selezionare i capi desiderati, aggiungerli al carrello e completare l'ordine in modo semplice e sicuro. Siamo sempre disponibili ad assistervi via e-mail o telefono per qualsiasi domanda o richiesta.<br><strong>Spedizione e consegna veloci:<\/strong> Comprendiamo il vostro entusiasmo nel ricevere i prodotti il prima possibile. Ecco perch\u00e9 ci assicuriamo che i vostri ordini vengano elaborati e spediti in tempi rapidi, in modo che arrivino a casa vostra il prima possibile.<br><strong>Servizio clienti:<\/strong> La soddisfazione del cliente \u00e8 la nostra priorit\u00e0 assoluta. Siamo sempre a disposizione per aiutarvi, rispondere a tutte le vostre domande e risolvere qualsiasi problema che si presenti durante l'ordine o dopo la consegna.<\/div>\n\n\n\n<h2 id=\"gspb_heading-id-gsbp-d4b106a\" class=\"gspb_heading gspb_heading-id-gsbp-d4b106a\">Dispacci<\/h2>\n\n\n\n<div id=\"gspb_text-id-gsbp-04e78a9\" class=\"gspb_text gspb_text-id-gsbp-04e78a9\">Grazie per aver scelto mo mo per i vostri acquisti! Desideriamo informarvi sulla nostra politica e procedura di spedizione per assicurarvi un'esperienza di acquisto confortevole e senza intoppi.<br>Politica di missione:<br><\/div>\n\n\n\n<h3 id=\"gspb_heading-id-gsbp-3e80893\" class=\"gspb_heading gspb_heading-id-gsbp-3e80893\">Politica di missione<\/h3>\n\n\n\n<div id=\"gspb_text-id-gsbp-7f8c074\" class=\"gspb_text gspb_text-id-gsbp-7f8c074\"><strong>Spedizione in tutta la Grecia:<\/strong> Siamo orgogliosi di offrire spedizioni in tutte le regioni della Grecia. Non importa dove vi troviate, potrete godervi il vostro abbigliamento giapponese preferito grazie alla consegna a domicilio.<br><strong>Missione in Europa:<\/strong> Siamo orgogliosi di offrire spedizioni in tutti i paesi europei. Non importa dove vi troviate, potrete godervi i vostri capi giapponesi preferiti grazie alla consegna a domicilio.<br><strong>Prezzi di spedizione:<\/strong> Le tariffe di spedizione sono calcolate in base alla destinazione e al peso dell'ordine. Durante il processo di completamento dell'ordine, verr\u00e0 visualizzato il prezzo di spedizione esatto.<br><strong>Tempi di consegna:<\/strong> Ci impegniamo a elaborare l'ordine il pi\u00f9 rapidamente possibile. Il tempo di consegna stimato dipende dalla destinazione e dai servizi di trasporto locali. In genere, i tempi di consegna variano da 5 a 10 giorni lavorativi.<\/div>\n\n\n\n<h3 id=\"gspb_heading-id-gsbp-4334d92\" class=\"gspb_heading gspb_heading-id-gsbp-4334d92\">Procedura di spedizione<\/h3>\n\n\n\n<div id=\"gspb_text-id-gsbp-08a04d8\" class=\"gspb_text gspb_text-id-gsbp-08a04d8\"><strong>Elaborazione dell'ordine:<\/strong> Dopo aver completato l'ordine, il nostro team lo elaborer\u00e0 con cura e amore. Controlliamo la qualit\u00e0 dei prodotti e li imballiamo con cura per un trasporto sicuro.<br><strong>Dispacciamento e monitoraggio:<\/strong> Una volta spedito l'ordine, riceverete un numero di tracciamento per monitorare l'avanzamento dell'ordine fino alla sua destinazione. \u00c8 possibile utilizzare questo numero per verificare la stima dell'arrivo.<br><strong>Consegna:<\/strong> All'arrivo dell'ordine, riceverete il pacco a casa vostra. Vi consigliamo di controllare i prodotti per verificare che siano in ottime condizioni e che soddisfino le vostre aspettative.<br><\/div>\n\n\n\n<div id=\"gspb_text-id-gsbp-e818523\" class=\"gspb_text gspb_text-id-gsbp-e818523\">Per qualsiasi domanda o necessit\u00e0 di assistenza, non esitate a contattare il nostro servizio clienti. Siamo qui per aiutarvi e assicurarci che la vostra spedizione vada a buon fine e che riceviate i vostri prodotti con comodit\u00e0 e piacere.<br>Grazie per la vostra fiducia in mo mo!<\/div>","protected":false},"excerpt":{"rendered":"","protected":false},"author":187,"featured_media":0,"parent":0,"menu_order":0,"comment_status":"closed","ping_status":"closed","template":"","meta":{"_gspb_post_css":"","footnotes":""},"class_list":["post-9476","page","type-page","status-publish","hentry"],"blocksy_meta":[],"_links":{"self":[{"href":"https:\/\/mo-mo.gr\/it\/wp-json\/wp\/v2\/pages\/9476","targetHints":{"allow":["GET"]}}],"collection":[{"href":"https:\/\/mo-mo.gr\/it\/wp-json\/wp\/v2\/pages"}],"about":[{"href":"https:\/\/mo-mo.gr\/it\/wp-json\/wp\/v2\/types\/page"}],"author":[{"embeddable":true,"href":"https:\/\/mo-mo.gr\/it\/wp-json\/wp\/v2\/users\/187"}],"replies":[{"embeddable":true,"href":"https:\/\/mo-mo.gr\/it\/wp-json\/wp\/v2\/comments?post=9476"}],"version-history":[{"count":0,"href":"https:\/\/mo-mo.gr\/it\/wp-json\/wp\/v2\/pages\/9476\/revisions"}],"wp:attachment":[{"href":"https:\/\/mo-mo.gr\/it\/wp-json\/wp\/v2\/media?parent=9476"}],"curies":[{"name":"wp","href":"https:\/\/api.w.org\/{rel}","templated":true}]}}