{"id":9469,"date":"2024-12-12T12:05:27","date_gmt":"2024-12-12T12:05:27","guid":{"rendered":"https:\/\/mo-mo.gr\/?page_id=9469"},"modified":"2025-03-05T10:36:03","modified_gmt":"2025-03-05T08:36:03","slug":"%cf%84%cf%81%cf%8c%cf%80%ce%bf%ce%b9-%cf%80%ce%bb%ce%b7%cf%81%cf%89%ce%bc%ce%ae%cf%82","status":"publish","type":"page","link":"https:\/\/mo-mo.gr\/it\/%cf%84%cf%81%cf%8c%cf%80%ce%bf%ce%b9-%cf%80%ce%bb%ce%b7%cf%81%cf%89%ce%bc%ce%ae%cf%82\/","title":{"rendered":"Metodi di pagamento"},"content":{"rendered":"<div id=\"gspb_text-id-gsbp-61d7f10\" class=\"gspb_text gspb_text-id-gsbp-61d7f10\">In MOMO KIDOHO copriamo tutte le esigenze dei clienti, offrendo numerose opzioni di pagamento, con sicurezza e affidabilit\u00e0.<br>Assicuratevi di scegliere il metodo di pagamento pi\u00f9 conveniente per il vostro acquisto. Offriamo diversi metodi di pagamento per la vostra comodit\u00e0:<br><br>1. **<strong>Carta di credito\/debito<\/strong>**: Accettiamo pagamenti tramite Visa, Mastercard e American Express. \u00c8 sufficiente inserire i dati della carta al momento del pagamento.<br><br>2. **<strong>Bonifico bancario<\/strong>**: \u00c8 possibile pagare tramite bonifico bancario. Riceverete le informazioni necessarie sul conto bancario al termine dell'ordine.<br><br>3. **<strong>Sostituzione<\/strong>**: \u00c8 possibile pagare il distributore alla consegna dell'ordine. (nota: i prodotti su ordinazione non sono inclusi in questa modalit\u00e0). Il pagamento in contrassegno prevede un costo aggiuntivo di 1,60 euro pi\u00f9 IVA.<br><br>4. **<strong>Sistema IRIS<\/strong>**: Utilizzate il sistema IRIS per pagamenti sicuri e veloci tramite conto bancario.<br>Se avete domande o dubbi sui metodi di pagamento, non esitate a contattarci. Siamo qui per aiutarvi!<br><\/div>\n\n\n\n<p>5. <strong>**PayPal**<\/strong>Potete pagare in modo semplice e sicuro tramite <strong>PayPal<\/strong>senza dover inserire i dati della carta. Selezionate PayPal al momento del pagamento e sarete reindirizzati alla piattaforma di pagamento sicuro di PayPal.<\/p>","protected":false},"excerpt":{"rendered":"<p>5. **PayPal**: \u039c\u03c0\u03bf\u03c1\u03b5\u03af\u03c4\u03b5 \u03bd\u03b1 \u03c0\u03bb\u03b7\u03c1\u03ce\u03c3\u03b5\u03c4\u03b5 \u03b5\u03cd\u03ba\u03bf\u03bb\u03b1 \u03ba\u03b1\u03b9 \u03bc\u03b5 \u03b1\u03c3\u03c6\u03ac\u03bb\u03b5\u03b9\u03b1 \u03bc\u03ad\u03c3\u03c9 PayPal, \u03c7\u03c9\u03c1\u03af\u03c2 \u03bd\u03b1 \u03c7\u03c1\u03b5\u03b9\u03ac\u03b6\u03b5\u03c4\u03b1\u03b9 \u03bd\u03b1 \u03b5\u03b9\u03c3\u03ac\u03b3\u03b5\u03c4\u03b5 \u03c4\u03b1 \u03c3\u03c4\u03bf\u03b9\u03c7\u03b5\u03af\u03b1 \u03c4\u03b7\u03c2 \u03ba\u03ac\u03c1\u03c4\u03b1\u03c2 \u03c3\u03b1\u03c2. \u0395\u03c0\u03b9\u03bb\u03ad\u03be\u03c4\u03b5 \u03c4\u03bf PayPal \u03ba\u03b1\u03c4\u03ac \u03c4\u03b7\u03bd \u03bf\u03bb\u03bf\u03ba\u03bb\u03ae\u03c1\u03c9\u03c3\u03b7 \u03c4\u03b7\u03c2 \u03b1\u03b3\u03bf\u03c1\u03ac\u03c2 \u03ba\u03b1\u03b9 \u03b8\u03b1 \u03bc\u03b5\u03c4\u03b1\u03c6\u03b5\u03c1\u03b8\u03b5\u03af\u03c4\u03b5 \u03c3\u03c4\u03b7\u03bd \u03b1\u03c3\u03c6\u03b1\u03bb\u03ae \u03c0\u03bb\u03b1\u03c4\u03c6\u03cc\u03c1\u03bc\u03b1 \u03c0\u03bb\u03b7\u03c1\u03c9\u03bc\u03ce\u03bd \u03c4\u03bf\u03c5 PayPal.<\/p>","protected":false},"author":187,"featured_media":0,"parent":0,"menu_order":0,"comment_status":"closed","ping_status":"closed","template":"","meta":{"_gspb_post_css":"","footnotes":""},"class_list":["post-9469","page","type-page","status-publish","hentry"],"blocksy_meta":[],"_links":{"self":[{"href":"https:\/\/mo-mo.gr\/it\/wp-json\/wp\/v2\/pages\/9469","targetHints":{"allow":["GET"]}}],"collection":[{"href":"https:\/\/mo-mo.gr\/it\/wp-json\/wp\/v2\/pages"}],"about":[{"href":"https:\/\/mo-mo.gr\/it\/wp-json\/wp\/v2\/types\/page"}],"author":[{"embeddable":true,"href":"https:\/\/mo-mo.gr\/it\/wp-json\/wp\/v2\/users\/187"}],"replies":[{"embeddable":true,"href":"https:\/\/mo-mo.gr\/it\/wp-json\/wp\/v2\/comments?post=9469"}],"version-history":[{"count":0,"href":"https:\/\/mo-mo.gr\/it\/wp-json\/wp\/v2\/pages\/9469\/revisions"}],"wp:attachment":[{"href":"https:\/\/mo-mo.gr\/it\/wp-json\/wp\/v2\/media?parent=9469"}],"curies":[{"name":"wp","href":"https:\/\/api.w.org\/{rel}","templated":true}]}}