{"id":9465,"date":"2024-12-12T12:01:11","date_gmt":"2024-12-12T12:01:11","guid":{"rendered":"https:\/\/mo-mo.gr\/?page_id=9465"},"modified":"2024-12-12T12:04:19","modified_gmt":"2024-12-12T12:04:19","slug":"%cf%80%ce%bf%ce%bb%ce%b9%cf%84%ce%b9%ce%ba%ce%ae-%ce%b5%cf%80%ce%b9%cf%83%cf%84%cf%81%ce%bf%cf%86%cf%8e%ce%bd","status":"publish","type":"page","link":"https:\/\/mo-mo.gr\/it\/%cf%80%ce%bf%ce%bb%ce%b9%cf%84%ce%b9%ce%ba%ce%ae-%ce%b5%cf%80%ce%b9%cf%83%cf%84%cf%81%ce%bf%cf%86%cf%8e%ce%bd\/","title":{"rendered":"Politica di restituzione"},"content":{"rendered":"<div id=\"gspb_text-id-gsbp-cb2249f\" class=\"gspb_text gspb_text-id-gsbp-cb2249f\">Grazie per aver scelto mo mo per i vostri acquisti! Siamo consapevoli che possono verificarsi casi in cui \u00e8 necessario restituire i prodotti e desideriamo informarvi sulla nostra politica e procedura di restituzione.<\/div>\n\n\n\n<h2 id=\"gspb_heading-id-gsbp-8ecb560\" class=\"gspb_heading gspb_heading-id-gsbp-8ecb560\">Politica di restituzione<\/h2>\n\n\n\n<div id=\"gspb_text-id-gsbp-14a4da8\" class=\"gspb_text gspb_text-id-gsbp-14a4da8\"><strong>Accettazione della restituzione:<\/strong> Accettiamo la restituzione dei prodotti in caso di prodotti indesiderati o difettosi. Vi consigliamo di contattarci entro 14 giorni dalla ricezione del prodotto per richiedere un reso.<br><strong>Stato del prodotto:<\/strong> Affinch\u00e9 possiamo accettare un reso, il prodotto deve essere in condizioni nuove, non utilizzato e deve conservare tutte le etichette e gli imballaggi originali.<br><strong>Indennizzo o sostituzione:<\/strong> \u00c8 possibile scegliere tra un rimborso o una sostituzione del prodotto restituito. In caso di restituzione dovuta a un prodotto difettoso, rimborseremo l'intero importo pagato.<\/div>\n\n\n\n<h2 id=\"gspb_heading-id-gsbp-bfb5b3f\" class=\"gspb_heading gspb_heading-id-gsbp-bfb5b3f\">Procedura di restituzione<\/h2>\n\n\n\n<div id=\"gspb_text-id-gsbp-bcb0895\" class=\"gspb_text gspb_text-id-gsbp-bcb0895\"><strong>Contatto:<\/strong> Contattare il nostro servizio clienti per richiedere un rimborso. Vi forniremo le istruzioni necessarie e l'indirizzo per la spedizione del prodotto.<br><strong>Monitoraggio e valutazione:<\/strong> Una volta ricevuto il prodotto restituito, lo controlleremo per verificarne le condizioni. Questa operazione potrebbe richiedere alcuni giorni lavorativi.<br><strong>Elaborazione del reso:<\/strong> Se le condizioni di restituzione sono soddisfatte, procederemo al rimborso o alla sostituzione del prodotto in base alla vostra scelta.<\/div>\n\n\n\n<div id=\"gspb_text-id-gsbp-57e2131\" class=\"gspb_text gspb_text-id-gsbp-57e2131\">Per ulteriori informazioni o domande, si prega di contattare il nostro servizio clienti. Ci auguriamo che la vostra esperienza di acquisto sia unica e soddisfacente.<br>Grazie per la vostra fiducia in mo mo!<\/div>\n\n\n\n<h2 id=\"gspb_heading-id-gsbp-3375ed8\" class=\"gspb_heading gspb_heading-id-gsbp-3375ed8\">Cambiamenti<\/h2>\n\n\n\n<div id=\"gspb_text-id-gsbp-acf24f3\" class=\"gspb_text gspb_text-id-gsbp-acf24f3\">Grazie per aver acquistato prodotti da mo mo! Siamo consapevoli che a volte \u00e8 necessario cambiare i prodotti e desideriamo informarvi della nostra politica e procedura per le modifiche.<\/div>\n\n\n\n<h2 id=\"gspb_heading-id-gsbp-2b2da6b\" class=\"gspb_heading gspb_heading-id-gsbp-2b2da6b\">Politica del cambiamento<\/h2>\n\n\n\n<div id=\"gspb_text-id-gsbp-a670010\" class=\"gspb_text gspb_text-id-gsbp-a670010\"><strong>Accettazione delle modifiche:<\/strong> Accettiamo cambi di prodotto, a condizione che il prodotto sia in perfette condizioni e conservi tutte le etichette e gli imballaggi originali.<br><strong>Tempistica delle modifiche:<\/strong> Si consiglia di contattarci entro 14 giorni dalla ricezione del prodotto per richiederne la sostituzione. Dipende dalla disponibilit\u00e0 del prodotto sostitutivo.<br><strong>Opzioni di scambio:<\/strong> Durante il processo di sostituzione, \u00e8 possibile scegliere tra i prodotti sostitutivi disponibili. In caso di indisponibilit\u00e0, \u00e8 possibile scegliere un altro prodotto della nostra collezione o ricevere un importo corrispondente come credito sul proprio conto.<\/div>\n\n\n\n<h2 id=\"gspb_heading-id-gsbp-08c5d3a\" class=\"gspb_heading gspb_heading-id-gsbp-08c5d3a\">I termini delle modifiche<\/h2>\n\n\n\n<div id=\"gspb_text-id-gsbp-df56f26\" class=\"gspb_text gspb_text-id-gsbp-df56f26\">Il prodotto deve essere restituito in condizioni nuove, non utilizzato e con tutte le etichette e gli imballaggi originali.<br>Le spese di spedizione per la restituzione del prodotto e la spedizione del nuovo prodotto sono a carico del cliente (a meno che non si tratti di un difetto o di un errore da parte nostra).<br>Se il prezzo del nuovo prodotto \u00e8 pi\u00f9 alto, la differenza deve essere coperta.<br>Per richiedere la modifica di un prodotto o per ulteriori domande, si prega di contattare il nostro servizio clienti. Ci auguriamo che questa politica di modifica vi fornisca un'esperienza di acquisto confortevole presso mo mo!<\/div>","protected":false},"excerpt":{"rendered":"","protected":false},"author":187,"featured_media":0,"parent":0,"menu_order":0,"comment_status":"closed","ping_status":"closed","template":"","meta":{"_gspb_post_css":"","footnotes":""},"class_list":["post-9465","page","type-page","status-publish","hentry"],"blocksy_meta":[],"_links":{"self":[{"href":"https:\/\/mo-mo.gr\/it\/wp-json\/wp\/v2\/pages\/9465","targetHints":{"allow":["GET"]}}],"collection":[{"href":"https:\/\/mo-mo.gr\/it\/wp-json\/wp\/v2\/pages"}],"about":[{"href":"https:\/\/mo-mo.gr\/it\/wp-json\/wp\/v2\/types\/page"}],"author":[{"embeddable":true,"href":"https:\/\/mo-mo.gr\/it\/wp-json\/wp\/v2\/users\/187"}],"replies":[{"embeddable":true,"href":"https:\/\/mo-mo.gr\/it\/wp-json\/wp\/v2\/comments?post=9465"}],"version-history":[{"count":0,"href":"https:\/\/mo-mo.gr\/it\/wp-json\/wp\/v2\/pages\/9465\/revisions"}],"wp:attachment":[{"href":"https:\/\/mo-mo.gr\/it\/wp-json\/wp\/v2\/media?parent=9465"}],"curies":[{"name":"wp","href":"https:\/\/api.w.org\/{rel}","templated":true}]}}