{"id":9457,"date":"2024-12-12T11:52:48","date_gmt":"2024-12-12T11:52:48","guid":{"rendered":"https:\/\/mo-mo.gr\/?page_id=9457"},"modified":"2024-12-12T11:56:13","modified_gmt":"2024-12-12T11:56:13","slug":"%cf%80%ce%bf%ce%bb%ce%b9%cf%84%ce%b9%ce%ba%ce%ae-%ce%b1%cf%80%ce%bf%cf%81%cf%81%ce%ae%cf%84%ce%bf%cf%85","status":"publish","type":"page","link":"https:\/\/mo-mo.gr\/it\/%cf%80%ce%bf%ce%bb%ce%b9%cf%84%ce%b9%ce%ba%ce%ae-%ce%b1%cf%80%ce%bf%cf%81%cf%81%ce%ae%cf%84%ce%bf%cf%85\/","title":{"rendered":"Informativa sulla privacy"},"content":{"rendered":"<div id=\"gspb_text-id-gsbp-df510c7\" class=\"gspb_text gspb_text-id-gsbp-df510c7\">Noi di mo-mo.gr ci impegniamo a rispettare e preservare la vostra privacy, apprezzando la fiducia che ci dimostrate. La \"Politica sulla privacy\" e la \"Politica sui cookie\" hanno lo scopo di garantire che tutti i dati personali raccolti da mo-mo.gr (di seguito denominato \"sito web\") siano da noi protetti, utilizzati, conservati ed elaborati ai fini della comunicazione tra noi e della fornitura di servizi, sempre nel rispetto della normativa applicabile in materia di protezione dei dati personali (Regolamento (UE) 2016\/679).<\/div>\n\n\n\n<div id=\"gspb_text-id-gsbp-cdab9dc\" class=\"gspb_text gspb_text-id-gsbp-cdab9dc\">Dovete sapere che raccogliamo i vostri dati direttamente da voi:<br>- quando vi iscrivete alla nostra newsletter.<br>- quando si partecipa a concorsi ed estrazioni a premi.<br>- quando si compila la richiesta di offerta o il modulo di contatto.<br>- se desiderate ricevere aggiornamenti personalizzati come annunci mirati.<br>- se ci contattate (ad esempio, per telefono, via e-mail o con qualsiasi altro mezzo) per chiedere informazioni su uno qualsiasi dei nostri prodotti o servizi o sul servizio clienti o per segnalare un problema con il sito web o altro.<\/div>\n\n\n\n<h2 id=\"gspb_heading-id-gsbp-2945a9b\" class=\"gspb_heading gspb_heading-id-gsbp-2945a9b\">Generale<\/h2>\n\n\n\n<div id=\"gspb_text-id-gsbp-fc883c9\" class=\"gspb_text gspb_text-id-gsbp-fc883c9\">Il sito web mo-mo.gr (il \"sito web\") informa l'utente sulle politiche relative alla raccolta, all'uso e alla divulgazione dei dati personali quando utilizza il nostro sito web e sulle scelte associate a tali dati.<br>Utilizziamo i vostri dati per elaborare le vostre richieste e migliorare il nostro sito web. Utilizzando il sito web, l'utente accetta la raccolta e l'utilizzo delle informazioni in conformit\u00e0 con la presente politica.<br>Il sito web della nostra azienda \u00e8 stato progettato per rispettare la seguente legislazione nazionale e internazionale in materia di protezione dei dati e della privacy degli utenti:<br>Direttiva UE sulla protezione dei dati del 1995 (DPD)<br>Regolamento generale sulla protezione dei dati UE 2018 (GDPR)<br>La conformit\u00e0 di questo sito web alla legislazione sopra citata implica la conformit\u00e0 di questo sito web alla legislazione sulla protezione dei dati e sulla privacy degli utenti, che \u00e8 stata emanata in altri paesi e territori.<\/div>\n\n\n\n<h2 id=\"gspb_heading-id-gsbp-7b4b75b\" class=\"gspb_heading gspb_heading-id-gsbp-7b4b75b\">Raccolta e utilizzo delle informazioni<\/h2>\n\n\n\n<div id=\"gspb_text-id-gsbp-031d952\" class=\"gspb_text gspb_text-id-gsbp-031d952\">Raccogliamo diversi tipi di informazioni per vari scopi, al fine di fornire e migliorare il nostro sito web agli utenti.<br>Raccogliamo inoltre i dati dell'ordine solo per l'utilizzo e l'elaborazione della consegna dell'ordine.<\/div>\n\n\n\n<h2 id=\"gspb_heading-id-gsbp-e3b8807\" class=\"gspb_heading gspb_heading-id-gsbp-e3b8807\">Tipi di dati raccolti - Dati personali<\/h2>\n\n\n\n<div id=\"gspb_text-id-gsbp-16d275a\" class=\"gspb_text gspb_text-id-gsbp-16d275a\">Quando utilizzate il nostro sito web, potremmo chiedervi di fornirci alcune informazioni personali (\"Dati personali\") che potrebbero essere utilizzate per contattarvi o identificarvi al fine di elaborare la vostra richiesta o contattarvi. Le informazioni registrate e memorizzate sono le seguenti:<br>Nome, cognome, e-mail, telefono, richieste\/messaggi, cookie e dati di utilizzo.<\/div>\n\n\n\n<h2 id=\"gspb_heading-id-gsbp-119b723\" class=\"gspb_heading gspb_heading-id-gsbp-119b723\">Dati di utilizzo<\/h2>\n\n\n\n<div id=\"gspb_text-id-gsbp-31c0562\" class=\"gspb_text gspb_text-id-gsbp-31c0562\">Possiamo anche raccogliere informazioni sulle modalit\u00e0 di accesso e utilizzo del sito web (\"Dati di utilizzo\").<br>Questi Dati di utilizzo possono includere informazioni quali l'indirizzo del protocollo Internet del computer (ad esempio, l'indirizzo IP), il tipo di browser, la versione del browser, le pagine del sito web visitate, l'ora e la data della visita, il tempo trascorso su tali pagine, gli identificatori del dispositivo e altri dati diagnostici.<\/div>\n\n\n\n<h2 id=\"gspb_heading-id-gsbp-729c552\" class=\"gspb_heading gspb_heading-id-gsbp-729c552\">GDPR<\/h2>\n\n\n\n<div id=\"gspb_text-id-gsbp-85a8f7c\" class=\"gspb_text gspb_text-id-gsbp-85a8f7c\">Data la natura internazionalizzata di Internet e il suo volume, qualsiasi danno diretto, conseguente, incidentale, indiretto o consequenziale derivante dall'accesso di qualsiasi utente a mo-mo.gr o dal suo utilizzo, compreso il caso di negligenza, non d\u00e0 luogo a responsabilit\u00e0 della societ\u00e0 o dei suoi dirigenti. Si consiglia agli utenti di utilizzare un software per proteggersi da virus informatici e altri tipi di malware.<br><br>La societ\u00e0 non \u00e8 responsabile per danni e spese derivanti dall'uso di mo-mo.gr o dall'impossibilit\u00e0 di usarlo, da parte di qualsiasi persona, o in relazione all'impossibilit\u00e0 di eseguire, a errori, omissioni, interruzioni, difetti, ritardi nel funzionamento o nella trasmissione o a guasti della linea di sistema. Nel caso in cui il computer o altro supporto elettronico utilizzato da un utente per accedere\/visitare\/utilizzare o scaricare qualsiasi materiale, dato, testo, immagine, video o audio del suo contenuto venga danneggiato o infettato da virus elettronici, la Societ\u00e0 non sar\u00e0 responsabile in alcun modo.<br><br>I servizi disponibili attraverso il sito web sono forniti agli utenti dell'e-shop \"cos\u00ec come sono\". La societ\u00e0 non garantisce che il contenuto di mo-mo.gr e la qualit\u00e0 dei servizi forniti soddisfino i requisiti e le aspettative degli utenti. L'azienda non si assume alcuna responsabilit\u00e0 per eventuali rivendicazioni legali o civili o penali relative al funzionamento o all'uso di mo-mo.gr, n\u00e9 per eventuali danni, di qualsiasi tipo, causati dai visitatori del sito web o da terzi.<br><br>L'azienda non \u00e8 responsabile n\u00e9 si assume alcun tipo di obbligo di risarcimento per qualsiasi reclamo relativo al contenuto di mo-mo.gr, n\u00e9 per qualsiasi errore, semplice o diffamazione, insulto, ingiuria, omissione, menzogna, profanit\u00e0, pornografia, blasfemia, pericolo o inesattezza riscontrata nel suo contenuto.<\/div>\n\n\n\n<h2 id=\"gspb_heading-id-gsbp-d55ecbe\" class=\"gspb_heading gspb_heading-id-gsbp-d55ecbe\">Legge applicabile e altri termini<\/h2>\n\n\n\n<div id=\"gspb_text-id-gsbp-3465e0e\" class=\"gspb_text gspb_text-id-gsbp-3465e0e\"><strong>Termini del consenso:<\/strong> Trattiamo i vostri dati dopo che avete dato il vostro consenso. Avete il diritto di ritirare il vostro consenso in qualsiasi momento.<br><br><strong>Diritto di accesso:<\/strong> L'utente ha il diritto di ottenere da noi la conferma che i suoi dati vengono trattati.<br><br><strong>Diritto di rettifica:<\/strong> Avete il diritto di ottenere da noi, senza indebito ritardo, la rettifica dei dati personali inesatti che vi riguardano.<br><br><strong>Diritto alla cancellazione:<\/strong> Avete il diritto di chiederci di cancellare i dati personali che vi riguardano e noi abbiamo l'obbligo di cancellare i dati personali senza ritardi ingiustificati.<br><br><strong>Diritto di limitare il trattamento:<\/strong> Avete il diritto di chiederci di limitare il trattamento dei vostri dati.<br><br><strong>Diritto alla portabilit\u00e0 dei dati:<\/strong> Avete il diritto di ricevere da noi i dati personali che ci avete fornito in un formato strutturato, comunemente usato e leggibile da una macchina e avete il diritto di trasferire questi dati a un altro controllore.<\/div>\n\n\n\n<h2 id=\"gspb_heading-id-gsbp-47571d4\" class=\"gspb_heading gspb_heading-id-gsbp-47571d4\">Utilizzo dei dati<\/h2>\n\n\n\n<div id=\"gspb_text-id-gsbp-29e3627\" class=\"gspb_text gspb_text-id-gsbp-29e3627\">Il sito web mo-mo.gr utilizza i dati raccolti per vari scopi, quali: fornire e mantenere il sito web, notificare gli aggiornamenti del sito web, consentire all'utente di partecipare alle funzioni interattive del nostro sito web quando lo sceglie (moduli di contatto, ecc.), fornire assistenza ai clienti, analizzare le informazioni in modo da poter migliorare il sito web.<br>- Monitoraggio dell'utilizzo del sito web.<br>- Identificare, prevenire e risolvere i problemi tecnici.<\/div>\n\n\n\n<h2 id=\"gspb_heading-id-gsbp-0b31d18\" class=\"gspb_heading gspb_heading-id-gsbp-0b31d18\">Trasferimento dati<\/h2>\n\n\n\n<div id=\"gspb_text-id-gsbp-cafe457\" class=\"gspb_text gspb_text-id-gsbp-cafe457\">Non trasferiamo i vostri dati personali a terzi. Le vostre informazioni, compresi i Dati personali, possono essere trasferite a - e mantenute su - computer situati al di fuori del vostro stato, provincia, paese o altra giurisdizione governativa, dove le leggi sulla protezione dei dati possono differire da quelle della vostra giurisdizione.<br>Il sito web mo-mo.gr adotter\u00e0 tutte le misure necessarie per garantire che i vostri dati siano gestiti in modo sicuro e in conformit\u00e0 con la presente Informativa sulla privacy e non trasferir\u00e0 i vostri dati personali a un'organizzazione o a un paese a meno che non siano in atto controlli adeguati, tra cui la sicurezza dei dati e altre informazioni personali.<br>- Monitoraggio dell'utilizzo del sito web.<br>- Identificare, prevenire e risolvere i problemi tecnici.<\/div>\n\n\n\n<h2 id=\"gspb_heading-id-gsbp-2a59555\" class=\"gspb_heading gspb_heading-id-gsbp-2a59555\">Tracciamento delle visite al sito web<\/h2>\n\n\n\n<div id=\"gspb_text-id-gsbp-1a411b9\" class=\"gspb_text gspb_text-id-gsbp-1a411b9\">Come la maggior parte dei siti web, il nostro sito utilizza Google Analytics (GA) per monitorare le interazioni degli utenti.<br>Utilizziamo questi dati per determinare il numero di persone che utilizzano il nostro sito web, per capire meglio come trovano e utilizzano i nostri siti web e per visualizzare il loro percorso attraverso il sito web.<br>Sebbene GA registri dati quali la posizione geografica, il dispositivo, il browser Internet e il sistema operativo dell'utente, nessuna di queste informazioni lo identifica personalmente.<br>GA registra anche l'indirizzo IP del vostro computer, che potrebbe essere utilizzato per identificarvi personalmente, ma Google non ci d\u00e0 accesso a questo dato.<br>Consideriamo Google un elaboratore di dati di terze parti.<br>GA utilizza dei cookie, i cui dettagli sono disponibili nelle guide per gli sviluppatori di Google. Il nostro sito web utilizza l'applicazione analytics.js di GA.<br>Disabilitando i cookie nel vostro browser internet, GA non potr\u00e0 tracciare alcuna parte della vostra visita alle pagine di questo sito.<br>Il sito web mo-mo.gr adotter\u00e0 tutte le misure necessarie per garantire che i vostri dati siano gestiti in modo sicuro e in conformit\u00e0 con la presente Informativa sulla privacy e non trasferir\u00e0 i vostri dati personali a un'organizzazione o a un paese a meno che non siano in atto controlli adeguati, tra cui la sicurezza dei dati e altre informazioni personali.<br>- Monitoraggio dell'utilizzo del sito web.<br>- Identificare, prevenire e risolvere i problemi tecnici.<\/div>\n\n\n\n<h2 id=\"gspb_heading-id-gsbp-c05367d\" class=\"gspb_heading gspb_heading-id-gsbp-c05367d\">Come conserviamo i vostri dati personali<\/h2>\n\n\n\n<div id=\"gspb_text-id-gsbp-13a39f8\" class=\"gspb_text gspb_text-id-gsbp-13a39f8\">Per la navigazione sul sito web della nostra azienda, i vostri dati personali sono richiesti solo se desiderate contattarci tramite il modulo di contatto attraverso il quale ci fornite i vostri dati di contatto o come clienti del nostro negozio online.<\/div>\n\n\n\n<h2 id=\"gspb_heading-id-gsbp-c078134\" class=\"gspb_heading gspb_heading-id-gsbp-c078134\">Negozio elettronico<\/h2>\n\n\n\n<div id=\"gspb_text-id-gsbp-32243e1\" class=\"gspb_text gspb_text-id-gsbp-32243e1\">I dati personali relativi agli ordini vengono memorizzati come segue:<br>- Conservazione dei conti inattivi \/ 1 anno.<br>- Conservazione degli ordini in sospeso \/ 2 settimane.<br>- Conservazione degli ordini errati \/ 2 settimane.<br>- Conservazione degli ordini annullati \/ 1 settimana.<br>- Mantenere la cronologia degli ordini nella pagina Account.<\/div>\n\n\n\n<h2 id=\"gspb_heading-id-gsbp-e216c01\" class=\"gspb_heading gspb_heading-id-gsbp-e216c01\">Violazioni dei dati<\/h2>\n\n\n\n<div id=\"gspb_text-id-gsbp-7f1304c\" class=\"gspb_text gspb_text-id-gsbp-7f1304c\">Segnaleremo qualsiasi violazione illegale del database di questo sito web o di qualsiasi database di un elaboratore di dati di terze parti a tutte le persone e le autorit\u00e0 competenti entro 72 ore dalla violazione, se risulta che i dati personali memorizzati in forma identificabile sono stati rubati.<\/div>\n\n\n\n<h2 id=\"gspb_heading-id-gsbp-7047a8a\" class=\"gspb_heading gspb_heading-id-gsbp-7047a8a\">Modifiche alla nostra politica sulla privacy<\/h2>\n\n\n\n<div id=\"gspb_text-id-gsbp-1b93554\" class=\"gspb_text gspb_text-id-gsbp-1b93554\">L'informativa sulla privacy pu\u00f2 cambiare di tanto in tanto in base alla legislazione o agli sviluppi del settore.<br>Non informeremo esplicitamente i nostri clienti o utenti del sito web di queste modifiche.<br>Si consiglia invece di controllare di tanto in tanto questa pagina per verificare eventuali modifiche alla politica.<\/div>","protected":false},"excerpt":{"rendered":"","protected":false},"author":187,"featured_media":0,"parent":0,"menu_order":0,"comment_status":"closed","ping_status":"closed","template":"","meta":{"_gspb_post_css":"","footnotes":""},"class_list":["post-9457","page","type-page","status-publish","hentry"],"blocksy_meta":[],"_links":{"self":[{"href":"https:\/\/mo-mo.gr\/it\/wp-json\/wp\/v2\/pages\/9457","targetHints":{"allow":["GET"]}}],"collection":[{"href":"https:\/\/mo-mo.gr\/it\/wp-json\/wp\/v2\/pages"}],"about":[{"href":"https:\/\/mo-mo.gr\/it\/wp-json\/wp\/v2\/types\/page"}],"author":[{"embeddable":true,"href":"https:\/\/mo-mo.gr\/it\/wp-json\/wp\/v2\/users\/187"}],"replies":[{"embeddable":true,"href":"https:\/\/mo-mo.gr\/it\/wp-json\/wp\/v2\/comments?post=9457"}],"version-history":[{"count":0,"href":"https:\/\/mo-mo.gr\/it\/wp-json\/wp\/v2\/pages\/9457\/revisions"}],"wp:attachment":[{"href":"https:\/\/mo-mo.gr\/it\/wp-json\/wp\/v2\/media?parent=9457"}],"curies":[{"name":"wp","href":"https:\/\/api.w.org\/{rel}","templated":true}]}}