{"id":9451,"date":"2024-12-12T11:37:23","date_gmt":"2024-12-12T11:37:23","guid":{"rendered":"https:\/\/mo-mo.gr\/?page_id=9451"},"modified":"2024-12-12T11:46:32","modified_gmt":"2024-12-12T11:46:32","slug":"%cf%8c%cf%81%ce%bf%ce%b9-%cf%87%cf%81%ce%ae%cf%83%ce%b7%cf%82","status":"publish","type":"page","link":"https:\/\/mo-mo.gr\/it\/%cf%8c%cf%81%ce%bf%ce%b9-%cf%87%cf%81%ce%ae%cf%83%ce%b7%cf%82\/","title":{"rendered":"Condizioni di utilizzo"},"content":{"rendered":"<div id=\"gspb_text-id-gsbp-ae82458\" class=\"gspb_text gspb_text-id-gsbp-ae82458\">Benvenuti su mo-mo.gr che offre abbigliamento fatto a mano.<\/div>\n\n\n\n<div id=\"gspb_text-id-gsbp-59edf96\" class=\"gspb_text gspb_text-id-gsbp-59edf96\">L'accesso e l'utilizzo del sito web e dei servizi disponibili attraverso di esso (di seguito \"Servizi\") sono soggetti ai seguenti termini e condizioni (di seguito \"Termini di utilizzo\"). L'utilizzo dei Servizi implica l'accettazione incondizionata delle Condizioni d'uso, come di volta in volta applicabili. L'azienda si riserva il diritto di modificare le Condizioni d'uso a sua discrezione e senza preavviso. Si raccomanda agli utenti di controllare periodicamente questa pagina per essere informati di eventuali modifiche alle Condizioni d'uso.<br><br>L'azienda si adopera per garantire che il contenuto di mo-mo.gr includa informazioni complete, accurate, chiare, valide, informative, tempestive, veritiere e non fuorvianti. In nessun caso sar\u00e0 responsabile, vincolata o garantita in relazione alla sicurezza dei contenuti. Pertanto, gli utenti di mo-mo.gr accettano la possibilit\u00e0 che l'azienda non sia in grado di controllare tutti i suoi contenuti e servizi.<br><br>L'accesso e l'utilizzo del sito web e dei servizi disponibili attraverso di esso (di seguito \"Servizi\") sono soggetti ai seguenti termini e condizioni (di seguito \"Termini di utilizzo\"). L'utilizzo dei Servizi implica l'accettazione incondizionata delle Condizioni d'uso, come di volta in volta applicabili. L'azienda si riserva il diritto di modificare le Condizioni d'uso a sua discrezione e senza preavviso. Si raccomanda agli utenti di controllare periodicamente questa pagina per essere informati di eventuali modifiche alle Condizioni d'uso.<br><br>L'azienda si adopera per garantire che il contenuto di mo-mo.gr includa informazioni complete, accurate, chiare, valide, informative, tempestive, veritiere e non fuorvianti. In nessun caso sar\u00e0 responsabile, vincolata o garantita in relazione alla sicurezza dei contenuti. Pertanto, gli utenti di mo-mo.gr accettano la possibilit\u00e0 che l'azienda non sia in grado di controllare tutti i suoi contenuti e servizi.<br>L'uso di mo-mo.gr da parte di ciascun utente \u00e8 a suo esclusivo rischio e il suo contenuto non costituisce e non pu\u00f2 in alcun modo essere interpretato come un consiglio, un incoraggiamento diretto o indiretto agli utenti a intraprendere qualsiasi azione o azione. La valutazione del contenuto \u00e8 responsabilit\u00e0 di ciascun utente che si assume la responsabilit\u00e0 dell'uso di qualsiasi parte del contenuto.<\/div>\n\n\n\n<h2 id=\"gspb_heading-id-gsbp-37be37a\" class=\"gspb_heading gspb_heading-id-gsbp-37be37a\">Protezione dei dati personali<\/h2>\n\n\n\n<div id=\"gspb_text-id-gsbp-f8e9a7d\" class=\"gspb_text gspb_text-id-gsbp-f8e9a7d\">Le informazioni o i dati personali forniti dall'utente sono soggetti a trattamento ai sensi delle Politiche di protezione dei dati. Utilizzando questo sito web, l'utente fornisce il proprio consenso al trattamento di tali informazioni e dati e dichiara che tutte le informazioni e i dati forniti sono veritieri e accurati.<\/div>\n\n\n\n<h2 id=\"gspb_heading-id-gsbp-d1b9d97\" class=\"gspb_heading gspb_heading-id-gsbp-d1b9d97\">Navigazione e utilizzo del sito web<\/h2>\n\n\n\n<div id=\"gspb_text-id-gsbp-77e48da\" class=\"gspb_text gspb_text-id-gsbp-77e48da\">Gli utenti sono gli unici responsabili del possesso e della manutenzione delle connessioni telefoniche, dei computer e delle attrezzature in genere necessarie per l'utilizzo dei servizi di mo-mo.gr.<br><br>Le informazioni o i dati personali forniti dall'utente sono soggetti a trattamento ai sensi delle Politiche di protezione dei dati. Utilizzando questo sito web, l'utente fornisce il proprio consenso al trattamento di tali informazioni e dati e dichiara che tutte le informazioni e i dati forniti sono veritieri e accurati.<br><br>- Utilizzare il sito web solo per conoscere i nostri Servizi, per porre domande legittime.<br>- Non porre domande false o fraudolente. Se riteniamo ragionevolmente che un modulo sia stato compilato con informazioni false o fraudolente, abbiamo il diritto di informare le autorit\u00e0 competenti.<br>- Fornire un indirizzo e-mail, un indirizzo postale e\/o altri dati di contatto corretti e accurati.<br>- Accettate inoltre che possiamo utilizzare queste informazioni per contattarvi in caso di necessit\u00e0. Se non ci fornite tutte le informazioni necessarie, non potremo contattarvi.<\/div>\n\n\n\n<h2 id=\"gspb_heading-id-gsbp-f992823\" class=\"gspb_heading gspb_heading-id-gsbp-f992823\">Diritti di propriet\u00e0 intellettuale e industriale<\/h2>\n\n\n\n<div id=\"gspb_text-id-gsbp-9e2fb32\" class=\"gspb_text gspb_text-id-gsbp-9e2fb32\">La propriet\u00e0 intellettuale viene acquisita senza alcuna formulazione e senza la necessit\u00e0 di una clausola che ne vieti la violazione. mo-mo.gr e il suo contenuto (che comprende tutti i marchi, i segni distintivi, i brevetti, i nomi, i testi, le immagini, i grafici, i disegni, le fotografie, i programmi, il materiale informativo di qualsiasi forma, i dati, il software) sono propriet\u00e0 intellettuale e industriale della societ\u00e0 e sono protetti dalle relative disposizioni del diritto greco, comunitario e internazionale.<br><br>Si noti che in base alla Legge 2121\/1993 (come modificata e oggi in vigore), alla Convenzione internazionale di Berna (ratificata dalla Legge 2121\/1993), alla Convenzione internazionale di Berna (ratificata dalla Legge 2121\/1993) e alla Convenzione internazionale sulla protezione della propriet\u00e0 industriale (ratificata dalla Legge 2121\/1993). 100\/1975) e le relative disposizioni sulla protezione della propriet\u00e0 intellettuale su Internet, \u00e8 espressamente vietata qualsiasi forma di copia, modifica, interferenza, trasferimento, distribuzione, rivendita, noleggio, ripubblicazione, riproduzione, ritrasmissione in forma elettronica o meccanica, archiviazione, stampa, creazione di opere derivate, download da parte di chiunque o inganno del pubblico sul reale proprietario del contenuto.<br><br>Il contenuto di mo-mo.gr non costituisce e non deve in nessun caso essere interpretato come una concessione di un permesso o di un diritto esplicito o implicito all'uso di qualsiasi Marchio che vi compare senza l'autorizzazione scritta della Societ\u00e0 o di terzi che possono essere proprietari dei Marchi che vi compaiono. I marchi, i loghi, i segni distintivi che appaiono su mo-mo.gr e le rappresentazioni di persone o luoghi o cose che fanno parte del suo contenuto sono di propriet\u00e0 della Societ\u00e0 o di terzi. Il loro utilizzo \u00e8 severamente vietato senza la preventiva autorizzazione scritta della Societ\u00e0, a meno che non sia diversamente previsto dalle condizioni d'uso applicabili.<br><br>I prodotti, i servizi, i nomi dei marchi, i marchi di fabbrica o le caratteristiche distintive di terzi che appaiono su mo-mo.gr sono propriet\u00e0 intellettuale e industriale di terzi, che ne sono anche responsabili.<br><br>Le informazioni inviate alla societ\u00e0 tramite mo-mo.gr sono considerate informazioni non riservate e non costituiscono un bene dell'utente in questione. La propriet\u00e0 della societ\u00e0 \u00e8, per quanto possibile, tutto ci\u00f2 che viene trasferito o ritrasmesso o inviato tramite mo-mo.gr. La societ\u00e0 pu\u00f2 raccogliere informazioni limitate per le sue attivit\u00e0 commerciali.<\/div>\n\n\n\n<h2 id=\"gspb_heading-id-gsbp-0af6544\" class=\"gspb_heading gspb_heading-id-gsbp-0af6544\">Responsabilit\u00e0 della societ\u00e0<\/h2>\n\n\n\n<div id=\"gspb_text-id-gsbp-e0f2292\" class=\"gspb_text gspb_text-id-gsbp-e0f2292\">Data la natura internazionalizzata di Internet e il suo volume, qualsiasi danno diretto, conseguente, incidentale, indiretto o consequenziale derivante dall'accesso di qualsiasi utente a mo-mo.gr o dal suo utilizzo, compreso il caso di negligenza, non d\u00e0 luogo a responsabilit\u00e0 della societ\u00e0 o dei suoi dirigenti. Si consiglia agli utenti di utilizzare un software per proteggersi da virus informatici e altri tipi di malware.<br><br>La societ\u00e0 non \u00e8 responsabile per danni e spese derivanti dall'uso di mo-mo.gr o dall'impossibilit\u00e0 di usarlo, da parte di qualsiasi persona, o in relazione all'impossibilit\u00e0 di eseguire, a errori, omissioni, interruzioni, difetti, ritardi nel funzionamento o nella trasmissione o a guasti della linea di sistema. Nel caso in cui il computer o altro supporto elettronico utilizzato da un utente per accedere\/visitare\/utilizzare o scaricare qualsiasi materiale, dato, testo, immagine, video o audio del suo contenuto venga danneggiato o infettato da virus elettronici, la Societ\u00e0 non sar\u00e0 responsabile in alcun modo.<br><br>I servizi disponibili attraverso il sito web sono forniti agli utenti dell'e-shop \"cos\u00ec come sono\". La societ\u00e0 non garantisce che il contenuto di mo-mo.gr e la qualit\u00e0 dei servizi forniti soddisfino i requisiti e le aspettative degli utenti. L'azienda non si assume alcuna responsabilit\u00e0 per eventuali rivendicazioni legali o civili o penali relative al funzionamento o all'uso di mo-mo.gr, n\u00e9 per eventuali danni, di qualsiasi tipo, causati dai visitatori del sito web o da terzi.<br><br>L'azienda non \u00e8 responsabile n\u00e9 si assume alcun tipo di obbligo di risarcimento per qualsiasi reclamo relativo al contenuto di mo-mo.gr, n\u00e9 per qualsiasi errore, semplice o diffamazione, insulto, ingiuria, omissione, menzogna, profanit\u00e0, pornografia, blasfemia, pericolo o inesattezza riscontrata nel suo contenuto.<\/div>\n\n\n\n<h2 id=\"gspb_heading-id-gsbp-1f3399a\" class=\"gspb_heading gspb_heading-id-gsbp-1f3399a\">Legge applicabile e altri termini<\/h2>\n\n\n\n<div id=\"gspb_text-id-gsbp-bd3e3ed\" class=\"gspb_text gspb_text-id-gsbp-bd3e3ed\">I presenti termini e condizioni e qualsiasi loro modifica saranno disciplinati e interpretati in conformit\u00e0 alla legge greca. Per qualsiasi controversia derivante dall'uso di mo-mo.gr, sono competenti i tribunali di Salonicco.<\/div>","protected":false},"excerpt":{"rendered":"","protected":false},"author":187,"featured_media":0,"parent":0,"menu_order":0,"comment_status":"closed","ping_status":"closed","template":"","meta":{"_gspb_post_css":"","footnotes":""},"class_list":["post-9451","page","type-page","status-publish","hentry"],"blocksy_meta":[],"_links":{"self":[{"href":"https:\/\/mo-mo.gr\/it\/wp-json\/wp\/v2\/pages\/9451","targetHints":{"allow":["GET"]}}],"collection":[{"href":"https:\/\/mo-mo.gr\/it\/wp-json\/wp\/v2\/pages"}],"about":[{"href":"https:\/\/mo-mo.gr\/it\/wp-json\/wp\/v2\/types\/page"}],"author":[{"embeddable":true,"href":"https:\/\/mo-mo.gr\/it\/wp-json\/wp\/v2\/users\/187"}],"replies":[{"embeddable":true,"href":"https:\/\/mo-mo.gr\/it\/wp-json\/wp\/v2\/comments?post=9451"}],"version-history":[{"count":0,"href":"https:\/\/mo-mo.gr\/it\/wp-json\/wp\/v2\/pages\/9451\/revisions"}],"wp:attachment":[{"href":"https:\/\/mo-mo.gr\/it\/wp-json\/wp\/v2\/media?parent=9451"}],"curies":[{"name":"wp","href":"https:\/\/api.w.org\/{rel}","templated":true}]}}