{"id":9965,"date":"2023-11-13T08:30:11","date_gmt":"2023-11-13T08:30:11","guid":{"rendered":"https:\/\/mo-mo.gr\/product\/knot-bag-in-forest-green-velvet-fabruc\/"},"modified":"2024-12-12T14:41:22","modified_gmt":"2024-12-12T14:41:22","slug":"sac-a-noeuds-en-velours-vert-foret-fabruc-2","status":"publish","type":"product","link":"https:\/\/mo-mo.gr\/fr\/\u03c0\u03c1\u03bf\u03ca\u03cc\u03bd\u03c4\u03b1\/knot-bag-in-forest-green-velvet-fabruc\/","title":{"rendered":"SAC \u00c0 N\u0152UDS EN VELOURS VERT FOR\u00caT ET PERLES BLANCHES"},"content":{"rendered":"","protected":false},"excerpt":{"rendered":"<p>Le KNOT BAG est un luxueux sac en velours mesurant 32\u00d732 cm, avec une doublure int\u00e9rieure en velours doux. Connu sous le nom de \"n\u0153ud\" en japonais, il respire l'\u00e9l\u00e9gance simple et la fonctionnalit\u00e9.<\/p>","protected":false},"featured_media":11786,"comment_status":"open","ping_status":"open","template":"","meta":{"_gspb_post_css":""},"product_brand":[],"product_cat":[75],"product_tag":[17],"class_list":{"0":"post-9965","1":"product","2":"type-product","3":"status-publish","4":"has-post-thumbnail","6":"product_cat-kinchaku-knot-bags","7":"product_tag-knot-bag","9":"first","10":"instock","11":"sale","12":"taxable","13":"shipping-taxable","14":"purchasable","15":"product-type-simple"},"_links":{"self":[{"href":"https:\/\/mo-mo.gr\/fr\/wp-json\/wp\/v2\/product\/9965","targetHints":{"allow":["GET"]}}],"collection":[{"href":"https:\/\/mo-mo.gr\/fr\/wp-json\/wp\/v2\/product"}],"about":[{"href":"https:\/\/mo-mo.gr\/fr\/wp-json\/wp\/v2\/types\/product"}],"replies":[{"embeddable":true,"href":"https:\/\/mo-mo.gr\/fr\/wp-json\/wp\/v2\/comments?post=9965"}],"wp:featuredmedia":[{"embeddable":true,"href":"https:\/\/mo-mo.gr\/fr\/wp-json\/wp\/v2\/media\/11786"}],"wp:attachment":[{"href":"https:\/\/mo-mo.gr\/fr\/wp-json\/wp\/v2\/media?parent=9965"}],"wp:term":[{"taxonomy":"product_brand","embeddable":true,"href":"https:\/\/mo-mo.gr\/fr\/wp-json\/wp\/v2\/product_brand?post=9965"},{"taxonomy":"product_cat","embeddable":true,"href":"https:\/\/mo-mo.gr\/fr\/wp-json\/wp\/v2\/product_cat?post=9965"},{"taxonomy":"product_tag","embeddable":true,"href":"https:\/\/mo-mo.gr\/fr\/wp-json\/wp\/v2\/product_tag?post=9965"}],"curies":[{"name":"wp","href":"https:\/\/api.w.org\/{rel}","templated":true}]}}