{"id":9947,"date":"2023-11-13T08:16:14","date_gmt":"2023-11-13T08:16:14","guid":{"rendered":"https:\/\/mo-mo.gr\/product\/haori-in-black-cotton-gabardine-fabric\/"},"modified":"2026-04-09T17:59:59","modified_gmt":"2026-04-09T14:59:59","slug":"haori-en-gabardine-de-coton-noir","status":"publish","type":"product","link":"https:\/\/mo-mo.gr\/fr\/\u03c0\u03c1\u03bf\u03ca\u03cc\u03bd\u03c4\u03b1\/haori-in-black-cotton-gabardine-fabric\/","title":{"rendered":"HAORI IN BLACK GABARDINE FABRIC"},"content":{"rendered":"<p>\u03a4\u03bf \u03c7\u03b5\u03b9\u03c1\u03bf\u03c0\u03bf\u03af\u03b7\u03c4\u03bf \u03b1\u03c5\u03c4\u03cc \u03c7\u03b1\u03cc\u03c1\u03b9 \u03b1\u03c0\u03cc \u03bc\u03b1\u03cd\u03c1\u03bf \u03cd\u03c6\u03b1\u03c3\u03bc\u03b1 (60% \u03b2\u03b1\u03bc\u03b2\u03ac\u03ba\u03b9 40% \u03c0\u03bf\u03bb\u03c5\u03b5\u03c3\u03c4\u03ad\u03c1\u03b1\u03c2) \u03b5\u03af\u03bd\u03b1\u03b9 \u03bc\u03b9\u03b1 \u03b1\u03c0\u03cc\u03bb\u03c5\u03c4\u03b7 \u03b5\u03ba\u03b4\u03ae\u03bb\u03c9\u03c3\u03b7 \u03c4\u03b7\u03c2 \u03c0\u03b1\u03c1\u03b1\u03b4\u03bf\u03c3\u03b9\u03b1\u03ba\u03ae\u03c2 \u03b9\u03b1\u03c0\u03c9\u03bd\u03b9\u03ba\u03ae\u03c2 \u03c4\u03ad\u03c7\u03bd\u03b7\u03c2 \u03ba\u03b1\u03b9 \u03c7\u03b5\u03b9\u03c1\u03bf\u03c4\u03b5\u03c7\u03bd\u03af\u03b1\u03c2. \u039a\u03b1\u03c4\u03b1\u03c3\u03ba\u03b5\u03c5\u03b1\u03c3\u03bc\u03ad\u03bd\u03bf \u03bc\u03b5 \u03b3\u03bd\u03ce\u03c3\u03b7, \u03b1\u03c5\u03c4\u03cc \u03c4\u03bf \u03ba\u03b9\u03bc\u03bf\u03bd\u03cc \u03c3\u03c5\u03bd\u03b4\u03c5\u03ac\u03b6\u03b5\u03b9 \u03c4\u03b7\u03bd \u03b1\u03b9\u03c3\u03b8\u03b7\u03c4\u03b9\u03ba\u03ae \u03c4\u03b7\u03c2 \u03b1\u03c1\u03c7\u03b1\u03af\u03b1\u03c2 \u0399\u03b1\u03c0\u03c9\u03bd\u03af\u03b1\u03c2 \u03bc\u03b5 \u03bc\u03b9\u03b1 \u03b4\u03cc\u03c3\u03b7 \u03bc\u03bf\u03bd\u03c4\u03ad\u03c1\u03bd\u03bf\u03c5 \u03c3\u03c4\u03c5\u03bb, \u03b4\u03b7\u03bc\u03b9\u03bf\u03c5\u03c1\u03b3\u03ce\u03bd\u03c4\u03b1\u03c2 \u03ad\u03bd\u03b1 \u03b5\u03bd\u03c4\u03c5\u03c0\u03c9\u03c3\u03b9\u03b1\u03ba\u03cc \u03b1\u03c0\u03bf\u03c4\u03ad\u03bb\u03b5\u03c3\u03bc\u03b1 \u03c0\u03bf\u03c5 \u03b5\u03af\u03bd\u03b1\u03b9 \u03b5\u03be\u03af\u03c3\u03bf\u03c5 \u03ba\u03bf\u03bc\u03c8\u03cc \u03ba\u03b1\u03b9 \u03c0\u03c1\u03c9\u03c4\u03cc\u03c4\u03c5\u03c0\u03bf.<\/p>\n<p>\u0397 \u03b4\u03b9\u03b1\u03b4\u03b9\u03ba\u03b1\u03c3\u03af\u03b1 \u03ba\u03b1\u03c4\u03b1\u03c3\u03ba\u03b5\u03c5\u03ae\u03c2 \u03b1\u03c5\u03c4\u03bf\u03cd \u03c4\u03bf\u03c5 \u03ba\u03b9\u03bc\u03bf\u03bd\u03cc \u03be\u03b5\u03ba\u03b9\u03bd\u03ac \u03bc\u03b5 \u03c4\u03b7\u03bd \u03c0\u03c1\u03bf\u03c3\u03b5\u03ba\u03c4\u03b9\u03ba\u03ae \u03b5\u03c0\u03b9\u03bb\u03bf\u03b3\u03ae \u03c4\u03c9\u03bd \u03c5\u03bb\u03b9\u03ba\u03ce\u03bd. \u039c\u03cc\u03bd\u03bf \u03c5\u03c8\u03b7\u03bb\u03ae\u03c2 \u03c0\u03bf\u03b9\u03cc\u03c4\u03b7\u03c4\u03b1\u03c2 \u03c5\u03c6\u03ac\u03c3\u03bc\u03b1\u03c4\u03b1, \u03c4\u03b1 \u03bf\u03c0\u03bf\u03af\u03b1 \u03c3\u03c4\u03b7 \u03c3\u03c5\u03bd\u03ad\u03c7\u03b5\u03b9\u03b1 \u03c7\u03c1\u03b7\u03c3\u03b9\u03bc\u03bf\u03c0\u03bf\u03b9\u03bf\u03cd\u03bc\u03b5 \u03bc\u03b5 \u03bc\u03b5\u03b3\u03ac\u03bb\u03b7 \u03c0\u03c1\u03bf\u03c3\u03bf\u03c7\u03ae \u03c3\u03c4\u03b7 \u03bb\u03b5\u03c0\u03c4\u03bf\u03bc\u03ad\u03c1\u03b5\u03b9\u03b1. \u0397 \u03b4\u03b9\u03b1\u03b4\u03b9\u03ba\u03b1\u03c3\u03af\u03b1 \u03c4\u03bf\u03c5 \u03c1\u03b1\u03c8\u03af\u03bc\u03b1\u03c4\u03bf\u03c2 \u03b3\u03af\u03bd\u03b5\u03c4\u03b1\u03b9 \u03bc\u03b5 \u03b1\u03b3\u03ac\u03c0\u03b7 \u03ba\u03b1\u03b9 \u03bc\u03b5\u03c1\u03ac\u03ba\u03b9, \u03b5\u03be\u03b1\u03c3\u03c6\u03b1\u03bb\u03af\u03b6\u03bf\u03bd\u03c4\u03b1\u03c2 \u03ad\u03bd\u03b1 \u03c4\u03b5\u03bb\u03b9\u03ba\u03cc \u03c0\u03c1\u03bf\u03ca\u03cc\u03bd \u03c5\u03c8\u03b7\u03bb\u03ae\u03c2 \u03c0\u03bf\u03b9\u03cc\u03c4\u03b7\u03c4\u03b1\u03c2 \u03ba\u03b1\u03b9 \u03b1\u03bd\u03c4\u03bf\u03c7\u03ae\u03c2.<\/p>\n<p>Le design du kimono suit les lignes traditionnelles de la mode japonaise, avec la manche haori typique.<\/p>","protected":false},"excerpt":{"rendered":"<p>Ce *manchon* en coton noir est le choix id\u00e9al pour les amoureux du style japonais traditionnel. Avec son design \u00e9pur\u00e9 et sa coupe confortable, ce kimono pour homme offre une \u00e9l\u00e9gance intemporelle et une grande aisance de mouvement. Le tissu haori en coton permet au corps de respirer, ce qui le rend id\u00e9al pour les v\u00eatements de tous les jours et les occasions plus formelles. Sa teinte noire ajoute une touche de myst\u00e8re et de sophistication, tout en restant facile \u00e0 porter et \u00e0 combiner avec d'autres v\u00eatements.<\/p>\n<p>Ce kimono en coton noir est un choix \u00e9tonnant pour ceux qui recherchent une esth\u00e9tique entre le traditionnel et l'audacieux. Dot\u00e9 d'une manche haori standard, il offre une esth\u00e9tique moderne qui ne craint pas de sortir de l'ordinaire. Son design unisexe convient \u00e0 toutes les morphologies et \u00e0 tous les go\u00fbts, tandis que la qualit\u00e9 du tissu en coton assure confort et durabilit\u00e9. C'est un choix intemporel pour l'homme ou la femme qui veut se d\u00e9marquer avec style et authenticit\u00e9.<\/p>","protected":false},"featured_media":11772,"comment_status":"open","ping_status":"closed","template":"","meta":{"_gspb_post_css":""},"product_brand":[],"product_cat":[114,66],"product_tag":[25,41,56],"class_list":{"0":"post-9947","1":"product","2":"type-product","3":"status-publish","4":"has-post-thumbnail","6":"product_cat-haori","7":"product_cat-66","8":"product_tag-haori","9":"product_tag-mens-kimonos","10":"product_tag-womans-kimonos","11":"pa_-large","12":"pa_-medium","13":"pa_-small","14":"pa_-xtra-large","15":"pa_-xtra-small","16":"pa_-xxl","17":"pa_-85","19":"first","20":"instock","21":"featured","22":"taxable","23":"shipping-taxable","24":"purchasable","25":"product-type-variable"},"_links":{"self":[{"href":"https:\/\/mo-mo.gr\/fr\/wp-json\/wp\/v2\/product\/9947","targetHints":{"allow":["GET"]}}],"collection":[{"href":"https:\/\/mo-mo.gr\/fr\/wp-json\/wp\/v2\/product"}],"about":[{"href":"https:\/\/mo-mo.gr\/fr\/wp-json\/wp\/v2\/types\/product"}],"replies":[{"embeddable":true,"href":"https:\/\/mo-mo.gr\/fr\/wp-json\/wp\/v2\/comments?post=9947"}],"wp:featuredmedia":[{"embeddable":true,"href":"https:\/\/mo-mo.gr\/fr\/wp-json\/wp\/v2\/media\/11772"}],"wp:attachment":[{"href":"https:\/\/mo-mo.gr\/fr\/wp-json\/wp\/v2\/media?parent=9947"}],"wp:term":[{"taxonomy":"product_brand","embeddable":true,"href":"https:\/\/mo-mo.gr\/fr\/wp-json\/wp\/v2\/product_brand?post=9947"},{"taxonomy":"product_cat","embeddable":true,"href":"https:\/\/mo-mo.gr\/fr\/wp-json\/wp\/v2\/product_cat?post=9947"},{"taxonomy":"product_tag","embeddable":true,"href":"https:\/\/mo-mo.gr\/fr\/wp-json\/wp\/v2\/product_tag?post=9947"}],"curies":[{"name":"wp","href":"https:\/\/api.w.org\/{rel}","templated":true}]}}