{"id":9802,"date":"2024-03-02T15:23:40","date_gmt":"2024-03-02T15:23:40","guid":{"rendered":"https:\/\/mo-mo.gr\/product\/lucky-coin-pouch-%ce%b1%cf%83%ce%b9%ce%b1%cf%84%ce%b9%ce%ba%ce%ae-%cf%84%cf%83%ce%ac%ce%bd%cf%84%ce%b1-%cf%84%cf%85%cf%87%ce%b5%cf%81%ce%bf%cf%8d-%ce%ba%ce%ad%cf%81%ce%bc%ce%b1%cf%84%ce%bf%cf%82\/"},"modified":"2024-12-12T14:40:33","modified_gmt":"2024-12-12T14:40:33","slug":"lucky-coin-pouch-%ce%b1%cf%83%ce%b9%ce%b1%cf%84%ce%b9%ce%ba%ce%ae-%cf%84%cf%83%ce%ac%ce%bd%cf%84%ce%b1-%cf%84%cf%85%cf%87%ce%b5%cf%81%ce%bf%cf%8d-%ce%ba%ce%ad%cf%81%ce%bc%ce%b1%cf%84%ce%bf%cf%82","status":"publish","type":"product","link":"https:\/\/mo-mo.gr\/fr\/\u03c0\u03c1\u03bf\u03ca\u03cc\u03bd\u03c4\u03b1\/lucky-coin-pouch-%ce%b1%cf%83%ce%b9%ce%b1%cf%84%ce%b9%ce%ba%ce%ae-%cf%84%cf%83%ce%ac%ce%bd%cf%84%ce%b1-%cf%84%cf%85%cf%87%ce%b5%cf%81%ce%bf%cf%8d-%ce%ba%ce%ad%cf%81%ce%bc%ce%b1%cf%84%ce%bf%cf%82\/","title":{"rendered":"Pochette de pi\u00e8ces de monnaie porte-bonheur"},"content":{"rendered":"","protected":false},"excerpt":{"rendered":"<p>Sac \u00e0 pi\u00e8ces porte-bonheur asiatique : Un symbole de prosp\u00e9rit\u00e9 et de tradition<\/p>\n<p>Dimension 10*7<\/p>","protected":false},"featured_media":11684,"comment_status":"open","ping_status":"open","template":"","meta":{"_gspb_post_css":""},"product_brand":[],"product_cat":[67],"product_tag":[],"class_list":{"0":"post-9802","1":"product","2":"type-product","3":"status-publish","4":"has-post-thumbnail","6":"product_cat-special-prices","7":"pa_-79","9":"first","10":"instock","11":"taxable","12":"shipping-taxable","13":"purchasable","14":"product-type-simple"},"_links":{"self":[{"href":"https:\/\/mo-mo.gr\/fr\/wp-json\/wp\/v2\/product\/9802","targetHints":{"allow":["GET"]}}],"collection":[{"href":"https:\/\/mo-mo.gr\/fr\/wp-json\/wp\/v2\/product"}],"about":[{"href":"https:\/\/mo-mo.gr\/fr\/wp-json\/wp\/v2\/types\/product"}],"replies":[{"embeddable":true,"href":"https:\/\/mo-mo.gr\/fr\/wp-json\/wp\/v2\/comments?post=9802"}],"wp:featuredmedia":[{"embeddable":true,"href":"https:\/\/mo-mo.gr\/fr\/wp-json\/wp\/v2\/media\/11684"}],"wp:attachment":[{"href":"https:\/\/mo-mo.gr\/fr\/wp-json\/wp\/v2\/media?parent=9802"}],"wp:term":[{"taxonomy":"product_brand","embeddable":true,"href":"https:\/\/mo-mo.gr\/fr\/wp-json\/wp\/v2\/product_brand?post=9802"},{"taxonomy":"product_cat","embeddable":true,"href":"https:\/\/mo-mo.gr\/fr\/wp-json\/wp\/v2\/product_cat?post=9802"},{"taxonomy":"product_tag","embeddable":true,"href":"https:\/\/mo-mo.gr\/fr\/wp-json\/wp\/v2\/product_tag?post=9802"}],"curies":[{"name":"wp","href":"https:\/\/api.w.org\/{rel}","templated":true}]}}