{"id":9770,"date":"2023-09-23T21:18:04","date_gmt":"2023-09-23T21:18:04","guid":{"rendered":"https:\/\/mo-mo.gr\/product\/%ce%b2%ce%b5%ce%bd%cf%84%ce%ac%ce%bb%ce%b9%ce%b1-%ce%bc%ce%b1%cf%8d%cf%81%ce%b7-%ce%be%cf%8d%ce%bb%ce%b9%ce%bd%ce%b7-23cm\/"},"modified":"2024-12-12T14:40:26","modified_gmt":"2024-12-12T14:40:26","slug":"%ce%b2%ce%b5%ce%bd%cf%84%ce%ac%ce%bb%ce%b9%ce%b1-%ce%bc%ce%b1%cf%8d%cf%81%ce%b7-%ce%be%cf%8d%ce%bb%ce%b9%ce%bd%ce%b7-23cm","status":"publish","type":"product","link":"https:\/\/mo-mo.gr\/fr\/\u03c0\u03c1\u03bf\u03ca\u03cc\u03bd\u03c4\u03b1\/%ce%b2%ce%b5%ce%bd%cf%84%ce%ac%ce%bb%ce%b9%ce%b1-%ce%bc%ce%b1%cf%8d%cf%81%ce%b7-%ce%be%cf%8d%ce%bb%ce%b9%ce%bd%ce%b7-23cm\/","title":{"rendered":"Ventilateur Noir Ventilateur en bois 23cm"},"content":{"rendered":"","protected":false},"excerpt":{"rendered":"<p>L'\u00e9ventail en bois noir, d'une longueur de 23 cm, est un accessoire luxueux et pratique qui convient aussi bien aux hommes qu'aux femmes. Fabriqu\u00e9 en bois de haute qualit\u00e9, l'\u00e9ventail est orn\u00e9 d'un tissu noir sur le bord, ce qui lui conf\u00e8re une touche de sophistication et d'\u00e9l\u00e9gance subtile. Sa couleur noire et ses lignes \u00e9pur\u00e9es le rendent parfait pour toutes les occasions, qu'il s'agisse de looks quotidiens ou d'\u00e9v\u00e9nements plus formels. Facile \u00e0 utiliser et durable, cet \u00e9ventail est le choix id\u00e9al pour ajouter une touche traditionnelle et intemporelle \u00e0 votre style, tout en offrant une fra\u00eecheur pratique lors des journ\u00e9es chaudes.<\/p>","protected":false},"featured_media":11666,"comment_status":"closed","ping_status":"open","template":"","meta":{"_gspb_post_css":""},"product_brand":[],"product_cat":[68,71],"product_tag":[],"class_list":{"0":"post-9770","1":"product","2":"type-product","3":"status-publish","4":"has-post-thumbnail","6":"product_cat-68","7":"product_cat-71","8":"pa_-85","10":"first","11":"outofstock","12":"taxable","13":"shipping-taxable","14":"purchasable","15":"product-type-simple"},"_links":{"self":[{"href":"https:\/\/mo-mo.gr\/fr\/wp-json\/wp\/v2\/product\/9770","targetHints":{"allow":["GET"]}}],"collection":[{"href":"https:\/\/mo-mo.gr\/fr\/wp-json\/wp\/v2\/product"}],"about":[{"href":"https:\/\/mo-mo.gr\/fr\/wp-json\/wp\/v2\/types\/product"}],"replies":[{"embeddable":true,"href":"https:\/\/mo-mo.gr\/fr\/wp-json\/wp\/v2\/comments?post=9770"}],"wp:featuredmedia":[{"embeddable":true,"href":"https:\/\/mo-mo.gr\/fr\/wp-json\/wp\/v2\/media\/11666"}],"wp:attachment":[{"href":"https:\/\/mo-mo.gr\/fr\/wp-json\/wp\/v2\/media?parent=9770"}],"wp:term":[{"taxonomy":"product_brand","embeddable":true,"href":"https:\/\/mo-mo.gr\/fr\/wp-json\/wp\/v2\/product_brand?post=9770"},{"taxonomy":"product_cat","embeddable":true,"href":"https:\/\/mo-mo.gr\/fr\/wp-json\/wp\/v2\/product_cat?post=9770"},{"taxonomy":"product_tag","embeddable":true,"href":"https:\/\/mo-mo.gr\/fr\/wp-json\/wp\/v2\/product_tag?post=9770"}],"curies":[{"name":"wp","href":"https:\/\/api.w.org\/{rel}","templated":true}]}}