{"id":9736,"date":"2023-09-03T22:38:48","date_gmt":"2023-09-03T22:38:48","guid":{"rendered":"https:\/\/mo-mo.gr\/product\/tsuru-tori-%e9%b6%b4%e9%b3%a5-tote-bag-in-black-cotton-japanese-fabric-with-golden-and-green-colored-details\/"},"modified":"2024-12-12T14:40:12","modified_gmt":"2024-12-12T14:40:12","slug":"tsuru-tori-%e9%b6%b4%e9%b3%a5-sac-fourre-tout-en-coton-japonais-noir-avec-details-dores-et-verts","status":"publish","type":"product","link":"https:\/\/mo-mo.gr\/fr\/\u03c0\u03c1\u03bf\u03ca\u03cc\u03bd\u03c4\u03b1\/tsuru-tori-%e9%b6%b4%e9%b3%a5-tote-bag-in-black-cotton-japanese-fabric-with-golden-and-green-colored-details\/","title":{"rendered":"TSURU TORI \u9db4\u9ce5 SAC FOURRE-TOUT EN COTON JAPONAIS NOIR AVEC D\u00c9TAILS DOR\u00c9S ET VERTS ET MAGENTA FONC\u00c9"},"content":{"rendered":"","protected":false},"excerpt":{"rendered":"<p>Sac fourre-tout en tissu de coton japonais dont le th\u00e8me principal est le dragon. Le dos est en laine textur\u00e9e soyeuse et l'int\u00e9rieur en satin cr\u00eap\u00e9 \u00e9pais de couleur magenta fonc\u00e9, ce qui donne une sensation de douceur et de luxe. La doublure int\u00e9rieure cach\u00e9e en toile de coton rend ce fourre-tout solide et durable.<\/p>\n<p>Dimension 32*28<\/p>\n<p>Chez MOMO, nous \u00e9vitons d'utiliser des \u00e9chelles l\u00e9g\u00e8res comme doublure, car nous ne voulons pas que la qualit\u00e9 des tissus et des coutures soit compromise par un mat\u00e9riau peu co\u00fbteux mais de qualit\u00e9 m\u00e9diocre.<\/p>","protected":false},"featured_media":11639,"comment_status":"open","ping_status":"open","template":"","meta":{"_gspb_post_css":""},"product_brand":[],"product_cat":[70],"product_tag":[],"class_list":{"0":"post-9736","1":"product","2":"type-product","3":"status-publish","4":"has-post-thumbnail","6":"product_cat-sold-out","8":"first","9":"outofstock","10":"taxable","11":"shipping-taxable","12":"purchasable","13":"product-type-simple"},"_links":{"self":[{"href":"https:\/\/mo-mo.gr\/fr\/wp-json\/wp\/v2\/product\/9736","targetHints":{"allow":["GET"]}}],"collection":[{"href":"https:\/\/mo-mo.gr\/fr\/wp-json\/wp\/v2\/product"}],"about":[{"href":"https:\/\/mo-mo.gr\/fr\/wp-json\/wp\/v2\/types\/product"}],"replies":[{"embeddable":true,"href":"https:\/\/mo-mo.gr\/fr\/wp-json\/wp\/v2\/comments?post=9736"}],"wp:featuredmedia":[{"embeddable":true,"href":"https:\/\/mo-mo.gr\/fr\/wp-json\/wp\/v2\/media\/11639"}],"wp:attachment":[{"href":"https:\/\/mo-mo.gr\/fr\/wp-json\/wp\/v2\/media?parent=9736"}],"wp:term":[{"taxonomy":"product_brand","embeddable":true,"href":"https:\/\/mo-mo.gr\/fr\/wp-json\/wp\/v2\/product_brand?post=9736"},{"taxonomy":"product_cat","embeddable":true,"href":"https:\/\/mo-mo.gr\/fr\/wp-json\/wp\/v2\/product_cat?post=9736"},{"taxonomy":"product_tag","embeddable":true,"href":"https:\/\/mo-mo.gr\/fr\/wp-json\/wp\/v2\/product_tag?post=9736"}],"curies":[{"name":"wp","href":"https:\/\/api.w.org\/{rel}","templated":true}]}}