{"id":9728,"date":"2023-09-03T22:23:23","date_gmt":"2023-09-03T22:23:23","guid":{"rendered":"https:\/\/mo-mo.gr\/product\/aoi-haru-%e9%9d%92%e3%81%84%e6%98%a5-purse-osaka-cotton-fabric-with-spring-flowersang-white-crane\/"},"modified":"2024-12-12T14:40:10","modified_gmt":"2024-12-12T14:40:10","slug":"aoi-haru-%e9%9d%92%e3%81%84%e6%98%a5-sac-a-main-osaka-tissu-en-coton-avec-fleurs-printanieres-grue-blanche","status":"publish","type":"product","link":"https:\/\/mo-mo.gr\/fr\/\u03c0\u03c1\u03bf\u03ca\u03cc\u03bd\u03c4\u03b1\/aoi-haru-%e9%9d%92%e3%81%84%e6%98%a5-purse-osaka-cotton-fabric-with-spring-flowersang-white-crane\/","title":{"rendered":"AOI HARU \u9752\u3044\u6625 SAC \u00c0 MAIN OSAKA TISSU EN COTON AVEC FLEURS DE PRINTEMPS GRUE BLANCHE"},"content":{"rendered":"","protected":false},"excerpt":{"rendered":"<p>Porte-monnaie H<span style=\"font-family: Roboto, sans-serif; font-size: 16px; font-style: normal; font-weight: 300; letter-spacing: 1px; text-align: left; text-indent: 0px; text-transform: none; text-decoration: none; float: none;\">rapport Porte-monnaie. Tissu de coton d'Osaka avec le bleu profond caract\u00e9ristique du Japon et des contours dor\u00e9s complexes, uniques dans le monde du textile.<\/span><span style=\"font-family: Roboto, sans-serif; font-size: 16px; font-style: normal; font-weight: 300; letter-spacing: 1px; text-align: start; text-indent: 0px; text-transform: none; text-decoration: none; float: none;\">.<\/span><\/p>\n<p><span style=\"font-family: Roboto, sans-serif; font-size: 16px; font-style: normal; font-weight: 300; letter-spacing: 1px; text-align: start; text-indent: 0px; text-transform: none; text-decoration: none; float: none;\">\u0397 <\/span>investissement<span style=\"font-family: Roboto, sans-serif; font-size: 16px; font-style: normal; font-weight: 300; letter-spacing: 1px; text-align: start; text-indent: 0px; text-transform: none; text-decoration: none; float: none;\"> et <\/span>le dos est en indigo<span style=\"font-family: Roboto, sans-serif; font-size: 16px; font-style: normal; font-weight: 300; letter-spacing: 1px; text-align: start; text-indent: 0px; text-transform: none; text-decoration: none; float: none;\"> denim <\/span>Japon<span style=\"font-family: Roboto, sans-serif; font-size: 16px; font-style: normal; font-weight: 300; letter-spacing: 1px; text-align: start; text-indent: 0px; text-transform: none; text-decoration: none; float: none;\"> et <\/span>est un pr\u00e9curseur<span style=\"font-family: Roboto, sans-serif; font-size: 16px; font-style: normal; font-weight: 300; letter-spacing: 1px; text-align: start; text-indent: 0px; text-transform: none; text-decoration: none; float: none;\"> sur <\/span>Collection<span style=\"font-family: Roboto, sans-serif; font-size: 16px; font-style: normal; font-weight: 300; letter-spacing: 1px; text-align: start; text-indent: 0px; text-transform: none; text-decoration: none; float: none;\"> ensemble de denim <\/span>en pr\u00e9paration<span style=\"font-family: Roboto, sans-serif; font-size: 16px; font-style: normal; font-weight: 300; letter-spacing: 1px; text-align: start; text-indent: 0px; text-transform: none; text-decoration: none; float: none;\"> \u00e0 MOMO.<\/span><\/p>\n<p><span style=\"font-family: Roboto, sans-serif; font-size: 16px; font-style: normal; font-weight: 300; letter-spacing: 1px; text-align: start; text-indent: 0px; text-transform: none; text-decoration: none; float: none;\">Aoi Haru a \u00e9t\u00e9 cr\u00e9\u00e9 en un seul exemplaire, celui que vous ne tiendrez que dans vos mains !<\/span><\/p>\n<p><span style=\"font-family: Roboto, sans-serif; font-size: 16px; font-style: normal; font-weight: 300; letter-spacing: 1px; text-align: start; text-indent: 0px; text-transform: none; text-decoration: none; float: none;\">\u0397 <\/span>sa dimension est de<span style=\"font-family: Roboto, sans-serif; font-size: 16px; font-style: normal; font-weight: 300; letter-spacing: 1px; text-align: start; text-indent: 0px; text-transform: none; text-decoration: none; float: none;\"> 18*16<\/span><\/p>\n<p>&nbsp;<\/p>","protected":false},"featured_media":11632,"comment_status":"closed","ping_status":"open","template":"","meta":{"_gspb_post_css":""},"product_brand":[],"product_cat":[70],"product_tag":[],"class_list":{"0":"post-9728","1":"product","2":"type-product","3":"status-publish","4":"has-post-thumbnail","6":"product_cat-sold-out","8":"first","9":"outofstock","10":"taxable","11":"shipping-taxable","12":"purchasable","13":"product-type-simple"},"_links":{"self":[{"href":"https:\/\/mo-mo.gr\/fr\/wp-json\/wp\/v2\/product\/9728","targetHints":{"allow":["GET"]}}],"collection":[{"href":"https:\/\/mo-mo.gr\/fr\/wp-json\/wp\/v2\/product"}],"about":[{"href":"https:\/\/mo-mo.gr\/fr\/wp-json\/wp\/v2\/types\/product"}],"replies":[{"embeddable":true,"href":"https:\/\/mo-mo.gr\/fr\/wp-json\/wp\/v2\/comments?post=9728"}],"wp:featuredmedia":[{"embeddable":true,"href":"https:\/\/mo-mo.gr\/fr\/wp-json\/wp\/v2\/media\/11632"}],"wp:attachment":[{"href":"https:\/\/mo-mo.gr\/fr\/wp-json\/wp\/v2\/media?parent=9728"}],"wp:term":[{"taxonomy":"product_brand","embeddable":true,"href":"https:\/\/mo-mo.gr\/fr\/wp-json\/wp\/v2\/product_brand?post=9728"},{"taxonomy":"product_cat","embeddable":true,"href":"https:\/\/mo-mo.gr\/fr\/wp-json\/wp\/v2\/product_cat?post=9728"},{"taxonomy":"product_tag","embeddable":true,"href":"https:\/\/mo-mo.gr\/fr\/wp-json\/wp\/v2\/product_tag?post=9728"}],"curies":[{"name":"wp","href":"https:\/\/api.w.org\/{rel}","templated":true}]}}