{"id":9675,"date":"2023-08-20T16:11:05","date_gmt":"2023-08-20T16:11:05","guid":{"rendered":"https:\/\/mo-mo.gr\/product\/iwasaki-pochi-%e3%83%9d%e3%83%bc%e3%83%81-2\/"},"modified":"2026-04-02T19:37:34","modified_gmt":"2026-04-02T16:37:34","slug":"iwasaki-pochi-%e3%83%9d%e3%83%bc%e3%83%81-2","status":"publish","type":"product","link":"https:\/\/mo-mo.gr\/fr\/\u03c0\u03c1\u03bf\u03ca\u03cc\u03bd\u03c4\u03b1\/iwasaki-pochi-%e3%83%9d%e3%83%bc%e3%83%81-2\/","title":{"rendered":"IWASAKI FUROSHIKI \u98a8\u5442\u6577 , POCHETTE BLEUE MARINE AVEC FLEURS DOR\u00c9ES"},"content":{"rendered":"<p>La pochette japonaise, \u00e9galement connue sous le nom de \"<strong>furoshiki<\/strong>\"en langue japonaise,<em> (\u00e0 proprement parler, il convient de noter que la pochette dans sa forme actuelle est l'\u00e9volution d'un morceau de tissu carr\u00e9, qui \u00e9tait principalement utilis\u00e9 par les Japonais, les Cor\u00e9ens et les Chinois, pour envelopper diverses marchandises afin qu'elles puissent \u00eatre transport\u00e9es en toute s\u00e9curit\u00e9).<\/em> est l'un des accessoires les plus int\u00e9ressants et les plus polyvalents de la culture traditionnelle japonaise. Bien que les principes du furoshiki remontent \u00e0 plusieurs si\u00e8cles, sa r\u00e9\u00e9valuation moderne en tant qu'objet pratique et expression artistique d\u00e9montre que la tradition peut coexister harmonieusement avec l'innovation.<\/p>\n<p>Le furoshiki est \u00e0 l'origine un sac tiss\u00e9 traditionnel utilis\u00e9 pour envelopper les articles de bain. Les Japonais mettaient leurs effets personnels dans un furoshiki et les emportaient avec eux aux bains, les gardant ainsi propres et soign\u00e9s. Au fil des si\u00e8cles, cette tradition s'est transform\u00e9e en une vari\u00e9t\u00e9 d'usages, allant de l'emballage de cadeaux au transport de nourriture.<\/p>\n<p>Cependant, le furoshiki ne s'est pas limit\u00e9 \u00e0 son utilisation traditionnelle. Au cours du XXe si\u00e8cle, malgr\u00e9 la g\u00e9n\u00e9ralisation des emballages en plastique, certains Japonais ont maintenu leur int\u00e9r\u00eat pour le furoshiki et l'ont fait revivre en tant qu'option moderne et respectueuse de l'environnement. Cette tendance s'est particuli\u00e8rement accentu\u00e9e apr\u00e8s les ann\u00e9es 2000, lorsque les Japonais ont pris conscience de l'impact des plastiques sur l'environnement. <em>Le furoshiki \u00e9tait une alternative viable pour l'emballage et le transport des marchandises.<\/em><\/p>\n<p>L'innovation ne s'arr\u00eate pas l\u00e0. <strong>Les artistes et les designers ont utilis\u00e9 le furoshiki comme \u00e9l\u00e9ment central de leur cr\u00e9ation.<\/strong> De nouveaux motifs, mat\u00e9riaux et utilisations ont \u00e9t\u00e9 cr\u00e9\u00e9s, transformant le furoshiki d'un simple tissu en une riche source d'expression et de cr\u00e9ativit\u00e9. Chaque pochette devient une \u0153uvre d'art, un moyen de transmettre notre esth\u00e9tique et notre personnalit\u00e9 dans un objet que nous rencontrons tous les jours.<\/p>\n<p>L'histoire de la pochette japonaise refl\u00e8te la fa\u00e7on dont la tradition peut \u00e9voluer et s'adapter aux besoins des temps modernes. D'un simple moyen de transport de serviettes, le furoshiki est devenu un symbole de durabilit\u00e9, d'esth\u00e9tique et de cr\u00e9ativit\u00e9.<\/p>\n<p><strong>Chez MOMO KIDOHO, dans le respect de cette tradition, nous utilisons des tissus japonais et cousons chaque pochette comme une petite pi\u00e8ce unique d'art polyvalent.<\/strong><\/p>","protected":false},"excerpt":{"rendered":"<p>Furoshiki de couleur bleu marine, avec des fleurs de taille normale. Un tissu en coton de qualit\u00e9 sup\u00e9rieure et une doublure int\u00e9rieure en viscose luxueuse font de cette pochette une petite \u0153uvre d'art portant le nom de la c\u00e9l\u00e8bre geisha Mineko Iwasaki.<\/p>\n<p>Ses dimensions sont de 20 cm x 20 cm.<\/p>","protected":false},"featured_media":11588,"comment_status":"closed","ping_status":"closed","template":"","meta":{"_gspb_post_css":""},"product_brand":[],"product_cat":[68],"product_tag":[],"class_list":{"0":"post-9675","1":"product","2":"type-product","3":"status-publish","4":"has-post-thumbnail","6":"product_cat-68","8":"first","9":"outofstock","10":"taxable","11":"shipping-taxable","12":"purchasable","13":"product-type-simple"},"_links":{"self":[{"href":"https:\/\/mo-mo.gr\/fr\/wp-json\/wp\/v2\/product\/9675","targetHints":{"allow":["GET"]}}],"collection":[{"href":"https:\/\/mo-mo.gr\/fr\/wp-json\/wp\/v2\/product"}],"about":[{"href":"https:\/\/mo-mo.gr\/fr\/wp-json\/wp\/v2\/types\/product"}],"replies":[{"embeddable":true,"href":"https:\/\/mo-mo.gr\/fr\/wp-json\/wp\/v2\/comments?post=9675"}],"wp:featuredmedia":[{"embeddable":true,"href":"https:\/\/mo-mo.gr\/fr\/wp-json\/wp\/v2\/media\/11588"}],"wp:attachment":[{"href":"https:\/\/mo-mo.gr\/fr\/wp-json\/wp\/v2\/media?parent=9675"}],"wp:term":[{"taxonomy":"product_brand","embeddable":true,"href":"https:\/\/mo-mo.gr\/fr\/wp-json\/wp\/v2\/product_brand?post=9675"},{"taxonomy":"product_cat","embeddable":true,"href":"https:\/\/mo-mo.gr\/fr\/wp-json\/wp\/v2\/product_cat?post=9675"},{"taxonomy":"product_tag","embeddable":true,"href":"https:\/\/mo-mo.gr\/fr\/wp-json\/wp\/v2\/product_tag?post=9675"}],"curies":[{"name":"wp","href":"https:\/\/api.w.org\/{rel}","templated":true}]}}