{"id":9669,"date":"2023-08-17T19:23:40","date_gmt":"2023-08-17T19:23:40","guid":{"rendered":"https:\/\/mo-mo.gr\/product\/hiragana-purse\/"},"modified":"2024-12-12T14:39:53","modified_gmt":"2024-12-12T14:39:53","slug":"porte-monnaie-en-hiragana","status":"publish","type":"product","link":"https:\/\/mo-mo.gr\/fr\/\u03c0\u03c1\u03bf\u03ca\u03cc\u03bd\u03c4\u03b1\/hiragana-purse\/","title":{"rendered":"PENSEUR HIRAGANA"},"content":{"rendered":"<p>D\u00e9couvrez la synth\u00e8se ultime de la fonctionnalit\u00e9 et de l'\u00e9l\u00e9gance avec le sac Japanese Denim Blue, un accessoire vraiment unique qui vous offre bien plus qu'un simple espace de rangement. Indubitablement, ce sac \u00e0 main a \u00e9t\u00e9 con\u00e7u avec soin et dans les moindres d\u00e9tails, ce qui en fait un must pour ceux qui recherchent l'extraordinaire dans leur vie de tous les jours.<\/p>\n<p>C'est un accessoire qui s'adresse \u00e0 ceux qui reconnaissent la valeur de l'unicit\u00e9. C'est une pi\u00e8ce qui ajoute du style et de la personnalit\u00e9 \u00e0 n'importe quel look.<\/p>\n<p>La caract\u00e9ristique principale de cet \u00e9tui est le Hiragana, un syst\u00e8me d'\u00e9criture qui est au c\u0153ur de l'\u00e9criture japonaise. Cet ajout int\u00e9ressant conf\u00e8re une approche culturelle et une profondeur \u00e0 votre produit.<\/p>\n<p>Il s'agit d'une pi\u00e8ce exclusive, fabriqu\u00e9e avec amour et soin. Il n'y en a pas deux pareils, ce qui rend chaque pi\u00e8ce unique et irrempla\u00e7able.<\/p>\n<p>En r\u00e9sum\u00e9, le sac en coton Denim bleu japonais est un accessoire essentiel pour ceux qui appr\u00e9cient la qualit\u00e9, le style et l'unicit\u00e9. Laissez-le devenir votre compagnon de vie quotidien et rehausser votre esth\u00e9tique.<\/p>","protected":false},"excerpt":{"rendered":"<p>Sac \u00e0 main, sac \u00e0 dos ou autre, ce sac est un accessoire utilitaire, destin\u00e9 aux... connaisseurs. Le Hiragana est l'un des trois syst\u00e8mes d'\u00e9criture du Japon et il est ici d\u00e9clin\u00e9 dans un excellent tissu bleu denim. Il n'y a rien de plus \"japonais\" que cela !<\/p>\n<p>En un seul exemplaire. Dimensions 18xmX24cm<\/p>","protected":false},"featured_media":11583,"comment_status":"closed","ping_status":"open","template":"","meta":{"_gspb_post_css":""},"product_brand":[],"product_cat":[68],"product_tag":[],"class_list":{"0":"post-9669","1":"product","2":"type-product","3":"status-publish","4":"has-post-thumbnail","6":"product_cat-68","8":"first","9":"outofstock","10":"taxable","11":"shipping-taxable","12":"purchasable","13":"product-type-simple"},"_links":{"self":[{"href":"https:\/\/mo-mo.gr\/fr\/wp-json\/wp\/v2\/product\/9669","targetHints":{"allow":["GET"]}}],"collection":[{"href":"https:\/\/mo-mo.gr\/fr\/wp-json\/wp\/v2\/product"}],"about":[{"href":"https:\/\/mo-mo.gr\/fr\/wp-json\/wp\/v2\/types\/product"}],"replies":[{"embeddable":true,"href":"https:\/\/mo-mo.gr\/fr\/wp-json\/wp\/v2\/comments?post=9669"}],"wp:featuredmedia":[{"embeddable":true,"href":"https:\/\/mo-mo.gr\/fr\/wp-json\/wp\/v2\/media\/11583"}],"wp:attachment":[{"href":"https:\/\/mo-mo.gr\/fr\/wp-json\/wp\/v2\/media?parent=9669"}],"wp:term":[{"taxonomy":"product_brand","embeddable":true,"href":"https:\/\/mo-mo.gr\/fr\/wp-json\/wp\/v2\/product_brand?post=9669"},{"taxonomy":"product_cat","embeddable":true,"href":"https:\/\/mo-mo.gr\/fr\/wp-json\/wp\/v2\/product_cat?post=9669"},{"taxonomy":"product_tag","embeddable":true,"href":"https:\/\/mo-mo.gr\/fr\/wp-json\/wp\/v2\/product_tag?post=9669"}],"curies":[{"name":"wp","href":"https:\/\/api.w.org\/{rel}","templated":true}]}}