{"id":9664,"date":"2023-08-17T17:39:50","date_gmt":"2023-08-17T17:39:50","guid":{"rendered":"https:\/\/mo-mo.gr\/product\/%ce%b9%ce%b1%cf%80%cf%89%ce%bd%ce%b9%ce%ba%cf%8c-pouch-liza-dalby-purse\/"},"modified":"2024-12-12T14:39:51","modified_gmt":"2024-12-12T14:39:51","slug":"%ce%b9%ce%b1%cf%80%cf%89%ce%bd%ce%b9%ce%ba%cf%8c-pouch-liza-dalby-purse","status":"publish","type":"product","link":"https:\/\/mo-mo.gr\/fr\/\u03c0\u03c1\u03bf\u03ca\u03cc\u03bd\u03c4\u03b1\/%ce%b9%ce%b1%cf%80%cf%89%ce%bd%ce%b9%ce%ba%cf%8c-pouch-liza-dalby-purse\/","title":{"rendered":"SAC \u00c0 MAIN LIZA DALBY"},"content":{"rendered":"<h2><strong>Pochette japonaise<\/strong><\/h2>\n<p>Pochette japonaise Liza Dalby. D\u00e9couvrez l'harmonie expressive ultime avec les accessoires et v\u00eatements japonais faits \u00e0 la main de notre boutique. Nous sommes ravis de vous pr\u00e9senter notre derni\u00e8re cr\u00e9ation, le Liza Dalby, un produit qui allie l'\u00e9l\u00e9gance de l'esth\u00e9tique japonaise \u00e0 son caract\u00e8re unique.<\/p>\n<p>Avec un nom qui rend hommage \u00e0 son histoire et \u00e0 sa culture, le sac \u00e0 main Liza Dalby est la r\u00e9plique du tissu traditionnel du kimono. Chaque pi\u00e8ce portant le nom de Liza Dalby, une personnalit\u00e9 extraordinaire qui a consacr\u00e9 sa vie \u00e0 la compr\u00e9hension et \u00e0 la promotion de la culture japonaise et des geishas, est synonyme de qualit\u00e9 et d'un amour profond pour la culture japonaise.<\/p>\n<p>Inspir\u00e9 par le pass\u00e9 et connect\u00e9 au pr\u00e9sent, le Liza Dalby est fabriqu\u00e9 \u00e0 partir d'un tissu de coton unique. Sa texture effleure lentement les doigts, laissant une impression de confort et de luxe. Les motifs qui ornent cette pi\u00e8ce sont exquis et \u00e9voquent l'art de Kyoto, la ville qui a marqu\u00e9 le temps par son h\u00e9ritage geisha. Des \u00e9l\u00e9ments dor\u00e9s uniques et des vagues bleues tr\u00e8s repr\u00e9sentatives.<\/p>\n<p>La pochette japonaise de Liza Dalby n'est pas un simple accessoire. C'est le choix d'emporter avec soi un morceau de l'histoire et de la culture du Japon. Chaque fois que vous la tiendrez, vous renouvellerez votre lien avec la beaut\u00e9 et l'harmonie \u00e9ternelles qu'elle repr\u00e9sente.<\/p>\n<p>En savoir plus sur la pochette japonaise <a href=\"https:\/\/mo-mo.gr\/fr\/%ce%b9%ce%b1%cf%80%cf%89%ce%bd%ce%b9%ce%ba%cf%8c-pouch\/\" target=\"_blank\" rel=\"noopener\">ici<\/a>.<\/p>","protected":false},"excerpt":{"rendered":"<p>Liza Dalby est le seul et unique exemplaire de ce sac \u00e0 main. Nous recommandons tout d'abord ce tissu en coton dont les jolis motifs rappellent Kyoto, la ville o\u00f9 la culture des geishas est tr\u00e8s ancienne.<\/p>\n<p>Dimensions 18xmX24cm<\/p>","protected":false},"featured_media":11579,"comment_status":"closed","ping_status":"open","template":"","meta":{"_gspb_post_css":""},"product_brand":[],"product_cat":[65],"product_tag":[18],"class_list":{"0":"post-9664","1":"product","2":"type-product","3":"status-publish","4":"has-post-thumbnail","6":"product_cat-65","7":"product_tag-pouch","9":"first","10":"onbackorder","11":"sale","12":"taxable","13":"shipping-taxable","14":"purchasable","15":"product-type-simple"},"_links":{"self":[{"href":"https:\/\/mo-mo.gr\/fr\/wp-json\/wp\/v2\/product\/9664","targetHints":{"allow":["GET"]}}],"collection":[{"href":"https:\/\/mo-mo.gr\/fr\/wp-json\/wp\/v2\/product"}],"about":[{"href":"https:\/\/mo-mo.gr\/fr\/wp-json\/wp\/v2\/types\/product"}],"replies":[{"embeddable":true,"href":"https:\/\/mo-mo.gr\/fr\/wp-json\/wp\/v2\/comments?post=9664"}],"wp:featuredmedia":[{"embeddable":true,"href":"https:\/\/mo-mo.gr\/fr\/wp-json\/wp\/v2\/media\/11579"}],"wp:attachment":[{"href":"https:\/\/mo-mo.gr\/fr\/wp-json\/wp\/v2\/media?parent=9664"}],"wp:term":[{"taxonomy":"product_brand","embeddable":true,"href":"https:\/\/mo-mo.gr\/fr\/wp-json\/wp\/v2\/product_brand?post=9664"},{"taxonomy":"product_cat","embeddable":true,"href":"https:\/\/mo-mo.gr\/fr\/wp-json\/wp\/v2\/product_cat?post=9664"},{"taxonomy":"product_tag","embeddable":true,"href":"https:\/\/mo-mo.gr\/fr\/wp-json\/wp\/v2\/product_tag?post=9664"}],"curies":[{"name":"wp","href":"https:\/\/api.w.org\/{rel}","templated":true}]}}