{"id":9657,"date":"2023-08-17T17:24:48","date_gmt":"2023-08-17T17:24:48","guid":{"rendered":"https:\/\/mo-mo.gr\/product\/shiro-washi-no-saifu-%e7%99%bd%e3%83%af%e3%82%b7%e3%81%ae%e8%b2%a1%e5%b8%83\/"},"modified":"2024-12-12T14:39:49","modified_gmt":"2024-12-12T14:39:49","slug":"shiro-washi-no-saifu-%e7%99%bd%e3%83%af%e3%82%b7%e3%81%ae%e8%b2%a1%e5%b8%83","status":"publish","type":"product","link":"https:\/\/mo-mo.gr\/fr\/\u03c0\u03c1\u03bf\u03ca\u03cc\u03bd\u03c4\u03b1\/shiro-washi-no-saifu-%e7%99%bd%e3%83%af%e3%82%b7%e3%81%ae%e8%b2%a1%e5%b8%83\/","title":{"rendered":"SHIRO WASHI NO SAIFU \u767d\u30ef\u30b7\u306e\u8ca1\u5e03"},"content":{"rendered":"<p>Avec notre humble suggestion, nous vous pr\u00e9sentons un sac \u00e0 main cr\u00e9\u00e9 par le tr\u00e8s appr\u00e9ci\u00e9 Shiro Washi. Ce tissu de coton s'inspire de l'art et de la tradition japonaise, conf\u00e9rant \u00e0 notre sac \u00e0 main un air d'unicit\u00e9.<\/p>\n<p>Notre sac n'est pas seulement un accessoire, c'est une histoire, un r\u00e9cit de l'h\u00e9ritage et de l'art japonais.  Son motif unique d'aigle blanc sur fond noir et ses d\u00e9tails en or vieilli, uniques dans le monde du textile, cr\u00e9ent un sac - une \u0153uvre d'art qui refl\u00e8te la personnalit\u00e9 et le style.<\/p>\n<p>En choisissant notre sac, vous choisissez d'emporter avec vous un morceau du Japon. Chaque fois que vous le tiendrez, vous sentirez la pulsation de l'histoire et de la tradition, ainsi que le sens du luxe qu'offre Shiro Washi.<\/p>\n<p>Permettez-nous de vous accompagner dans un voyage au c\u0153ur de l'art et de l'esth\u00e9tique japonais, \u00e0 travers notre sac, qui relie le pass\u00e9 au pr\u00e9sent et \u00e0 l'avenir.<\/p>\n<p>Permettez-nous de vous offrir un exemplaire unique, pour tous ceux qui appr\u00e9cient le caract\u00e8re unique de ce tissu.<\/p>","protected":false},"excerpt":{"rendered":"<p>Pour la premi\u00e8re et derni\u00e8re fois, nous pr\u00e9sentons notre tissu Shiro Washi pr\u00e9f\u00e9r\u00e9, une pi\u00e8ce d'art japonais, dans un sac \u00e0 main. Fabriqu\u00e9 \u00e0 la main et dans un design antique unique.<\/p>\n<p>Dimensions 18xmX24cm<\/p>","protected":false},"featured_media":11573,"comment_status":"closed","ping_status":"open","template":"","meta":{"_gspb_post_css":""},"product_brand":[],"product_cat":[68],"product_tag":[],"class_list":{"0":"post-9657","1":"product","2":"type-product","3":"status-publish","4":"has-post-thumbnail","6":"product_cat-68","8":"first","9":"outofstock","10":"taxable","11":"shipping-taxable","12":"purchasable","13":"product-type-simple"},"_links":{"self":[{"href":"https:\/\/mo-mo.gr\/fr\/wp-json\/wp\/v2\/product\/9657","targetHints":{"allow":["GET"]}}],"collection":[{"href":"https:\/\/mo-mo.gr\/fr\/wp-json\/wp\/v2\/product"}],"about":[{"href":"https:\/\/mo-mo.gr\/fr\/wp-json\/wp\/v2\/types\/product"}],"replies":[{"embeddable":true,"href":"https:\/\/mo-mo.gr\/fr\/wp-json\/wp\/v2\/comments?post=9657"}],"wp:featuredmedia":[{"embeddable":true,"href":"https:\/\/mo-mo.gr\/fr\/wp-json\/wp\/v2\/media\/11573"}],"wp:attachment":[{"href":"https:\/\/mo-mo.gr\/fr\/wp-json\/wp\/v2\/media?parent=9657"}],"wp:term":[{"taxonomy":"product_brand","embeddable":true,"href":"https:\/\/mo-mo.gr\/fr\/wp-json\/wp\/v2\/product_brand?post=9657"},{"taxonomy":"product_cat","embeddable":true,"href":"https:\/\/mo-mo.gr\/fr\/wp-json\/wp\/v2\/product_cat?post=9657"},{"taxonomy":"product_tag","embeddable":true,"href":"https:\/\/mo-mo.gr\/fr\/wp-json\/wp\/v2\/product_tag?post=9657"}],"curies":[{"name":"wp","href":"https:\/\/api.w.org\/{rel}","templated":true}]}}