{"id":9650,"date":"2023-08-17T17:07:29","date_gmt":"2023-08-17T17:07:29","guid":{"rendered":"https:\/\/mo-mo.gr\/product\/iwasaki-pochi-%e3%83%9d%e3%83%bc%e3%83%81\/"},"modified":"2024-12-12T14:39:47","modified_gmt":"2024-12-12T14:39:47","slug":"iwasaki-pochi-%e3%83%9d%e3%83%bc%e3%83%81","status":"publish","type":"product","link":"https:\/\/mo-mo.gr\/fr\/\u03c0\u03c1\u03bf\u03ca\u03cc\u03bd\u03c4\u03b1\/iwasaki-pochi-%e3%83%9d%e3%83%bc%e3%83%81\/","title":{"rendered":"IWASAKI POCHI \u30dd\u30fc\u30c1"},"content":{"rendered":"<p>Nous sommes ravis de vous pr\u00e9senter notre nouvelle cr\u00e9ation, le sac Pouch, qui vous fera voyager dans la philosophie japonaise de la simplicit\u00e9 et de l'\u00e9l\u00e9gance.<\/p>\n<p>Ce sac unique est dot\u00e9 d'un bouton aimant\u00e9 qui se ferme avec une facilit\u00e9 absolue, vous offrant la s\u00e9curit\u00e9 et la praticit\u00e9 dont vous avez besoin dans votre vie de tous les jours. La couleur bleu marine exotique, pleine de flair, souligne son \u00e9l\u00e9gance et s'inspire de la brise marine parfum\u00e9e.<\/p>\n<p>Le tissu de coton que nous utilisons pour notre sac \u00e0 main provient du Tokyo classique, un tissu qui \u00e9voque l'histoire et la tradition de la r\u00e9gion et qui est mis en valeur par son motif japonais original. Ce motif s'inspire de l'art japonais cosmopolite et conf\u00e8re \u00e0 votre sac un sentiment de luxe et d'unicit\u00e9.<\/p>\n<p>Enfin, le nom que nous avons choisi pour ce sac n'est pas une co\u00efncidence. Nous avons rendu hommage \u00e0 la c\u00e9l\u00e8bre geisha Mineko Iwasaki, une femme qui incarnait \u00e0 sa mani\u00e8re l'\u00e2me de la culture et de l'\u00e9l\u00e9gance japonaises. Avec ce nom, le sac prend une dimension suppl\u00e9mentaire et s'associe au charme extraordinaire et \u00e0 la culture qu'elle repr\u00e9sente.<\/p>\n<p>Laissez-nous vous offrir un morceau du Japon \u00e0 chaque fois que vous touchez \u00e0 notre sac Pouch. Chaque fois que vous le tiendrez, vous sentirez la douce \u00e9treinte de l'histoire et du raffinement qui caract\u00e9rise la culture du Japon.<\/p>","protected":false},"excerpt":{"rendered":"<p>Cette pochette unique est dot\u00e9e d'un bouton aimant\u00e9 qui se ferme avec une facilit\u00e9 absolue, vous offrant la s\u00e9curit\u00e9 et la praticit\u00e9 dont vous avez besoin dans votre vie de tous les jours. Couleur bleu marine avec des fleurs enti\u00e8rement dor\u00e9es, un tissu de Tokyo avec un motif japonais original inspir\u00e9 de l'art japonais et du nom de la c\u00e9l\u00e8bre geisha Mineko Iwasaki.<\/p>\n<p>Dans un format unique et atypique ! Dimensions 18xmX24cm<\/p>","protected":false},"featured_media":11567,"comment_status":"closed","ping_status":"open","template":"","meta":{"_gspb_post_css":""},"product_brand":[],"product_cat":[65],"product_tag":[23,18],"class_list":{"0":"post-9650","1":"product","2":"type-product","3":"status-publish","4":"has-post-thumbnail","6":"product_cat-65","7":"product_tag-mineko-iwasaki","8":"product_tag-pouch","10":"first","11":"onbackorder","12":"taxable","13":"shipping-taxable","14":"purchasable","15":"product-type-simple"},"_links":{"self":[{"href":"https:\/\/mo-mo.gr\/fr\/wp-json\/wp\/v2\/product\/9650","targetHints":{"allow":["GET"]}}],"collection":[{"href":"https:\/\/mo-mo.gr\/fr\/wp-json\/wp\/v2\/product"}],"about":[{"href":"https:\/\/mo-mo.gr\/fr\/wp-json\/wp\/v2\/types\/product"}],"replies":[{"embeddable":true,"href":"https:\/\/mo-mo.gr\/fr\/wp-json\/wp\/v2\/comments?post=9650"}],"wp:featuredmedia":[{"embeddable":true,"href":"https:\/\/mo-mo.gr\/fr\/wp-json\/wp\/v2\/media\/11567"}],"wp:attachment":[{"href":"https:\/\/mo-mo.gr\/fr\/wp-json\/wp\/v2\/media?parent=9650"}],"wp:term":[{"taxonomy":"product_brand","embeddable":true,"href":"https:\/\/mo-mo.gr\/fr\/wp-json\/wp\/v2\/product_brand?post=9650"},{"taxonomy":"product_cat","embeddable":true,"href":"https:\/\/mo-mo.gr\/fr\/wp-json\/wp\/v2\/product_cat?post=9650"},{"taxonomy":"product_tag","embeddable":true,"href":"https:\/\/mo-mo.gr\/fr\/wp-json\/wp\/v2\/product_tag?post=9650"}],"curies":[{"name":"wp","href":"https:\/\/api.w.org\/{rel}","templated":true}]}}