{"id":9640,"date":"2023-08-05T12:24:35","date_gmt":"2023-08-05T12:24:35","guid":{"rendered":"https:\/\/mo-mo.gr\/product\/bolero-yukata-sleeves\/"},"modified":"2026-03-19T15:43:43","modified_gmt":"2026-03-19T13:43:43","slug":"manches-bolero-yukata","status":"publish","type":"product","link":"https:\/\/mo-mo.gr\/fr\/\u03c0\u03c1\u03bf\u03ca\u03cc\u03bd\u03c4\u03b1\/bolero-yukata-sleeves\/","title":{"rendered":"Manches Bolero Yukata"},"content":{"rendered":"<p>Bol\u00e9ro inspir\u00e9 de l'art japonais du Yukata. Il s'agit d'un kimono, avec la qualit\u00e9 de construction de MOMO, mais avec la hauteur et la fixation du bol\u00e9ro. Un design unique qui combine la confection japonaise avec la f\u00e9minit\u00e9 du bol\u00e9ro.<\/p>\n<p>Tissu cr\u00eap\u00e9 l\u00e9ger, lavable jusqu'\u00e0 40 degr\u00e9s et infroissable.<\/p>","protected":false},"excerpt":{"rendered":"<p>Bol\u00e9ro kimono avec manche Yukata. Inspir\u00e9 par la couture japonaise, avec un tissu en cr\u00eape et des motifs floraux audacieux.<\/p>","protected":false},"featured_media":11559,"comment_status":"closed","ping_status":"closed","template":"","meta":{"_gspb_post_css":""},"product_brand":[],"product_cat":[115,66],"product_tag":[56],"class_list":{"0":"post-9640","1":"product","2":"type-product","3":"status-publish","4":"has-post-thumbnail","6":"product_cat-yukata","7":"product_cat-66","8":"product_tag-womans-kimonos","9":"pa_-large","10":"pa_-medium","11":"pa_-small","12":"pa_-xtra-large","13":"pa_-xtra-small","14":"pa_-xxl","15":"pa_-multiple-colors","16":"pa_-85","18":"first","19":"outofstock","20":"taxable","21":"shipping-taxable","22":"purchasable","23":"product-type-variable"},"_links":{"self":[{"href":"https:\/\/mo-mo.gr\/fr\/wp-json\/wp\/v2\/product\/9640","targetHints":{"allow":["GET"]}}],"collection":[{"href":"https:\/\/mo-mo.gr\/fr\/wp-json\/wp\/v2\/product"}],"about":[{"href":"https:\/\/mo-mo.gr\/fr\/wp-json\/wp\/v2\/types\/product"}],"replies":[{"embeddable":true,"href":"https:\/\/mo-mo.gr\/fr\/wp-json\/wp\/v2\/comments?post=9640"}],"wp:featuredmedia":[{"embeddable":true,"href":"https:\/\/mo-mo.gr\/fr\/wp-json\/wp\/v2\/media\/11559"}],"wp:attachment":[{"href":"https:\/\/mo-mo.gr\/fr\/wp-json\/wp\/v2\/media?parent=9640"}],"wp:term":[{"taxonomy":"product_brand","embeddable":true,"href":"https:\/\/mo-mo.gr\/fr\/wp-json\/wp\/v2\/product_brand?post=9640"},{"taxonomy":"product_cat","embeddable":true,"href":"https:\/\/mo-mo.gr\/fr\/wp-json\/wp\/v2\/product_cat?post=9640"},{"taxonomy":"product_tag","embeddable":true,"href":"https:\/\/mo-mo.gr\/fr\/wp-json\/wp\/v2\/product_tag?post=9640"}],"curies":[{"name":"wp","href":"https:\/\/api.w.org\/{rel}","templated":true}]}}