{"id":9607,"date":"2023-08-02T20:09:49","date_gmt":"2023-08-02T20:09:49","guid":{"rendered":"https:\/\/mo-mo.gr\/product\/nonami-knot-bag\/"},"modified":"2024-12-12T14:39:34","modified_gmt":"2024-12-12T14:39:34","slug":"sac-a-noeuds-nonami","status":"publish","type":"product","link":"https:\/\/mo-mo.gr\/fr\/\u03c0\u03c1\u03bf\u03ca\u03cc\u03bd\u03c4\u03b1\/nonami-knot-bag\/","title":{"rendered":"SAC \u00c0 N\u0152UDS NONAMI"},"content":{"rendered":"<p>Les sacs \u00e0 n\u0153uds sont tr\u00e8s populaires au Japon et en Cor\u00e9e du Sud en raison de leur design unique et \u00e9l\u00e9gant et de leur aspect pratique. Ils sont id\u00e9aux pour toute une s\u00e9rie d'activit\u00e9s quotidiennes et peuvent \u00eatre utilis\u00e9s aussi bien pour des engagements de tous les jours que pour des occasions plus formelles. Ils sont port\u00e9s comme un n\u0153ud nou\u00e9 au poignet et \u00e9taient traditionnellement cach\u00e9s dans les grandes manches des kimonos.<\/p>\n<p>&nbsp;<\/p>","protected":false},"excerpt":{"rendered":"<p>Sac \u00e0 n\u0153uds en denim et coton japonais avec des vagues complexes et un tissage gaufr\u00e9 en or.<\/p>","protected":false},"featured_media":11534,"comment_status":"closed","ping_status":"open","template":"","meta":{"_gspb_post_css":""},"product_brand":[],"product_cat":[65],"product_tag":[],"class_list":{"0":"post-9607","1":"product","2":"type-product","3":"status-publish","4":"has-post-thumbnail","6":"product_cat-65","8":"first","9":"onbackorder","10":"taxable","11":"shipping-taxable","12":"purchasable","13":"product-type-simple"},"_links":{"self":[{"href":"https:\/\/mo-mo.gr\/fr\/wp-json\/wp\/v2\/product\/9607","targetHints":{"allow":["GET"]}}],"collection":[{"href":"https:\/\/mo-mo.gr\/fr\/wp-json\/wp\/v2\/product"}],"about":[{"href":"https:\/\/mo-mo.gr\/fr\/wp-json\/wp\/v2\/types\/product"}],"replies":[{"embeddable":true,"href":"https:\/\/mo-mo.gr\/fr\/wp-json\/wp\/v2\/comments?post=9607"}],"wp:featuredmedia":[{"embeddable":true,"href":"https:\/\/mo-mo.gr\/fr\/wp-json\/wp\/v2\/media\/11534"}],"wp:attachment":[{"href":"https:\/\/mo-mo.gr\/fr\/wp-json\/wp\/v2\/media?parent=9607"}],"wp:term":[{"taxonomy":"product_brand","embeddable":true,"href":"https:\/\/mo-mo.gr\/fr\/wp-json\/wp\/v2\/product_brand?post=9607"},{"taxonomy":"product_cat","embeddable":true,"href":"https:\/\/mo-mo.gr\/fr\/wp-json\/wp\/v2\/product_cat?post=9607"},{"taxonomy":"product_tag","embeddable":true,"href":"https:\/\/mo-mo.gr\/fr\/wp-json\/wp\/v2\/product_tag?post=9607"}],"curies":[{"name":"wp","href":"https:\/\/api.w.org\/{rel}","templated":true}]}}