{"id":9573,"date":"2023-07-12T19:16:56","date_gmt":"2023-07-12T19:16:56","guid":{"rendered":"https:\/\/mo-mo.gr\/product\/kinkin\/"},"modified":"2024-12-12T14:39:32","modified_gmt":"2024-12-12T14:39:32","slug":"kink","status":"publish","type":"product","link":"https:\/\/mo-mo.gr\/fr\/\u03c0\u03c1\u03bf\u03ca\u03cc\u03bd\u03c4\u03b1\/kinkin\/","title":{"rendered":"KINKIN"},"content":{"rendered":"<p>Sac \u00e0 cosm\u00e9tiques, sac \u00e0 eau ou pochette de sac. Tissu en coton de Tokyo, bleu fonc\u00e9 et or g\u00e9om\u00e9trique complexe, unique dans le monde du textile. Le th\u00e8me principal est le c\u00e9l\u00e8bre motif g\u00e9om\u00e9trique japonais. Un grand classique du design japonais dans un sac \u00e0 main utilitaire. Kinkin a \u00e9t\u00e9 cr\u00e9\u00e9 en trois exemplaires uniques, enti\u00e8rement r\u00e9alis\u00e9s \u00e0 la main par MO MO.<\/p>","protected":false},"excerpt":{"rendered":"<p>Le th\u00e8me principal est celui des c\u00e9l\u00e8bres motifs g\u00e9om\u00e9triques japonais. Un grand classique du design japonais dans un sac nesser utilitaire.<\/p>","protected":false},"featured_media":9574,"comment_status":"closed","ping_status":"open","template":"","meta":{"_gspb_post_css":""},"product_brand":[],"product_cat":[68],"product_tag":[],"class_list":{"0":"post-9573","1":"product","2":"type-product","3":"status-publish","4":"has-post-thumbnail","6":"product_cat-68","8":"first","9":"outofstock","10":"taxable","11":"shipping-taxable","12":"purchasable","13":"product-type-simple"},"_links":{"self":[{"href":"https:\/\/mo-mo.gr\/fr\/wp-json\/wp\/v2\/product\/9573","targetHints":{"allow":["GET"]}}],"collection":[{"href":"https:\/\/mo-mo.gr\/fr\/wp-json\/wp\/v2\/product"}],"about":[{"href":"https:\/\/mo-mo.gr\/fr\/wp-json\/wp\/v2\/types\/product"}],"replies":[{"embeddable":true,"href":"https:\/\/mo-mo.gr\/fr\/wp-json\/wp\/v2\/comments?post=9573"}],"wp:featuredmedia":[{"embeddable":true,"href":"https:\/\/mo-mo.gr\/fr\/wp-json\/wp\/v2\/media\/9574"}],"wp:attachment":[{"href":"https:\/\/mo-mo.gr\/fr\/wp-json\/wp\/v2\/media?parent=9573"}],"wp:term":[{"taxonomy":"product_brand","embeddable":true,"href":"https:\/\/mo-mo.gr\/fr\/wp-json\/wp\/v2\/product_brand?post=9573"},{"taxonomy":"product_cat","embeddable":true,"href":"https:\/\/mo-mo.gr\/fr\/wp-json\/wp\/v2\/product_cat?post=9573"},{"taxonomy":"product_tag","embeddable":true,"href":"https:\/\/mo-mo.gr\/fr\/wp-json\/wp\/v2\/product_tag?post=9573"}],"curies":[{"name":"wp","href":"https:\/\/api.w.org\/{rel}","templated":true}]}}