{"id":9568,"date":"2023-07-12T14:13:01","date_gmt":"2023-07-12T14:13:01","guid":{"rendered":"https:\/\/mo-mo.gr\/product\/%ce%b2%ce%b5%cf%84%ce%bf%ce%b2%ce%b5%cf%84%ce%bf\/"},"modified":"2024-12-12T14:39:32","modified_gmt":"2024-12-12T14:39:32","slug":"%ce%b2%ce%b5%cf%84%ce%bf%ce%b2%ce%b5%cf%84%ce%bf","status":"publish","type":"product","link":"https:\/\/mo-mo.gr\/fr\/\u03c0\u03c1\u03bf\u03ca\u03cc\u03bd\u03c4\u03b1\/%ce%b2%ce%b5%cf%84%ce%bf%ce%b2%ce%b5%cf%84%ce%bf\/","title":{"rendered":"VETOVETO"},"content":{"rendered":"<p>Aoi Nami est un sac beto classique, un sac utilitaire de tous les jours qui se ferme \u00e0 l'aide d'un bouton. Tissu Osaka avec motif japonais original, inspir\u00e9 de l'art japonais. Les d\u00e9tails dor\u00e9s gaufr\u00e9s et les vagues bleu clair ont cr\u00e9\u00e9 une r\u00e9plique unique, enti\u00e8rement faite \u00e0 la main, juste pour que vous puissiez la choisir.<\/p>","protected":false},"excerpt":{"rendered":"<p>Aoi Nami est un sac beto classique, un sac utilitaire de tous les jours qui se ferme \u00e0 l'aide d'un bouton.<\/p>","protected":false},"featured_media":9569,"comment_status":"closed","ping_status":"open","template":"","meta":{"_gspb_post_css":""},"product_brand":[],"product_cat":[65],"product_tag":[],"class_list":{"0":"post-9568","1":"product","2":"type-product","3":"status-publish","4":"has-post-thumbnail","6":"product_cat-65","8":"first","9":"outofstock","10":"taxable","11":"shipping-taxable","12":"purchasable","13":"product-type-simple"},"_links":{"self":[{"href":"https:\/\/mo-mo.gr\/fr\/wp-json\/wp\/v2\/product\/9568","targetHints":{"allow":["GET"]}}],"collection":[{"href":"https:\/\/mo-mo.gr\/fr\/wp-json\/wp\/v2\/product"}],"about":[{"href":"https:\/\/mo-mo.gr\/fr\/wp-json\/wp\/v2\/types\/product"}],"replies":[{"embeddable":true,"href":"https:\/\/mo-mo.gr\/fr\/wp-json\/wp\/v2\/comments?post=9568"}],"wp:featuredmedia":[{"embeddable":true,"href":"https:\/\/mo-mo.gr\/fr\/wp-json\/wp\/v2\/media\/9569"}],"wp:attachment":[{"href":"https:\/\/mo-mo.gr\/fr\/wp-json\/wp\/v2\/media?parent=9568"}],"wp:term":[{"taxonomy":"product_brand","embeddable":true,"href":"https:\/\/mo-mo.gr\/fr\/wp-json\/wp\/v2\/product_brand?post=9568"},{"taxonomy":"product_cat","embeddable":true,"href":"https:\/\/mo-mo.gr\/fr\/wp-json\/wp\/v2\/product_cat?post=9568"},{"taxonomy":"product_tag","embeddable":true,"href":"https:\/\/mo-mo.gr\/fr\/wp-json\/wp\/v2\/product_tag?post=9568"}],"curies":[{"name":"wp","href":"https:\/\/api.w.org\/{rel}","templated":true}]}}