{"id":9539,"date":"2023-07-12T12:20:29","date_gmt":"2023-07-12T12:20:29","guid":{"rendered":"https:\/\/mo-mo.gr\/product\/aoi-nami\/"},"modified":"2024-12-12T14:39:31","modified_gmt":"2024-12-12T14:39:31","slug":"oh-mon-2","status":"publish","type":"product","link":"https:\/\/mo-mo.gr\/fr\/\u03c0\u03c1\u03bf\u03ca\u03cc\u03bd\u03c4\u03b1\/aoi-nami\/","title":{"rendered":"AOI NAMI"},"content":{"rendered":"<p>Aoi Nami est un sac beto classique, un sac utile pour tous les jours qui se ferme comme une pochette. Tissu Osaka avec motif japonais original inspir\u00e9 de l'art japonais. Les d\u00e9tails dor\u00e9s en relief et les vagues bleu clair ont cr\u00e9\u00e9 une r\u00e9plique unique, enti\u00e8rement faite \u00e0 la main, juste pour que vous puissiez choisir.<\/p>","protected":false},"excerpt":{"rendered":"<p>Aoi Nami est un sac beto classique, un sac utile pour tous les jours qui se ferme comme une pochette.<\/p>","protected":false},"featured_media":9540,"comment_status":"closed","ping_status":"open","template":"","meta":{"_gspb_post_css":""},"product_brand":[],"product_cat":[65],"product_tag":[],"class_list":{"0":"post-9539","1":"product","2":"type-product","3":"status-publish","4":"has-post-thumbnail","6":"product_cat-65","8":"first","9":"onbackorder","10":"taxable","11":"shipping-taxable","12":"purchasable","13":"product-type-simple"},"_links":{"self":[{"href":"https:\/\/mo-mo.gr\/fr\/wp-json\/wp\/v2\/product\/9539","targetHints":{"allow":["GET"]}}],"collection":[{"href":"https:\/\/mo-mo.gr\/fr\/wp-json\/wp\/v2\/product"}],"about":[{"href":"https:\/\/mo-mo.gr\/fr\/wp-json\/wp\/v2\/types\/product"}],"replies":[{"embeddable":true,"href":"https:\/\/mo-mo.gr\/fr\/wp-json\/wp\/v2\/comments?post=9539"}],"wp:featuredmedia":[{"embeddable":true,"href":"https:\/\/mo-mo.gr\/fr\/wp-json\/wp\/v2\/media\/9540"}],"wp:attachment":[{"href":"https:\/\/mo-mo.gr\/fr\/wp-json\/wp\/v2\/media?parent=9539"}],"wp:term":[{"taxonomy":"product_brand","embeddable":true,"href":"https:\/\/mo-mo.gr\/fr\/wp-json\/wp\/v2\/product_brand?post=9539"},{"taxonomy":"product_cat","embeddable":true,"href":"https:\/\/mo-mo.gr\/fr\/wp-json\/wp\/v2\/product_cat?post=9539"},{"taxonomy":"product_tag","embeddable":true,"href":"https:\/\/mo-mo.gr\/fr\/wp-json\/wp\/v2\/product_tag?post=9539"}],"curies":[{"name":"wp","href":"https:\/\/api.w.org\/{rel}","templated":true}]}}