{"id":9530,"date":"2023-06-28T15:57:35","date_gmt":"2023-06-28T15:57:35","guid":{"rendered":"https:\/\/mo-mo.gr\/product\/shiroi-tsuru-inbag-pouch\/"},"modified":"2024-12-12T14:39:28","modified_gmt":"2024-12-12T14:39:28","slug":"shiroi-tsuru-inbag-pouch","status":"publish","type":"product","link":"https:\/\/mo-mo.gr\/fr\/\u03c0\u03c1\u03bf\u03ca\u03cc\u03bd\u03c4\u03b1\/shiroi-tsuru-inbag-pouch\/","title":{"rendered":"SHIROI TSURU INBAG POUCH"},"content":{"rendered":"<p>Shiroi Tsuru, la grue blanche, un classique japonais de tous les temps dans un design soign\u00e9 et cr\u00e9\u00e9 en un seul exemplaire.<\/p>","protected":false},"excerpt":{"rendered":"<p>Tissu de coton bleu cobalt d'Osaka avec des grues blanches et des contours dor\u00e9s uniques. Une sensation de gaufrage au toucher, le luxe et l'\u00e9quilibre japonais dans un \u00e9crin.<\/p>","protected":false},"featured_media":11527,"comment_status":"closed","ping_status":"open","template":"","meta":{"_gspb_post_css":""},"product_brand":[],"product_cat":[65],"product_tag":[],"class_list":{"0":"post-9530","1":"product","2":"type-product","3":"status-publish","4":"has-post-thumbnail","6":"product_cat-65","8":"first","9":"onbackorder","10":"taxable","11":"shipping-taxable","12":"purchasable","13":"product-type-simple"},"_links":{"self":[{"href":"https:\/\/mo-mo.gr\/fr\/wp-json\/wp\/v2\/product\/9530","targetHints":{"allow":["GET"]}}],"collection":[{"href":"https:\/\/mo-mo.gr\/fr\/wp-json\/wp\/v2\/product"}],"about":[{"href":"https:\/\/mo-mo.gr\/fr\/wp-json\/wp\/v2\/types\/product"}],"replies":[{"embeddable":true,"href":"https:\/\/mo-mo.gr\/fr\/wp-json\/wp\/v2\/comments?post=9530"}],"wp:featuredmedia":[{"embeddable":true,"href":"https:\/\/mo-mo.gr\/fr\/wp-json\/wp\/v2\/media\/11527"}],"wp:attachment":[{"href":"https:\/\/mo-mo.gr\/fr\/wp-json\/wp\/v2\/media?parent=9530"}],"wp:term":[{"taxonomy":"product_brand","embeddable":true,"href":"https:\/\/mo-mo.gr\/fr\/wp-json\/wp\/v2\/product_brand?post=9530"},{"taxonomy":"product_cat","embeddable":true,"href":"https:\/\/mo-mo.gr\/fr\/wp-json\/wp\/v2\/product_cat?post=9530"},{"taxonomy":"product_tag","embeddable":true,"href":"https:\/\/mo-mo.gr\/fr\/wp-json\/wp\/v2\/product_tag?post=9530"}],"curies":[{"name":"wp","href":"https:\/\/api.w.org\/{rel}","templated":true}]}}