{"id":13641,"date":"2025-11-24T12:05:47","date_gmt":"2025-11-24T10:05:47","guid":{"rendered":"https:\/\/mo-mo.gr\/?post_type=product&#038;p=13641"},"modified":"2025-11-24T12:07:46","modified_gmt":"2025-11-24T10:07:46","slug":"boucles-doreilles-japonaises-en-forme-de-poisson-rouge","status":"publish","type":"product","link":"https:\/\/mo-mo.gr\/fr\/\u03c0\u03c1\u03bf\u03ca\u03cc\u03bd\u03c4\u03b1\/japanese-goldfish-earings-in-red\/","title":{"rendered":"Boucles d'oreilles japonaises en forme de poisson rouge"},"content":{"rendered":"","protected":false},"excerpt":{"rendered":"<p data-start=\"97\" data-end=\"298\"><strong data-start=\"130\" data-end=\"167\">Boucles d'oreilles japonaises en forme de poisson rouge<\/strong>,<\/p>\n<p data-start=\"97\" data-end=\"298\">Mettez votre apparence en valeur avec le <strong data-start=\"130\" data-end=\"167\">Boucles d'oreilles japonaises en forme de poisson rouge<\/strong>, Le poisson rouge, une paire de boucles d'oreilles inspir\u00e9e de l'esth\u00e9tique japonaise et du symbolisme du poisson rouge, synonyme de chance, d'abondance et de prosp\u00e9rit\u00e9.<\/p>\n<p data-start=\"300\" data-end=\"533\">Fabriqu\u00e9es en acier de haute qualit\u00e9, elles sont durables et l\u00e9g\u00e8res, ce qui permet de les porter confortablement tout au long de la journ\u00e9e. La teinte rouge vif ajoute de l'\u00e9clat et une touche ludique mais sophistiqu\u00e9e \u00e0 tout ensemble.<\/p>\n<p data-start=\"535\" data-end=\"708\">Id\u00e9al pour ceux qui aiment la culture japonaise, les accessoires uniques et les d\u00e9tails marquants. Portez-les pour donner du mouvement, de la couleur et du caract\u00e8re \u00e0 votre style.<\/p>\n<p data-start=\"535\" data-end=\"708\">Hauteur de la boucle d'oreille 5cm et largeur 3cm.<\/p>","protected":false},"featured_media":13642,"comment_status":"closed","ping_status":"closed","template":"","meta":{"_gspb_post_css":""},"product_brand":[],"product_cat":[124,72],"product_tag":[],"class_list":{"0":"post-13641","1":"product","2":"type-product","3":"status-publish","4":"has-post-thumbnail","6":"product_cat-124","7":"product_cat-72","9":"first","10":"instock","11":"taxable","12":"shipping-taxable","13":"purchasable","14":"product-type-simple"},"_links":{"self":[{"href":"https:\/\/mo-mo.gr\/fr\/wp-json\/wp\/v2\/product\/13641","targetHints":{"allow":["GET"]}}],"collection":[{"href":"https:\/\/mo-mo.gr\/fr\/wp-json\/wp\/v2\/product"}],"about":[{"href":"https:\/\/mo-mo.gr\/fr\/wp-json\/wp\/v2\/types\/product"}],"replies":[{"embeddable":true,"href":"https:\/\/mo-mo.gr\/fr\/wp-json\/wp\/v2\/comments?post=13641"}],"wp:featuredmedia":[{"embeddable":true,"href":"https:\/\/mo-mo.gr\/fr\/wp-json\/wp\/v2\/media\/13642"}],"wp:attachment":[{"href":"https:\/\/mo-mo.gr\/fr\/wp-json\/wp\/v2\/media?parent=13641"}],"wp:term":[{"taxonomy":"product_brand","embeddable":true,"href":"https:\/\/mo-mo.gr\/fr\/wp-json\/wp\/v2\/product_brand?post=13641"},{"taxonomy":"product_cat","embeddable":true,"href":"https:\/\/mo-mo.gr\/fr\/wp-json\/wp\/v2\/product_cat?post=13641"},{"taxonomy":"product_tag","embeddable":true,"href":"https:\/\/mo-mo.gr\/fr\/wp-json\/wp\/v2\/product_tag?post=13641"}],"curies":[{"name":"wp","href":"https:\/\/api.w.org\/{rel}","templated":true}]}}