{"id":13126,"date":"2025-02-24T14:16:32","date_gmt":"2025-02-24T12:16:32","guid":{"rendered":"https:\/\/mo-mo.gr\/?post_type=product&#038;p=13126"},"modified":"2025-12-11T15:21:48","modified_gmt":"2025-12-11T13:21:48","slug":"yukata-kimono-suiryoku-kuro","status":"publish","type":"product","link":"https:\/\/mo-mo.gr\/fr\/\u03c0\u03c1\u03bf\u03ca\u03cc\u03bd\u03c4\u03b1\/yukata-kimono-suiryoku-kuro\/","title":{"rendered":"Yukata Kimono Suiryoku Kuro"},"content":{"rendered":"","protected":false},"excerpt":{"rendered":"<p>kata Kimono Suiryoku Kuro- Un yukata original qui allie tradition et esth\u00e9tique moderne. Son tissu en viscose 100% donne une fluidit\u00e9 de mouvement naturelle, tandis que sa texture l\u00e9g\u00e8re offre un confort et une sensation de fra\u00eecheur.<\/p>\n<p>Le fond noir profond sert de toile aux feuilles d'\u00e9meraude peintes, qui sont rendues dans un style aquarelle, cr\u00e9ant un effet rappelant une \u0153uvre d'art. Ce motif conf\u00e8re au kimono un sentiment d'harmonie naturelle et de luxe subtil.<\/p>\n<p>Con\u00e7u avec des manches longues traditionnelles et une coupe surdimensionn\u00e9e, le **Yukata Kimono Suiryoku Kuro** est parfait pour \u00eatre superpos\u00e9, offrant une \u00e9l\u00e9gance et une sophistication intemporelle \u00e0 n'importe quel look.<\/p>","protected":false},"featured_media":13137,"comment_status":"closed","ping_status":"closed","template":"","meta":{"_gspb_post_css":""},"product_brand":[],"product_cat":[74,115,66],"product_tag":[],"class_list":{"0":"post-13126","1":"product","2":"type-product","3":"status-publish","4":"has-post-thumbnail","6":"product_cat-new","7":"product_cat-yukata","8":"product_cat-66","9":"pa_-large","10":"pa_-medium","11":"pa_-small","12":"pa_-xtra-large","13":"pa_-xtra-small","14":"pa_-xxl","15":"pa_-100-","16":"pa_-85","17":"pa_-94","19":"first","20":"outofstock","21":"taxable","22":"shipping-taxable","23":"purchasable","24":"product-type-variable"},"_links":{"self":[{"href":"https:\/\/mo-mo.gr\/fr\/wp-json\/wp\/v2\/product\/13126","targetHints":{"allow":["GET"]}}],"collection":[{"href":"https:\/\/mo-mo.gr\/fr\/wp-json\/wp\/v2\/product"}],"about":[{"href":"https:\/\/mo-mo.gr\/fr\/wp-json\/wp\/v2\/types\/product"}],"replies":[{"embeddable":true,"href":"https:\/\/mo-mo.gr\/fr\/wp-json\/wp\/v2\/comments?post=13126"}],"wp:featuredmedia":[{"embeddable":true,"href":"https:\/\/mo-mo.gr\/fr\/wp-json\/wp\/v2\/media\/13137"}],"wp:attachment":[{"href":"https:\/\/mo-mo.gr\/fr\/wp-json\/wp\/v2\/media?parent=13126"}],"wp:term":[{"taxonomy":"product_brand","embeddable":true,"href":"https:\/\/mo-mo.gr\/fr\/wp-json\/wp\/v2\/product_brand?post=13126"},{"taxonomy":"product_cat","embeddable":true,"href":"https:\/\/mo-mo.gr\/fr\/wp-json\/wp\/v2\/product_cat?post=13126"},{"taxonomy":"product_tag","embeddable":true,"href":"https:\/\/mo-mo.gr\/fr\/wp-json\/wp\/v2\/product_tag?post=13126"}],"curies":[{"name":"wp","href":"https:\/\/api.w.org\/{rel}","templated":true}]}}