{"id":13067,"date":"2025-02-04T17:28:23","date_gmt":"2025-02-04T15:28:23","guid":{"rendered":"https:\/\/mo-mo.gr\/?post_type=product&#038;p=13067"},"modified":"2025-03-05T11:23:51","modified_gmt":"2025-03-05T09:23:51","slug":"komono-kazemitsi-%ce%bd%ce%b5%cf%83%ce%b5%cf%83%ce%ad%cf%81","status":"publish","type":"product","link":"https:\/\/mo-mo.gr\/fr\/\u03c0\u03c1\u03bf\u03ca\u03cc\u03bd\u03c4\u03b1\/komono-kazemitsi-%ce%bd%ce%b5%cf%83%ce%b5%cf%83%ce%ad%cf%81\/","title":{"rendered":"Komono Kazemitsi Caissier"},"content":{"rendered":"","protected":false},"excerpt":{"rendered":"<p>Cercueil Komono Kazemitsu<\/p>\n<p>Le **Komono Kazemitsu** (\u5c0f\u7269 \u98a8\u5149), qui signifie \"\u00c9tincelle du vent\", est un sac \u00e0 main inspir\u00e9 par la tradition japonaise et la beaut\u00e9 naturelle. Dot\u00e9 d'un **tissu rouge vif**, d\u00e9cor\u00e9 de **fleurs violettes et roses** et de la **grue blanche**, symbole de chance, de paix et de long\u00e9vit\u00e9, cet accessoire respire l'\u00e9l\u00e9gance et le raffinement.<\/p>\n<p>\ud83d\udd39 **Dimensions:** 28\u00d718 cm avec une base de 6 cm de profondeur - id\u00e9al pour ranger tous les objets n\u00e9cessaires de votre vie quotidienne ou de vos voyages.<br \/>\n\ud83d\udd39 **Construction artisanale** en toile matelass\u00e9e pour une plus grande durabilit\u00e9 et une qualit\u00e9 intemporelle.<br \/>\n\ud83d\udd39 **Fermeture zipp\u00e9e s\u00e9curis\u00e9e** pour prot\u00e9ger vos objets.<br \/>\n\ud83d\udd39 **Multipurpose:** Id\u00e9al comme sac de voyage, mais aussi comme **unique pochette** qui ajoute une touche d'esth\u00e9tique japonaise \u00e0 chaque sortie.<\/p>\n<p>**Komono Kazemitsu** est le choix id\u00e9al pour ceux qui aiment le lien avec la tradition japonaise, la puissance du rouge et l'\u00e9l\u00e9gance des motifs naturels.<\/p>","protected":false},"featured_media":13055,"comment_status":"open","ping_status":"closed","template":"","meta":{"_gspb_post_css":""},"product_brand":[],"product_cat":[130,74,123],"product_tag":[],"class_list":{"0":"post-13067","1":"product","2":"type-product","3":"status-publish","4":"has-post-thumbnail","6":"product_cat-komono-","7":"product_cat-new","8":"product_cat-123","10":"first","11":"instock","12":"taxable","13":"shipping-taxable","14":"purchasable","15":"product-type-simple"},"_links":{"self":[{"href":"https:\/\/mo-mo.gr\/fr\/wp-json\/wp\/v2\/product\/13067","targetHints":{"allow":["GET"]}}],"collection":[{"href":"https:\/\/mo-mo.gr\/fr\/wp-json\/wp\/v2\/product"}],"about":[{"href":"https:\/\/mo-mo.gr\/fr\/wp-json\/wp\/v2\/types\/product"}],"replies":[{"embeddable":true,"href":"https:\/\/mo-mo.gr\/fr\/wp-json\/wp\/v2\/comments?post=13067"}],"wp:featuredmedia":[{"embeddable":true,"href":"https:\/\/mo-mo.gr\/fr\/wp-json\/wp\/v2\/media\/13055"}],"wp:attachment":[{"href":"https:\/\/mo-mo.gr\/fr\/wp-json\/wp\/v2\/media?parent=13067"}],"wp:term":[{"taxonomy":"product_brand","embeddable":true,"href":"https:\/\/mo-mo.gr\/fr\/wp-json\/wp\/v2\/product_brand?post=13067"},{"taxonomy":"product_cat","embeddable":true,"href":"https:\/\/mo-mo.gr\/fr\/wp-json\/wp\/v2\/product_cat?post=13067"},{"taxonomy":"product_tag","embeddable":true,"href":"https:\/\/mo-mo.gr\/fr\/wp-json\/wp\/v2\/product_tag?post=13067"}],"curies":[{"name":"wp","href":"https:\/\/api.w.org\/{rel}","templated":true}]}}