{"id":13066,"date":"2025-02-04T17:24:31","date_gmt":"2025-02-04T15:24:31","guid":{"rendered":"https:\/\/mo-mo.gr\/?post_type=product&#038;p=13066"},"modified":"2025-03-05T11:23:42","modified_gmt":"2025-03-05T09:23:42","slug":"komono-benitsuru-%ce%bd%ce%b5%cf%83%ce%b5%cf%83%ce%ad%cf%81","status":"publish","type":"product","link":"https:\/\/mo-mo.gr\/fr\/\u03c0\u03c1\u03bf\u03ca\u03cc\u03bd\u03c4\u03b1\/komono-benitsuru-%ce%bd%ce%b5%cf%83%ce%b5%cf%83%ce%ad%cf%81\/","title":{"rendered":"Komono Benitsuru Caissier"},"content":{"rendered":"","protected":false},"excerpt":{"rendered":"<p>Le Komono Benitsuru (\u7d05\u9db4), ou \"grue rouge\", est un sac \u00e0 main inspir\u00e9 de la tradition japonaise et des symboles de la chance. Dot\u00e9 d'un tissu **rouge** brillant, d\u00e9cor\u00e9 de **fleurs violettes et roses** et de la **grue blanche**, cette pi\u00e8ce unique respire l'\u00e9l\u00e9gance et la beaut\u00e9 intemporelle.<\/p>\n<p>\ud83d\udd39 **Dimensions:** 28\u00d718 cm avec une base de 6 cm de profondeur - id\u00e9al pour ranger tous les objets n\u00e9cessaires de votre vie quotidienne ou de vos voyages.<br \/>\n\ud83d\udd39 **Construction artisanale** avec de la toile matelass\u00e9e pour une durabilit\u00e9 et une sensation de luxe.<br \/>\n\ud83d\udd39 **Fermeture zipp\u00e9e s\u00e9curis\u00e9e** pour transporter vos articles avec style et praticit\u00e9.<br \/>\n\ud83d\udd39 **Multiples utilisations:** Utilisez-le comme **sac \u00e0 main chic** ou gardez-le comme **embrayage \u00e9l\u00e9gant** lors d'une sortie nocturne.<\/p>\n<p>Komono Benitsuru est un accessoire qui allie tradition et esth\u00e9tique moderne, apportant avec lui la gr\u00e2ce de la grue et l'harmonie de la nature.<\/p>","protected":false},"featured_media":13049,"comment_status":"open","ping_status":"closed","template":"","meta":{"_gspb_post_css":""},"product_brand":[],"product_cat":[130,74,123],"product_tag":[],"class_list":{"0":"post-13066","1":"product","2":"type-product","3":"status-publish","4":"has-post-thumbnail","6":"product_cat-komono-","7":"product_cat-new","8":"product_cat-123","10":"first","11":"instock","12":"taxable","13":"shipping-taxable","14":"purchasable","15":"product-type-simple"},"_links":{"self":[{"href":"https:\/\/mo-mo.gr\/fr\/wp-json\/wp\/v2\/product\/13066","targetHints":{"allow":["GET"]}}],"collection":[{"href":"https:\/\/mo-mo.gr\/fr\/wp-json\/wp\/v2\/product"}],"about":[{"href":"https:\/\/mo-mo.gr\/fr\/wp-json\/wp\/v2\/types\/product"}],"replies":[{"embeddable":true,"href":"https:\/\/mo-mo.gr\/fr\/wp-json\/wp\/v2\/comments?post=13066"}],"wp:featuredmedia":[{"embeddable":true,"href":"https:\/\/mo-mo.gr\/fr\/wp-json\/wp\/v2\/media\/13049"}],"wp:attachment":[{"href":"https:\/\/mo-mo.gr\/fr\/wp-json\/wp\/v2\/media?parent=13066"}],"wp:term":[{"taxonomy":"product_brand","embeddable":true,"href":"https:\/\/mo-mo.gr\/fr\/wp-json\/wp\/v2\/product_brand?post=13066"},{"taxonomy":"product_cat","embeddable":true,"href":"https:\/\/mo-mo.gr\/fr\/wp-json\/wp\/v2\/product_cat?post=13066"},{"taxonomy":"product_tag","embeddable":true,"href":"https:\/\/mo-mo.gr\/fr\/wp-json\/wp\/v2\/product_tag?post=13066"}],"curies":[{"name":"wp","href":"https:\/\/api.w.org\/{rel}","templated":true}]}}