{"id":13064,"date":"2025-02-04T17:13:15","date_gmt":"2025-02-04T15:13:15","guid":{"rendered":"https:\/\/mo-mo.gr\/?post_type=product&#038;p=13064"},"modified":"2025-03-05T11:23:24","modified_gmt":"2025-03-05T09:23:24","slug":"komono-haku-tsuru-%ce%bd%ce%b5%cf%83%ce%b5%cf%83%ce%ad%cf%81","status":"publish","type":"product","link":"https:\/\/mo-mo.gr\/fr\/\u03c0\u03c1\u03bf\u03ca\u03cc\u03bd\u03c4\u03b1\/komono-haku-tsuru-%ce%bd%ce%b5%cf%83%ce%b5%cf%83%ce%ad%cf%81\/","title":{"rendered":"Caisse de Komono Haku Tsuru"},"content":{"rendered":"","protected":false},"excerpt":{"rendered":"<p>La Komono Haku Tsuru est une \u00e9l\u00e9gante et luxueuse trousse de toilette japonaise qui allie tradition et fonctionnalit\u00e9 moderne. Avec son fond noir d\u00e9cor\u00e9 de grues sous le blanc - symbole de long\u00e9vit\u00e9 et de bonne fortune - et de motifs color\u00e9s traditionnels saisissants, elle capture l'esth\u00e9tique de Kyoto.<\/p>\n<p>Qualit\u00e9 artisanale et tissu luxueux<br \/>\nFabriqu\u00e9 en toile matelass\u00e9e de haute qualit\u00e9 de Kyoto, ce coffre offre durabilit\u00e9 et \u00e9l\u00e9gance. Sa fermeture \u00e0 glissi\u00e8re robuste assure une fermeture s\u00fbre, tandis que les coutures m\u00e9ticuleuses accentuent son caract\u00e8re unique.<\/p>\n<p>Id\u00e9al pour toutes les occasions<br \/>\nMesurant **28 x 18 cm** et ayant une **profondeur de base de 6 cm**, il offre beaucoup d'espace pour tous vos accessoires essentiels, que ce soit pour votre vie quotidienne ou pour un voyage. Gr\u00e2ce \u00e0 son design unique, il peut \u00e9galement servir de sac \u00e9l\u00e9gant lors d'une sortie nocturne, ajoutant une touche de sophistication japonaise \u00e0 votre style.<\/p>\n<p>Un accessoire qui respire l'\u00e9l\u00e9gance intemporelle et qui fait entrer l'art du tissu japonais dans votre vie quotidienne.<\/p>","protected":false},"featured_media":13062,"comment_status":"open","ping_status":"closed","template":"","meta":{"_gspb_post_css":""},"product_brand":[],"product_cat":[130,74,123],"product_tag":[],"class_list":{"0":"post-13064","1":"product","2":"type-product","3":"status-publish","4":"has-post-thumbnail","6":"product_cat-komono-","7":"product_cat-new","8":"product_cat-123","10":"first","11":"instock","12":"taxable","13":"shipping-taxable","14":"purchasable","15":"product-type-simple"},"_links":{"self":[{"href":"https:\/\/mo-mo.gr\/fr\/wp-json\/wp\/v2\/product\/13064","targetHints":{"allow":["GET"]}}],"collection":[{"href":"https:\/\/mo-mo.gr\/fr\/wp-json\/wp\/v2\/product"}],"about":[{"href":"https:\/\/mo-mo.gr\/fr\/wp-json\/wp\/v2\/types\/product"}],"replies":[{"embeddable":true,"href":"https:\/\/mo-mo.gr\/fr\/wp-json\/wp\/v2\/comments?post=13064"}],"wp:featuredmedia":[{"embeddable":true,"href":"https:\/\/mo-mo.gr\/fr\/wp-json\/wp\/v2\/media\/13062"}],"wp:attachment":[{"href":"https:\/\/mo-mo.gr\/fr\/wp-json\/wp\/v2\/media?parent=13064"}],"wp:term":[{"taxonomy":"product_brand","embeddable":true,"href":"https:\/\/mo-mo.gr\/fr\/wp-json\/wp\/v2\/product_brand?post=13064"},{"taxonomy":"product_cat","embeddable":true,"href":"https:\/\/mo-mo.gr\/fr\/wp-json\/wp\/v2\/product_cat?post=13064"},{"taxonomy":"product_tag","embeddable":true,"href":"https:\/\/mo-mo.gr\/fr\/wp-json\/wp\/v2\/product_tag?post=13064"}],"curies":[{"name":"wp","href":"https:\/\/api.w.org\/{rel}","templated":true}]}}