{"id":13019,"date":"2025-01-22T18:59:22","date_gmt":"2025-01-22T16:59:22","guid":{"rendered":"https:\/\/mo-mo.gr\/?post_type=product&#038;p=13019"},"modified":"2025-05-29T15:03:55","modified_gmt":"2025-05-29T12:03:55","slug":"soie-surmontant-la-terre-cuite","status":"publish","type":"product","link":"https:\/\/mo-mo.gr\/fr\/\u03c0\u03c1\u03bf\u03ca\u03cc\u03bd\u03c4\u03b1\/silk-overtop-terracotta\/","title":{"rendered":"Surplis en soie Terracotta"},"content":{"rendered":"","protected":false},"excerpt":{"rendered":"<p>D\u00e9couvrez l'\u00e9l\u00e9gance et l'originalit\u00e9 avec le couvre-lit Silk Overtop Terracotta, un couvre-lit en soie fabriqu\u00e9 \u00e0 la main qui respire l'\u00e9l\u00e9gance et la beaut\u00e9 naturelle. Son tissu a \u00e9t\u00e9 teint avec des colorants naturels de cochenille et de racine de garance, offrant des tons chauds et terreux de terracotta qui flattent toutes les carnations.<\/p>\n<p>Avec sa texture douce, sa l\u00e9g\u00e8ret\u00e9 et ses variations de couleurs uniques, ce manteau est id\u00e9al pour \u00eatre superpos\u00e9 en toute saison. Associez-le \u00e0 des pi\u00e8ces minimales ou plus imposantes pour un look \u00e0 la fois d\u00e9contract\u00e9 et sophistiqu\u00e9.<\/p>\n<p><strong>Caract\u00e9ristiques<\/strong>:<br \/>\n- Mati\u00e8re : soie 100%<br \/>\n- Fabrication \u00e0 la main<br \/>\n- Colorants naturels \u00e0 base de cochenille et de racine de garance<br \/>\n- Variations de couleur uniques et distinctives dues au processus de fabrication \u00e0 la main<\/p>\n<p>Choisissez-le pour rehausser votre look d'une touche de luxe naturel et d'esth\u00e9tique intemporelle.<\/p>\n<p>Il est cousu en taille unique, ses dimensions sont : 75 cm de longueur de dos, 86 cm de hauteur.<\/p>","protected":false},"featured_media":12993,"comment_status":"open","ping_status":"closed","template":"","meta":{"_gspb_post_css":""},"product_brand":[],"product_cat":[66],"product_tag":[],"class_list":{"0":"post-13019","1":"product","2":"type-product","3":"status-publish","4":"has-post-thumbnail","6":"product_cat-66","7":"pa_-127","9":"first","10":"outofstock","11":"taxable","12":"shipping-taxable","13":"purchasable","14":"product-type-simple"},"_links":{"self":[{"href":"https:\/\/mo-mo.gr\/fr\/wp-json\/wp\/v2\/product\/13019","targetHints":{"allow":["GET"]}}],"collection":[{"href":"https:\/\/mo-mo.gr\/fr\/wp-json\/wp\/v2\/product"}],"about":[{"href":"https:\/\/mo-mo.gr\/fr\/wp-json\/wp\/v2\/types\/product"}],"replies":[{"embeddable":true,"href":"https:\/\/mo-mo.gr\/fr\/wp-json\/wp\/v2\/comments?post=13019"}],"wp:featuredmedia":[{"embeddable":true,"href":"https:\/\/mo-mo.gr\/fr\/wp-json\/wp\/v2\/media\/12993"}],"wp:attachment":[{"href":"https:\/\/mo-mo.gr\/fr\/wp-json\/wp\/v2\/media?parent=13019"}],"wp:term":[{"taxonomy":"product_brand","embeddable":true,"href":"https:\/\/mo-mo.gr\/fr\/wp-json\/wp\/v2\/product_brand?post=13019"},{"taxonomy":"product_cat","embeddable":true,"href":"https:\/\/mo-mo.gr\/fr\/wp-json\/wp\/v2\/product_cat?post=13019"},{"taxonomy":"product_tag","embeddable":true,"href":"https:\/\/mo-mo.gr\/fr\/wp-json\/wp\/v2\/product_tag?post=13019"}],"curies":[{"name":"wp","href":"https:\/\/api.w.org\/{rel}","templated":true}]}}