{"id":13018,"date":"2025-01-22T18:57:43","date_gmt":"2025-01-22T16:57:43","guid":{"rendered":"https:\/\/mo-mo.gr\/?post_type=product&#038;p=13018"},"modified":"2025-05-29T15:03:39","modified_gmt":"2025-05-29T12:03:39","slug":"soie-surplombant-lalcea","status":"publish","type":"product","link":"https:\/\/mo-mo.gr\/fr\/\u03c0\u03c1\u03bf\u03ca\u03cc\u03bd\u03c4\u03b1\/silk-overtop-alcea\/","title":{"rendered":"Surplis en soie Alcea"},"content":{"rendered":"","protected":false},"excerpt":{"rendered":"<p>D\u00e9couvrez l'\u00e9l\u00e9gance de l'Alcea Silk Overtop, un couvre-lit unique en soie fait \u00e0 la main qui allie luxe et beaut\u00e9 naturelle. Teint\u00e9e avec des couleurs naturelles d'alcea (mauve), de souci et de noyer noir, cette pi\u00e8ce unique met en valeur l'art de la teinture v\u00e9g\u00e9tale.<\/p>\n<p>La texture l\u00e9g\u00e8re et douce de la soie \u00e9pouse le corps, offrant confort et style, id\u00e9al pour toutes les occasions. Ses tons terreux font ressortir son caract\u00e8re naturel, tandis que l'attention port\u00e9e aux d\u00e9tails dans la fabrication \u00e0 la main garantit la qualit\u00e9 et l'unicit\u00e9 de chaque pi\u00e8ce.<\/p>\n<p>Portez le surplis en soie Alcea pour ajouter une touche sophistiqu\u00e9e \u00e0 votre tenue, inspir\u00e9e par la nature et la tradition.<\/p>\n<p>Il est cousu en taille unique, ses dimensions sont : 75 cm de longueur de dos, 86 cm de hauteur.<\/p>","protected":false},"featured_media":13001,"comment_status":"open","ping_status":"closed","template":"","meta":{"_gspb_post_css":""},"product_brand":[],"product_cat":[66],"product_tag":[],"class_list":{"0":"post-13018","1":"product","2":"type-product","3":"status-publish","4":"has-post-thumbnail","6":"product_cat-66","7":"pa_-127","9":"first","10":"outofstock","11":"taxable","12":"shipping-taxable","13":"purchasable","14":"product-type-simple"},"_links":{"self":[{"href":"https:\/\/mo-mo.gr\/fr\/wp-json\/wp\/v2\/product\/13018","targetHints":{"allow":["GET"]}}],"collection":[{"href":"https:\/\/mo-mo.gr\/fr\/wp-json\/wp\/v2\/product"}],"about":[{"href":"https:\/\/mo-mo.gr\/fr\/wp-json\/wp\/v2\/types\/product"}],"replies":[{"embeddable":true,"href":"https:\/\/mo-mo.gr\/fr\/wp-json\/wp\/v2\/comments?post=13018"}],"wp:featuredmedia":[{"embeddable":true,"href":"https:\/\/mo-mo.gr\/fr\/wp-json\/wp\/v2\/media\/13001"}],"wp:attachment":[{"href":"https:\/\/mo-mo.gr\/fr\/wp-json\/wp\/v2\/media?parent=13018"}],"wp:term":[{"taxonomy":"product_brand","embeddable":true,"href":"https:\/\/mo-mo.gr\/fr\/wp-json\/wp\/v2\/product_brand?post=13018"},{"taxonomy":"product_cat","embeddable":true,"href":"https:\/\/mo-mo.gr\/fr\/wp-json\/wp\/v2\/product_cat?post=13018"},{"taxonomy":"product_tag","embeddable":true,"href":"https:\/\/mo-mo.gr\/fr\/wp-json\/wp\/v2\/product_tag?post=13018"}],"curies":[{"name":"wp","href":"https:\/\/api.w.org\/{rel}","templated":true}]}}