{"id":13017,"date":"2025-01-22T18:55:19","date_gmt":"2025-01-22T16:55:19","guid":{"rendered":"https:\/\/mo-mo.gr\/?post_type=product&#038;p=13017"},"modified":"2026-04-09T16:32:56","modified_gmt":"2026-04-09T13:32:56","slug":"surplis-en-soie-sarcelle","status":"publish","type":"product","link":"https:\/\/mo-mo.gr\/fr\/\u03c0\u03c1\u03bf\u03ca\u03cc\u03bd\u03c4\u03b1\/silk-overtop-teal\/","title":{"rendered":"Surplis en soie Sarcelle"},"content":{"rendered":"","protected":false},"excerpt":{"rendered":"<p>D\u00e9couvrez le summum de l'\u00e9l\u00e9gance avec le Silk Overtop Teal, une panoplie unique fabriqu\u00e9e \u00e0 la main en 100%, un tissu de soie de haute qualit\u00e9. Teint\u00e9e avec la teinture naturelle de l'indigo japonais, elle respire l'authenticit\u00e9 et la spiritualit\u00e9 de la teinture japonaise traditionnelle.<\/p>\n<p>Sa couleur turquoise frappante, qui rappelle les nuances de l'oc\u00e9an, allie harmonieusement simplicit\u00e9 naturelle et esth\u00e9tique raffin\u00e9e. L\u00e9ger et a\u00e9rien, Silk Overtop Teal est id\u00e9al pour toutes les saisons, offrant confort et style \u00e0 chaque look.<\/p>\n<p>Portez-la sur n'importe quel ensemble pour cr\u00e9er un look unique avec une forte r\u00e9f\u00e9rence culturelle et une sophistication contemporaine. Une v\u00e9ritable \u0153uvre d'art qui ajoute sophistication et caract\u00e8re \u00e0 votre garde-robe.<\/p>\n<p>Il est cousu en taille unique, ses dimensions sont : 75 cm de longueur de dos, 86 cm de hauteur.<\/p>","protected":false},"featured_media":13013,"comment_status":"open","ping_status":"closed","template":"","meta":{"_gspb_post_css":""},"product_brand":[],"product_cat":[66],"product_tag":[],"class_list":{"0":"post-13017","1":"product","2":"type-product","3":"status-publish","4":"has-post-thumbnail","6":"product_cat-66","7":"pa_-127","9":"first","10":"outofstock","11":"taxable","12":"shipping-taxable","13":"purchasable","14":"product-type-simple"},"_links":{"self":[{"href":"https:\/\/mo-mo.gr\/fr\/wp-json\/wp\/v2\/product\/13017","targetHints":{"allow":["GET"]}}],"collection":[{"href":"https:\/\/mo-mo.gr\/fr\/wp-json\/wp\/v2\/product"}],"about":[{"href":"https:\/\/mo-mo.gr\/fr\/wp-json\/wp\/v2\/types\/product"}],"replies":[{"embeddable":true,"href":"https:\/\/mo-mo.gr\/fr\/wp-json\/wp\/v2\/comments?post=13017"}],"wp:featuredmedia":[{"embeddable":true,"href":"https:\/\/mo-mo.gr\/fr\/wp-json\/wp\/v2\/media\/13013"}],"wp:attachment":[{"href":"https:\/\/mo-mo.gr\/fr\/wp-json\/wp\/v2\/media?parent=13017"}],"wp:term":[{"taxonomy":"product_brand","embeddable":true,"href":"https:\/\/mo-mo.gr\/fr\/wp-json\/wp\/v2\/product_brand?post=13017"},{"taxonomy":"product_cat","embeddable":true,"href":"https:\/\/mo-mo.gr\/fr\/wp-json\/wp\/v2\/product_cat?post=13017"},{"taxonomy":"product_tag","embeddable":true,"href":"https:\/\/mo-mo.gr\/fr\/wp-json\/wp\/v2\/product_tag?post=13017"}],"curies":[{"name":"wp","href":"https:\/\/api.w.org\/{rel}","templated":true}]}}