{"id":12964,"date":"2025-01-14T12:31:46","date_gmt":"2025-01-14T10:31:46","guid":{"rendered":"https:\/\/mo-mo.gr\/?post_type=product&#038;p=12964"},"modified":"2025-03-05T11:22:22","modified_gmt":"2025-03-05T09:22:22","slug":"sac-fourre-tout-arashiyama-vista","status":"publish","type":"product","link":"https:\/\/mo-mo.gr\/fr\/\u03c0\u03c1\u03bf\u03ca\u03cc\u03bd\u03c4\u03b1\/arashiyama-vista-tote-bag\/","title":{"rendered":"Sac fourre-tout Arashiyama Vista"},"content":{"rendered":"<h3><strong>Mat\u00e9riaux et conception<\/strong><\/h3>\n<ul>\n<li><strong>Int\u00e9rieur :<\/strong> Fabriqu\u00e9 en toile matelass\u00e9e, il offre structure et durabilit\u00e9, tandis que la poche int\u00e9rieure zipp\u00e9e permet une organisation pratique de vos objets personnels.<\/li>\n<li><strong>Ext\u00e9rieur :<\/strong>\n<ul>\n<li>Le <strong>retour<\/strong> est fabriqu\u00e9 en laine extr\u00eamement douce, qui offre une sensation de luxe au toucher.<\/li>\n<li>\u0397 <strong>face avant<\/strong> pr\u00e9sente une toile tiss\u00e9e repr\u00e9sentant un paysage japonais \u00e9poustouflant dans des tons sarcelle et bleu, inspir\u00e9 par la tranquillit\u00e9 et la s\u00e9r\u00e9nit\u00e9 de la r\u00e9gion d'Arashiyama.<\/li>\n<\/ul>\n<\/li>\n<li><strong>Cl\u00f4ture :<\/strong> Dot\u00e9 d'une fermeture \u00e0 glissi\u00e8re, le sac offre s\u00e9curit\u00e9 et \u00e9l\u00e9gance, ce qui le rend id\u00e9al pour un usage quotidien.<\/li>\n<\/ul>\n<h3><strong>Dimensions et capacit\u00e9<\/strong><\/h3>\n<ul>\n<li><strong>Hauteur :<\/strong> 44 cm.<\/li>\n<li><strong>Largeur :<\/strong> 62 cm.<\/li>\n<li><strong>Profondeur :<\/strong> 8 cm.<\/li>\n<\/ul>\n<p>Gr\u00e2ce \u00e0 ses grandes dimensions, il est id\u00e9al pour transporter tous vos objets quotidiens, qu'il s'agisse de documents, de livres ou d'objets personnels, tout en conservant son \u00e9l\u00e9gance.<\/p>\n<p>D\u00e9couvrez l'\u00e9quilibre parfait entre la fonctionnalit\u00e9 et l'art avec le <strong>Sac fourre-tout Arashiyama Vista<\/strong>et emportez l'essence du Japon avec vous o\u00f9 que vous alliez.<\/p>","protected":false},"excerpt":{"rendered":"<p>Le sac fourre-tout Arashiyama Vista est une ode \u00e0 la nature japonaise, alliant luxe, tradition et design contemporain. Avec ses mat\u00e9riaux uniques et son esth\u00e9tique in\u00e9gal\u00e9e, ce sac deviendra votre choix pr\u00e9f\u00e9r\u00e9 pour vos looks de tous les jours.<\/p>\n<p>Arashiyama Vista n'est pas seulement un sac, c'est une porte d'entr\u00e9e vers la beaut\u00e9 de la nature japonaise. Le magnifique paysage qui orne le devant du sac capture la s\u00e9r\u00e9nit\u00e9 et la spiritualit\u00e9 de la r\u00e9gion d'Arashiyama, c\u00e9l\u00e8bre pour ses for\u00eats de bambous et ses paysages traditionnels.<\/p>","protected":false},"featured_media":12966,"comment_status":"open","ping_status":"closed","template":"","meta":{"_gspb_post_css":""},"product_brand":[],"product_cat":[76,123],"product_tag":[],"class_list":{"0":"post-12964","1":"product","2":"type-product","3":"status-publish","4":"has-post-thumbnail","6":"product_cat-totes","7":"product_cat-123","9":"first","10":"instock","11":"taxable","12":"shipping-taxable","13":"purchasable","14":"product-type-simple"},"_links":{"self":[{"href":"https:\/\/mo-mo.gr\/fr\/wp-json\/wp\/v2\/product\/12964","targetHints":{"allow":["GET"]}}],"collection":[{"href":"https:\/\/mo-mo.gr\/fr\/wp-json\/wp\/v2\/product"}],"about":[{"href":"https:\/\/mo-mo.gr\/fr\/wp-json\/wp\/v2\/types\/product"}],"replies":[{"embeddable":true,"href":"https:\/\/mo-mo.gr\/fr\/wp-json\/wp\/v2\/comments?post=12964"}],"wp:featuredmedia":[{"embeddable":true,"href":"https:\/\/mo-mo.gr\/fr\/wp-json\/wp\/v2\/media\/12966"}],"wp:attachment":[{"href":"https:\/\/mo-mo.gr\/fr\/wp-json\/wp\/v2\/media?parent=12964"}],"wp:term":[{"taxonomy":"product_brand","embeddable":true,"href":"https:\/\/mo-mo.gr\/fr\/wp-json\/wp\/v2\/product_brand?post=12964"},{"taxonomy":"product_cat","embeddable":true,"href":"https:\/\/mo-mo.gr\/fr\/wp-json\/wp\/v2\/product_cat?post=12964"},{"taxonomy":"product_tag","embeddable":true,"href":"https:\/\/mo-mo.gr\/fr\/wp-json\/wp\/v2\/product_tag?post=12964"}],"curies":[{"name":"wp","href":"https:\/\/api.w.org\/{rel}","templated":true}]}}