{"id":12959,"date":"2025-01-14T12:23:58","date_gmt":"2025-01-14T10:23:58","guid":{"rendered":"https:\/\/mo-mo.gr\/?post_type=product&#038;p=12959"},"modified":"2025-03-05T11:22:13","modified_gmt":"2025-03-05T09:22:13","slug":"akita-no-kizuma-fourre-tout","status":"publish","type":"product","link":"https:\/\/mo-mo.gr\/fr\/\u03c0\u03c1\u03bf\u03ca\u03cc\u03bd\u03c4\u03b1\/akita-no-kizuma-tote-bag\/","title":{"rendered":"Akita No Kizuma Fourre-tout"},"content":{"rendered":"<p>Avec dimensions <strong>44 cm de haut, 36 cm de large et 8 cm de profondeur<\/strong>, \u03b7 <strong>Akita no Kizuna<\/strong> offre beaucoup d'espace pour vos objets quotidiens. Que vous l'utilisiez pour faire des courses, travailler ou vous promener, il est suffisamment spacieux pour r\u00e9pondre \u00e0 tous vos besoins.<\/p>\n<h3><strong>Praticit\u00e9 et d\u00e9tails<\/strong><\/h3>\n<ul>\n<li><strong>Poche int\u00e9rieure avec fermeture \u00e0 glissi\u00e8re :<\/strong> Id\u00e9al pour ranger vos petits objets tels que vos cl\u00e9s, votre portefeuille ou votre t\u00e9l\u00e9phone portable, pour un acc\u00e8s et une organisation instantan\u00e9s.<\/li>\n<li><strong>Fermeture \u00e0 glissi\u00e8re :<\/strong> Le sac se ferme enti\u00e8rement \u00e0 l'aide d'une solide fermeture \u00e0 glissi\u00e8re, offrant ainsi une s\u00e9curit\u00e9 maximale \u00e0 vos objets.<\/li>\n<li><strong>Durabilit\u00e9 :<\/strong> La construction du sac est con\u00e7ue pour un usage quotidien, tout en conservant sa fonctionnalit\u00e9 et son \u00e9l\u00e9gance.<\/li>\n<\/ul>\n<p>Le nom \"Akita no Kizuna\" signifie \"Akita's Bond\" et est d\u00e9di\u00e9 au lien unique que les chiens Akita entretiennent avec les humains, symbolisant la loyaut\u00e9, la d\u00e9votion et l'harmonie. Les motifs g\u00e9om\u00e9triques refl\u00e8tent la culture japonaise contemporaine, tandis que l'utilisation de tissus traditionnels relie le pass\u00e9 au pr\u00e9sent.<\/p>","protected":false},"excerpt":{"rendered":"<p>Fabriqu\u00e9 en toile matelass\u00e9e de haute qualit\u00e9 avec du tissu de coton de Kyoto, le sac d\u00e9gage un sentiment de luxe et de tradition. Le design pr\u00e9sente des formes g\u00e9om\u00e9triques rouges audacieuses, qui se marient harmonieusement avec les chiens Akita, cr\u00e9ant ainsi une exp\u00e9rience visuelle unique. Le matelassage offre une texture et une profondeur qui renforcent la durabilit\u00e9 du sac.<\/p>\n<p>Le fourre-tout Akita no Kizuna est plus qu'un simple sac - c'est une \u0153uvre d'art qui allie la tradition japonaise \u00e0 l'esth\u00e9tique moderne. Inspir\u00e9 par les nobles et loyaux chiens Akita, mais avec l'intensit\u00e9 des motifs g\u00e9om\u00e9triques, ce sac ajoute de l'\u00e9l\u00e9gance et de l'originalit\u00e9 \u00e0 n'importe quel look.\u03c9<\/p>","protected":false},"featured_media":12961,"comment_status":"open","ping_status":"closed","template":"","meta":{"_gspb_post_css":""},"product_brand":[],"product_cat":[76,123],"product_tag":[],"class_list":{"0":"post-12959","1":"product","2":"type-product","3":"status-publish","4":"has-post-thumbnail","6":"product_cat-totes","7":"product_cat-123","8":"pa_-128","9":"pa_-129","11":"first","12":"instock","13":"taxable","14":"shipping-taxable","15":"purchasable","16":"product-type-simple"},"_links":{"self":[{"href":"https:\/\/mo-mo.gr\/fr\/wp-json\/wp\/v2\/product\/12959","targetHints":{"allow":["GET"]}}],"collection":[{"href":"https:\/\/mo-mo.gr\/fr\/wp-json\/wp\/v2\/product"}],"about":[{"href":"https:\/\/mo-mo.gr\/fr\/wp-json\/wp\/v2\/types\/product"}],"replies":[{"embeddable":true,"href":"https:\/\/mo-mo.gr\/fr\/wp-json\/wp\/v2\/comments?post=12959"}],"wp:featuredmedia":[{"embeddable":true,"href":"https:\/\/mo-mo.gr\/fr\/wp-json\/wp\/v2\/media\/12961"}],"wp:attachment":[{"href":"https:\/\/mo-mo.gr\/fr\/wp-json\/wp\/v2\/media?parent=12959"}],"wp:term":[{"taxonomy":"product_brand","embeddable":true,"href":"https:\/\/mo-mo.gr\/fr\/wp-json\/wp\/v2\/product_brand?post=12959"},{"taxonomy":"product_cat","embeddable":true,"href":"https:\/\/mo-mo.gr\/fr\/wp-json\/wp\/v2\/product_cat?post=12959"},{"taxonomy":"product_tag","embeddable":true,"href":"https:\/\/mo-mo.gr\/fr\/wp-json\/wp\/v2\/product_tag?post=12959"}],"curies":[{"name":"wp","href":"https:\/\/api.w.org\/{rel}","templated":true}]}}