{"id":12928,"date":"2025-01-09T14:43:06","date_gmt":"2025-01-09T12:43:06","guid":{"rendered":"https:\/\/mo-mo.gr\/?post_type=product&#038;p=12928"},"modified":"2026-04-09T16:47:46","modified_gmt":"2026-04-09T13:47:46","slug":"soie-au-dessus-du-chuchotement-dautomne","status":"publish","type":"product","link":"https:\/\/mo-mo.gr\/fr\/\u03c0\u03c1\u03bf\u03ca\u03cc\u03bd\u03c4\u03b1\/silk-overtop-autumn-whisper\/","title":{"rendered":"Surpiq\u00fbre de soie Chuchotement d'automne"},"content":{"rendered":"","protected":false},"excerpt":{"rendered":"<p>D\u00e9couvrez l'expression ultime de l'\u00e9l\u00e9gance automnale avec Autumn Whisper, une panoplie de soie faite \u00e0 la main qui capture la magie de la nature. R\u00e9alis\u00e9e en tweed de soie luxueux, cette pi\u00e8ce unique a \u00e9t\u00e9 teint\u00e9e selon la technique ancestrale du bundle, qui fait ressortir la beaut\u00e9 naturelle et le caract\u00e8re unique de chaque cr\u00e9ation.<\/p>\n<p>Ses teintes, inspir\u00e9es de la palette d'un jardin d'automne, ont \u00e9t\u00e9 cr\u00e9\u00e9es \u00e0 l'aide de colorants naturels tels que le rhizar, le bois de sang et la grenade. Le r\u00e9sultat est une composition de couleurs douces et organiques, qui respecte l'harmonie saisonni\u00e8re et l'esth\u00e9tique intemporelle.<\/p>\n<p>Portez Autumn Whisper comme une pi\u00e8ce d'apparat qui associe les techniques traditionnelles \u00e0 l'\u00e9l\u00e9gance moderne, vous donnant un sens in\u00e9gal\u00e9 de la sophistication et de la beaut\u00e9 naturelle.<\/p>","protected":false},"featured_media":12936,"comment_status":"open","ping_status":"closed","template":"","meta":{"_gspb_post_css":""},"product_brand":[],"product_cat":[66],"product_tag":[56],"class_list":{"0":"post-12928","1":"product","2":"type-product","3":"status-publish","4":"has-post-thumbnail","6":"product_cat-66","7":"product_tag-womans-kimonos","8":"pa_-one-size","9":"pa_-127","11":"first","12":"outofstock","13":"taxable","14":"shipping-taxable","15":"purchasable","16":"product-type-simple"},"_links":{"self":[{"href":"https:\/\/mo-mo.gr\/fr\/wp-json\/wp\/v2\/product\/12928","targetHints":{"allow":["GET"]}}],"collection":[{"href":"https:\/\/mo-mo.gr\/fr\/wp-json\/wp\/v2\/product"}],"about":[{"href":"https:\/\/mo-mo.gr\/fr\/wp-json\/wp\/v2\/types\/product"}],"replies":[{"embeddable":true,"href":"https:\/\/mo-mo.gr\/fr\/wp-json\/wp\/v2\/comments?post=12928"}],"wp:featuredmedia":[{"embeddable":true,"href":"https:\/\/mo-mo.gr\/fr\/wp-json\/wp\/v2\/media\/12936"}],"wp:attachment":[{"href":"https:\/\/mo-mo.gr\/fr\/wp-json\/wp\/v2\/media?parent=12928"}],"wp:term":[{"taxonomy":"product_brand","embeddable":true,"href":"https:\/\/mo-mo.gr\/fr\/wp-json\/wp\/v2\/product_brand?post=12928"},{"taxonomy":"product_cat","embeddable":true,"href":"https:\/\/mo-mo.gr\/fr\/wp-json\/wp\/v2\/product_cat?post=12928"},{"taxonomy":"product_tag","embeddable":true,"href":"https:\/\/mo-mo.gr\/fr\/wp-json\/wp\/v2\/product_tag?post=12928"}],"curies":[{"name":"wp","href":"https:\/\/api.w.org\/{rel}","templated":true}]}}