{"id":12739,"date":"2024-12-14T13:31:46","date_gmt":"2024-12-14T13:31:46","guid":{"rendered":"https:\/\/mo-mo.gr\/?post_type=product&#038;p=12739"},"modified":"2026-03-19T13:59:47","modified_gmt":"2026-03-19T11:59:47","slug":"kimono-hanten-yoru-no-tora","status":"publish","type":"product","link":"https:\/\/mo-mo.gr\/fr\/\u03c0\u03c1\u03bf\u03ca\u03cc\u03bd\u03c4\u03b1\/kimono-hanten-yoru-no-tora\/","title":{"rendered":"Kimono Hanten Yoru no Tora"},"content":{"rendered":"","protected":false},"excerpt":{"rendered":"<p>Le kimono hanten \"Yoru no Tora\" (Le tigre de la nuit) est un v\u00eatement qui allie l'art traditionnel japonais \u00e0 l'\u00e9l\u00e9gance moderne. Le hanten est fait d'un tissu noir de haute qualit\u00e9, donnant une impression de luxe et d'intemporalit\u00e9.<\/p>\n<p>Au dos, un \u00e9tonnant panneau de tissu de coton est d\u00e9cor\u00e9 de tigres, symboles de force, de courage et de supr\u00e9matie royale dans la tradition japonaise. Les tigres sont pr\u00e9sent\u00e9s dans des poses dynamiques qui traduisent leur \u00e9nergie et leur pr\u00e9sence imposante. Les dessins, r\u00e9alis\u00e9s avec des d\u00e9tails exquis, sont entour\u00e9s de motifs traditionnels, ce qui leur conf\u00e8re une profondeur et une esth\u00e9tique uniques.<\/p>\n<p>\"Yoru no Tora\" est id\u00e9al pour ceux qui souhaitent ajouter une touche de culture et d'art japonais \u00e0 leur style. Id\u00e9ale pour les looks quotidiens comme pour les occasions plus sp\u00e9ciales, c'est une pi\u00e8ce qui se distingue par son authenticit\u00e9 et son design unique.<\/p>","protected":false},"featured_media":12753,"comment_status":"open","ping_status":"closed","template":"","meta":{"_gspb_post_css":""},"product_brand":[],"product_cat":[117,74,66],"product_tag":[41,56],"class_list":{"0":"post-12739","1":"product","2":"type-product","3":"status-publish","4":"has-post-thumbnail","6":"product_cat-hanten","7":"product_cat-new","8":"product_cat-66","9":"product_tag-mens-kimonos","10":"product_tag-womans-kimonos","11":"pa_-large","12":"pa_-medium","13":"pa_-small","14":"pa_-xtra-large","15":"pa_-xtra-small","16":"pa_-xxl","18":"first","19":"outofstock","20":"taxable","21":"shipping-taxable","22":"purchasable","23":"product-type-variable"},"_links":{"self":[{"href":"https:\/\/mo-mo.gr\/fr\/wp-json\/wp\/v2\/product\/12739","targetHints":{"allow":["GET"]}}],"collection":[{"href":"https:\/\/mo-mo.gr\/fr\/wp-json\/wp\/v2\/product"}],"about":[{"href":"https:\/\/mo-mo.gr\/fr\/wp-json\/wp\/v2\/types\/product"}],"replies":[{"embeddable":true,"href":"https:\/\/mo-mo.gr\/fr\/wp-json\/wp\/v2\/comments?post=12739"}],"wp:featuredmedia":[{"embeddable":true,"href":"https:\/\/mo-mo.gr\/fr\/wp-json\/wp\/v2\/media\/12753"}],"wp:attachment":[{"href":"https:\/\/mo-mo.gr\/fr\/wp-json\/wp\/v2\/media?parent=12739"}],"wp:term":[{"taxonomy":"product_brand","embeddable":true,"href":"https:\/\/mo-mo.gr\/fr\/wp-json\/wp\/v2\/product_brand?post=12739"},{"taxonomy":"product_cat","embeddable":true,"href":"https:\/\/mo-mo.gr\/fr\/wp-json\/wp\/v2\/product_cat?post=12739"},{"taxonomy":"product_tag","embeddable":true,"href":"https:\/\/mo-mo.gr\/fr\/wp-json\/wp\/v2\/product_tag?post=12739"}],"curies":[{"name":"wp","href":"https:\/\/api.w.org\/{rel}","templated":true}]}}