{"id":11497,"date":"2024-12-05T14:15:18","date_gmt":"2024-12-05T14:15:18","guid":{"rendered":"https:\/\/mo-mo.gr\/product\/hanten-tateshizuku-indigo\/"},"modified":"2026-03-19T14:00:47","modified_gmt":"2026-03-19T12:00:47","slug":"hanten-tateshizuku-indigo","status":"publish","type":"product","link":"https:\/\/mo-mo.gr\/fr\/\u03c0\u03c1\u03bf\u03ca\u03cc\u03bd\u03c4\u03b1\/hanten-tateshizuku-indigo\/","title":{"rendered":"Hanten Tateshizuku Indigo"},"content":{"rendered":"","protected":false},"excerpt":{"rendered":"<p>D\u00e9couvrez Hanten Tateshizuku Indigo, une pi\u00e8ce unique fabriqu\u00e9e \u00e0 la main qui incarne l'essence de la tradition et de l'esth\u00e9tique japonaises. Avec sa coupe \u00e9l\u00e9gante et son motif Tateshizuku distinctif, ce v\u00eatement unisexe incarne la simplicit\u00e9 japonaise intemporelle.<\/p>\n<p>Le hanten est un manteau court qui remonte \u00e0 l'\u00e9poque d'Edo (1603-1868) au Japon, o\u00f9 les v\u00eatements de tous les jours \u00e9taient \u00e0 la fois pratiques et \u00e9l\u00e9gants. \u00c0 cette \u00e9poque, le hanten \u00e9tait port\u00e9 par des personnes de toutes les classes sociales et leur procurait chaleur et protection par temps froid.<\/p>\n<p>Hanten Tateshizuku Indigo est fabriqu\u00e9 \u00e0 partir d'un tissu de coton de haute qualit\u00e9, teint\u00e9 \u00e0 l'indigo naturel, ce qui lui conf\u00e8re une profondeur et une texture uniques. Le motif Tateshizuku - des gouttes dispos\u00e9es verticalement - \u00e9voque l'harmonie et le flux de la nature, caract\u00e9ristiques qui sont au c\u0153ur de l'esth\u00e9tique japonaise.<\/p>\n<p>Ce manteau est id\u00e9al pour les superpositions et peut \u00eatre port\u00e9 dans des looks d\u00e9contract\u00e9s ou plus sophistiqu\u00e9s, ajoutant un air de tradition authentique \u00e0 votre garde-robe moderne.<\/p>\n<p>Caract\u00e9ristiques du produit :<br \/>\n- Fabrication \u00e0 la main<br \/>\n- Mod\u00e8le unisexe<br \/>\n- Colorant naturel indigo<br \/>\n- Inspir\u00e9 de la p\u00e9riode Edo<br \/>\n- Id\u00e9al pour une superposition d\u00e9contract\u00e9e ou formelle<\/p>\n<p>Procurez-vous le Hanten Tateshizuku Indig* et int\u00e9grez l'authenticit\u00e9 et l'harmonie de la culture japonaise \u00e0 votre style.<\/p>","protected":false},"featured_media":12608,"comment_status":"open","ping_status":"closed","template":"","meta":{"_gspb_post_css":""},"product_brand":[],"product_cat":[117,66],"product_tag":[41,56],"class_list":{"0":"post-11497","1":"product","2":"type-product","3":"status-publish","4":"has-post-thumbnail","6":"product_cat-hanten","7":"product_cat-66","8":"product_tag-mens-kimonos","9":"product_tag-womans-kimonos","10":"pa_-large","11":"pa_-medium","12":"pa_-small","13":"pa_-xtra-large","14":"pa_-xtra-small","15":"pa_-xxl","16":"pa_-100-","17":"pa_-79","19":"first","20":"outofstock","21":"taxable","22":"shipping-taxable","23":"purchasable","24":"product-type-variable"},"_links":{"self":[{"href":"https:\/\/mo-mo.gr\/fr\/wp-json\/wp\/v2\/product\/11497","targetHints":{"allow":["GET"]}}],"collection":[{"href":"https:\/\/mo-mo.gr\/fr\/wp-json\/wp\/v2\/product"}],"about":[{"href":"https:\/\/mo-mo.gr\/fr\/wp-json\/wp\/v2\/types\/product"}],"replies":[{"embeddable":true,"href":"https:\/\/mo-mo.gr\/fr\/wp-json\/wp\/v2\/comments?post=11497"}],"wp:featuredmedia":[{"embeddable":true,"href":"https:\/\/mo-mo.gr\/fr\/wp-json\/wp\/v2\/media\/12608"}],"wp:attachment":[{"href":"https:\/\/mo-mo.gr\/fr\/wp-json\/wp\/v2\/media?parent=11497"}],"wp:term":[{"taxonomy":"product_brand","embeddable":true,"href":"https:\/\/mo-mo.gr\/fr\/wp-json\/wp\/v2\/product_brand?post=11497"},{"taxonomy":"product_cat","embeddable":true,"href":"https:\/\/mo-mo.gr\/fr\/wp-json\/wp\/v2\/product_cat?post=11497"},{"taxonomy":"product_tag","embeddable":true,"href":"https:\/\/mo-mo.gr\/fr\/wp-json\/wp\/v2\/product_tag?post=11497"}],"curies":[{"name":"wp","href":"https:\/\/api.w.org\/{rel}","templated":true}]}}