{"id":11469,"date":"2024-11-30T21:04:11","date_gmt":"2024-11-30T21:04:11","guid":{"rendered":"https:\/\/mo-mo.gr\/product\/daruma-sweater\/"},"modified":"2025-03-05T11:32:05","modified_gmt":"2025-03-05T09:32:05","slug":"pull-daruma","status":"publish","type":"product","link":"https:\/\/mo-mo.gr\/fr\/\u03c0\u03c1\u03bf\u03ca\u03cc\u03bd\u03c4\u03b1\/daruma-sweater\/","title":{"rendered":"Pull Daruma"},"content":{"rendered":"","protected":false},"excerpt":{"rendered":"<p>Affichez votre philosophie de la pers\u00e9v\u00e9rance avec ce sweat-shirt unique, disponible en blanc ou en noir. Le devant est domin\u00e9 par la figure embl\u00e9matique de Daruma, symbole de la d\u00e9termination et de la force mentale dans la culture japonaise. Elle est accompagn\u00e9e de l'expression japonaise \u4e03\u8ee2\u3073\u516b\u8d77\u304d (Tomber sept fois, se relever huit fois), qui nous rappelle que la v\u00e9ritable force r\u00e9side dans notre capacit\u00e9 \u00e0 continuer.<\/p>\n<p>Fabriqu\u00e9 en coton biologique 80% et en polyester recycl\u00e9 20%, ce sweat-shirt offre une sensation de douceur exceptionnelle tout en \u00e9tant durable \u00e0 l'usage. Avec son design minimaliste, c'est le v\u00eatement id\u00e9al \u00e0 porter au quotidien, pour que le message d'optimisme ne vous quitte jamais.<\/p>\n<p>Que vous choisissiez le noir pour un look intemporel ou le blanc pour une approche plus lumineuse, le Daruma Hoodie promet de devenir l'ultime pi\u00e8ce de votre garde-robe.<\/p>","protected":false},"featured_media":12599,"comment_status":"open","ping_status":"closed","template":"","meta":{"_gspb_post_css":""},"product_brand":[],"product_cat":[74,111],"product_tag":[],"class_list":{"0":"post-11469","1":"product","2":"type-product","3":"status-publish","4":"has-post-thumbnail","6":"product_cat-new","7":"product_cat-111","8":"pa_-large","9":"pa_-medium","10":"pa_-small","11":"pa_-xtra-large","12":"pa_-xtra-small","13":"pa_-xxl","14":"pa_-97","15":"pa_-85","17":"first","18":"instock","19":"taxable","20":"shipping-taxable","21":"purchasable","22":"product-type-variable"},"_links":{"self":[{"href":"https:\/\/mo-mo.gr\/fr\/wp-json\/wp\/v2\/product\/11469","targetHints":{"allow":["GET"]}}],"collection":[{"href":"https:\/\/mo-mo.gr\/fr\/wp-json\/wp\/v2\/product"}],"about":[{"href":"https:\/\/mo-mo.gr\/fr\/wp-json\/wp\/v2\/types\/product"}],"replies":[{"embeddable":true,"href":"https:\/\/mo-mo.gr\/fr\/wp-json\/wp\/v2\/comments?post=11469"}],"wp:featuredmedia":[{"embeddable":true,"href":"https:\/\/mo-mo.gr\/fr\/wp-json\/wp\/v2\/media\/12599"}],"wp:attachment":[{"href":"https:\/\/mo-mo.gr\/fr\/wp-json\/wp\/v2\/media?parent=11469"}],"wp:term":[{"taxonomy":"product_brand","embeddable":true,"href":"https:\/\/mo-mo.gr\/fr\/wp-json\/wp\/v2\/product_brand?post=11469"},{"taxonomy":"product_cat","embeddable":true,"href":"https:\/\/mo-mo.gr\/fr\/wp-json\/wp\/v2\/product_cat?post=11469"},{"taxonomy":"product_tag","embeddable":true,"href":"https:\/\/mo-mo.gr\/fr\/wp-json\/wp\/v2\/product_tag?post=11469"}],"curies":[{"name":"wp","href":"https:\/\/api.w.org\/{rel}","templated":true}]}}