{"id":11455,"date":"2024-11-28T15:20:56","date_gmt":"2024-11-28T15:20:56","guid":{"rendered":"https:\/\/mo-mo.gr\/product\/%ce%b2%ce%b5%ce%bd%cf%84%ce%ac%ce%bb%ce%b9%ce%b1-geisha-no-yuga-sensu\/"},"modified":"2025-12-09T15:37:47","modified_gmt":"2025-12-09T13:37:47","slug":"%ce%b2%ce%b5%ce%bd%cf%84%ce%ac%ce%bb%ce%b9%ce%b1-geisha-no-yuga-sensu","status":"publish","type":"product","link":"https:\/\/mo-mo.gr\/fr\/\u03c0\u03c1\u03bf\u03ca\u03cc\u03bd\u03c4\u03b1\/%ce%b2%ce%b5%ce%bd%cf%84%ce%ac%ce%bb%ce%b9%ce%b1-geisha-no-yuga-sensu\/","title":{"rendered":"Fan Geisha no Yuga Sensu"},"content":{"rendered":"","protected":false},"excerpt":{"rendered":"<p>L'\u00e9ventail en bambou Geisha no Y\u016bga Sensu est un chef-d'\u0153uvre d'art qui capture l'\u00e9l\u00e9gance et la gr\u00e2ce intemporelles de la geisha traditionnelle. Dans ce dessin tr\u00e8s d\u00e9taill\u00e9, une geisha est repr\u00e9sent\u00e9e dans sa tenue distinctive et dans la gr\u00e2ce incroyable de sa danse et de l'expression de son art. Le design raffin\u00e9 met en valeur la beaut\u00e9 naturelle et la s\u00e9r\u00e9nit\u00e9 de la geisha, tandis que les tons doux et fluides des couleurs conf\u00e8rent un sentiment de calme et de sagesse.<\/p>\n<p>Cet \u00e9ventail, fabriqu\u00e9 en bambou durable, associe la tradition japonaise \u00e0 l'atmosph\u00e8re aristocratique des geishas, offrant \u00e0 la fois un sens unique de la beaut\u00e9 et de la praticit\u00e9. Il est parfait pour ceux qui appr\u00e9cient la culture japonaise et recherchent un objet qui respire la gr\u00e2ce et le myst\u00e8re.<\/p>","protected":false},"featured_media":12592,"comment_status":"open","ping_status":"closed","template":"","meta":{"_gspb_post_css":""},"product_brand":[],"product_cat":[74,71],"product_tag":[],"class_list":{"0":"post-11455","1":"product","2":"type-product","3":"status-publish","4":"has-post-thumbnail","6":"product_cat-new","7":"product_cat-71","9":"first","10":"outofstock","11":"taxable","12":"shipping-taxable","13":"purchasable","14":"product-type-simple"},"_links":{"self":[{"href":"https:\/\/mo-mo.gr\/fr\/wp-json\/wp\/v2\/product\/11455","targetHints":{"allow":["GET"]}}],"collection":[{"href":"https:\/\/mo-mo.gr\/fr\/wp-json\/wp\/v2\/product"}],"about":[{"href":"https:\/\/mo-mo.gr\/fr\/wp-json\/wp\/v2\/types\/product"}],"replies":[{"embeddable":true,"href":"https:\/\/mo-mo.gr\/fr\/wp-json\/wp\/v2\/comments?post=11455"}],"wp:featuredmedia":[{"embeddable":true,"href":"https:\/\/mo-mo.gr\/fr\/wp-json\/wp\/v2\/media\/12592"}],"wp:attachment":[{"href":"https:\/\/mo-mo.gr\/fr\/wp-json\/wp\/v2\/media?parent=11455"}],"wp:term":[{"taxonomy":"product_brand","embeddable":true,"href":"https:\/\/mo-mo.gr\/fr\/wp-json\/wp\/v2\/product_brand?post=11455"},{"taxonomy":"product_cat","embeddable":true,"href":"https:\/\/mo-mo.gr\/fr\/wp-json\/wp\/v2\/product_cat?post=11455"},{"taxonomy":"product_tag","embeddable":true,"href":"https:\/\/mo-mo.gr\/fr\/wp-json\/wp\/v2\/product_tag?post=11455"}],"curies":[{"name":"wp","href":"https:\/\/api.w.org\/{rel}","templated":true}]}}