{"id":11450,"date":"2024-11-28T15:14:01","date_gmt":"2024-11-28T15:14:01","guid":{"rendered":"https:\/\/mo-mo.gr\/product\/%ce%b2%ce%b5%ce%bd%cf%84%ce%ac%ce%bb%ce%b9%ce%b1-umi-no-takami-sensu\/"},"modified":"2025-12-09T15:44:16","modified_gmt":"2025-12-09T13:44:16","slug":"%ce%b2%ce%b5%ce%bd%cf%84%ce%ac%ce%bb%ce%b9%ce%b1-umi-no-takami-sensu","status":"publish","type":"product","link":"https:\/\/mo-mo.gr\/fr\/\u03c0\u03c1\u03bf\u03ca\u03cc\u03bd\u03c4\u03b1\/%ce%b2%ce%b5%ce%bd%cf%84%ce%ac%ce%bb%ce%b9%ce%b1-umi-no-takami-sensu\/","title":{"rendered":"Fan Umi no Takami Sensu"},"content":{"rendered":"","protected":false},"excerpt":{"rendered":"<p>Inspir\u00e9 par la c\u00e9l\u00e8bre \u0153uvre d'Hokusai \"Grande vague au large de Kanagawa\", cet \u00e9ventail capture la puissance et la beaut\u00e9 de la mer japonaise. Fabriqu\u00e9 en bambou de haute qualit\u00e9, il offre une durabilit\u00e9 et une l\u00e9g\u00e8ret\u00e9 uniques, tandis que sa surface est orn\u00e9e de la vague saisissante \u00e9mergeant dans des couleurs bleues et blanches vibrantes.<\/p>\n<p>Le design d\u00e9gage une impression de mouvement et d'\u00e9nergie, rendant hommage \u00e0 la nature et \u00e0 l'art du Japon. Il s'agit d'un \u00e9ventail \u00e0 la fois fonctionnel et d\u00e9coratif, id\u00e9al pour les journ\u00e9es chaudes ou comme accessoire \u00e9l\u00e9gant qui met l'esth\u00e9tique de la tradition au go\u00fbt du jour.<\/p>\n<p>La hauteur du Ventalia est de 21 cm.<\/p>\n<p>Pi\u00e8ce essentielle pour les amoureux de la culture et de l'art japonais, **Umi no Takami** est un symbole du lien intemporel entre la nature et la cr\u00e9ation humaine.<\/p>","protected":false},"featured_media":12589,"comment_status":"open","ping_status":"closed","template":"","meta":{"_gspb_post_css":""},"product_brand":[],"product_cat":[74,71],"product_tag":[],"class_list":{"0":"post-11450","1":"product","2":"type-product","3":"status-publish","4":"has-post-thumbnail","6":"product_cat-new","7":"product_cat-71","9":"first","10":"outofstock","11":"taxable","12":"shipping-taxable","13":"purchasable","14":"product-type-simple"},"_links":{"self":[{"href":"https:\/\/mo-mo.gr\/fr\/wp-json\/wp\/v2\/product\/11450","targetHints":{"allow":["GET"]}}],"collection":[{"href":"https:\/\/mo-mo.gr\/fr\/wp-json\/wp\/v2\/product"}],"about":[{"href":"https:\/\/mo-mo.gr\/fr\/wp-json\/wp\/v2\/types\/product"}],"replies":[{"embeddable":true,"href":"https:\/\/mo-mo.gr\/fr\/wp-json\/wp\/v2\/comments?post=11450"}],"wp:featuredmedia":[{"embeddable":true,"href":"https:\/\/mo-mo.gr\/fr\/wp-json\/wp\/v2\/media\/12589"}],"wp:attachment":[{"href":"https:\/\/mo-mo.gr\/fr\/wp-json\/wp\/v2\/media?parent=11450"}],"wp:term":[{"taxonomy":"product_brand","embeddable":true,"href":"https:\/\/mo-mo.gr\/fr\/wp-json\/wp\/v2\/product_brand?post=11450"},{"taxonomy":"product_cat","embeddable":true,"href":"https:\/\/mo-mo.gr\/fr\/wp-json\/wp\/v2\/product_cat?post=11450"},{"taxonomy":"product_tag","embeddable":true,"href":"https:\/\/mo-mo.gr\/fr\/wp-json\/wp\/v2\/product_tag?post=11450"}],"curies":[{"name":"wp","href":"https:\/\/api.w.org\/{rel}","templated":true}]}}