{"id":11442,"date":"2024-11-28T15:03:24","date_gmt":"2024-11-28T15:03:24","guid":{"rendered":"https:\/\/mo-mo.gr\/product\/%ce%b2%ce%b5%ce%bd%cf%84%ce%ac%ce%bb%ce%b9%ce%b1-kuro-kaze-sensu\/"},"modified":"2025-12-09T15:38:15","modified_gmt":"2025-12-09T13:38:15","slug":"%ce%b2%ce%b5%ce%bd%cf%84%ce%ac%ce%bb%ce%b9%ce%b1-kuro-kaze-sensu","status":"publish","type":"product","link":"https:\/\/mo-mo.gr\/fr\/\u03c0\u03c1\u03bf\u03ca\u03cc\u03bd\u03c4\u03b1\/%ce%b2%ce%b5%ce%bd%cf%84%ce%ac%ce%bb%ce%b9%ce%b1-kuro-kaze-sensu\/","title":{"rendered":"Fan Kuro Kaze Sensu"},"content":{"rendered":"","protected":false},"excerpt":{"rendered":"<p>D\u00e9couvrez l'\u00e9l\u00e9gance de l'art traditionnel japonais avec cet \u00e9ventail en bois **Sensu**. Fabriqu\u00e9 \u00e0 partir de bois de qualit\u00e9, l'\u00e9ventail pr\u00e9sente un \u00e9clat mat subtil qui lui conf\u00e8re un aspect \u00e0 la fois contemporain et intemporel. Sa teinte noire en fait un accessoire unique, id\u00e9al pour un usage quotidien comme pour les occasions sp\u00e9ciales.<\/p>\n<p>Son design fin garantit une grande facilit\u00e9 d'utilisation, tandis que sa construction durable assure des performances \u00e0 long terme. Inspir\u00e9 par l'esth\u00e9tique japonaise, ce ventilateur est parfait pour vous rafra\u00eechir avec style ou pour orner votre espace en tant qu'\u00e9l\u00e9ment d\u00e9coratif.<\/p>\n<p>Id\u00e9al pour les amoureux de la culture japonaise, cet \u00e9ventail en bois noir est un hommage au charme minimaliste et \u00e0 la tradition intemporelle.<\/p>","protected":false},"featured_media":12583,"comment_status":"open","ping_status":"closed","template":"","meta":{"_gspb_post_css":""},"product_brand":[],"product_cat":[74,71],"product_tag":[],"class_list":{"0":"post-11442","1":"product","2":"type-product","3":"status-publish","4":"has-post-thumbnail","6":"product_cat-new","7":"product_cat-71","9":"first","10":"outofstock","11":"taxable","12":"shipping-taxable","13":"purchasable","14":"product-type-simple"},"_links":{"self":[{"href":"https:\/\/mo-mo.gr\/fr\/wp-json\/wp\/v2\/product\/11442","targetHints":{"allow":["GET"]}}],"collection":[{"href":"https:\/\/mo-mo.gr\/fr\/wp-json\/wp\/v2\/product"}],"about":[{"href":"https:\/\/mo-mo.gr\/fr\/wp-json\/wp\/v2\/types\/product"}],"replies":[{"embeddable":true,"href":"https:\/\/mo-mo.gr\/fr\/wp-json\/wp\/v2\/comments?post=11442"}],"wp:featuredmedia":[{"embeddable":true,"href":"https:\/\/mo-mo.gr\/fr\/wp-json\/wp\/v2\/media\/12583"}],"wp:attachment":[{"href":"https:\/\/mo-mo.gr\/fr\/wp-json\/wp\/v2\/media?parent=11442"}],"wp:term":[{"taxonomy":"product_brand","embeddable":true,"href":"https:\/\/mo-mo.gr\/fr\/wp-json\/wp\/v2\/product_brand?post=11442"},{"taxonomy":"product_cat","embeddable":true,"href":"https:\/\/mo-mo.gr\/fr\/wp-json\/wp\/v2\/product_cat?post=11442"},{"taxonomy":"product_tag","embeddable":true,"href":"https:\/\/mo-mo.gr\/fr\/wp-json\/wp\/v2\/product_tag?post=11442"}],"curies":[{"name":"wp","href":"https:\/\/api.w.org\/{rel}","templated":true}]}}