{"id":11431,"date":"2024-11-27T16:29:44","date_gmt":"2024-11-27T16:29:44","guid":{"rendered":"https:\/\/mo-mo.gr\/product\/kinchaku-knot-bag-akita-no-kurenai\/"},"modified":"2025-12-11T15:23:30","modified_gmt":"2025-12-11T13:23:30","slug":"kinchaku-knot-bag-akita-no-kurenai","status":"publish","type":"product","link":"https:\/\/mo-mo.gr\/fr\/\u03c0\u03c1\u03bf\u03ca\u03cc\u03bd\u03c4\u03b1\/kinchaku-knot-bag-akita-no-kurenai\/","title":{"rendered":"Sac \u00e0 n\u0153uds Kinchaku Akita no Kurenai"},"content":{"rendered":"","protected":false},"excerpt":{"rendered":"<p>Sac \u00e0 n\u0153uds Kinchaku Akita no Kurenai<\/p>\n<p>Ce sac **Kinchaku Knot** unique, fait \u00e0 la main, s'inspire de la tradition japonaise et de l'\u00e9l\u00e9gance du design.<\/p>\n<p>- Couleur** : base beige avec des formes g\u00e9om\u00e9triques rouges audacieuses qui ajoutent une touche d'audace. Le design est d\u00e9cor\u00e9 de figures du chien japonais embl\u00e9matique **Akita**, combinant l'h\u00e9ritage culturel et l'esth\u00e9tique moderne.<br \/>\n- Dimensions** : Hauteur 21 cm, Largeur 11 cm, Longueur 8 cm - la taille id\u00e9ale pour vos affaires quotidiennes.<br \/>\n- Mat\u00e9riau** : Fabriqu\u00e9 \u00e0 partir de tissus de haute qualit\u00e9, il assure durabilit\u00e9 et \u00e9l\u00e9gance, tandis que la couleur bleue du n\u0153ud offre un beau contraste avec la base beige.<br \/>\n- Style** : polyvalent et pratique, il est parfait pour les sorties d\u00e9contract\u00e9es et les occasions sp\u00e9ciales, apportant un sens de la tradition japonaise \u00e0 votre look moderne.<\/p>\n<p>Le **\"Akita no Kurenai \"** n'est pas seulement un sac, c'est une d\u00e9claration de style qui combine l'amour de la culture japonaise avec l'utilit\u00e9 de la mode moderne.<\/p>","protected":false},"featured_media":12574,"comment_status":"open","ping_status":"closed","template":"","meta":{"_gspb_post_css":""},"product_brand":[],"product_cat":[75,74],"product_tag":[],"class_list":{"0":"post-11431","1":"product","2":"type-product","3":"status-publish","4":"has-post-thumbnail","6":"product_cat-kinchaku-knot-bags","7":"product_cat-new","9":"first","10":"outofstock","11":"taxable","12":"shipping-taxable","13":"purchasable","14":"product-type-simple"},"_links":{"self":[{"href":"https:\/\/mo-mo.gr\/fr\/wp-json\/wp\/v2\/product\/11431","targetHints":{"allow":["GET"]}}],"collection":[{"href":"https:\/\/mo-mo.gr\/fr\/wp-json\/wp\/v2\/product"}],"about":[{"href":"https:\/\/mo-mo.gr\/fr\/wp-json\/wp\/v2\/types\/product"}],"replies":[{"embeddable":true,"href":"https:\/\/mo-mo.gr\/fr\/wp-json\/wp\/v2\/comments?post=11431"}],"wp:featuredmedia":[{"embeddable":true,"href":"https:\/\/mo-mo.gr\/fr\/wp-json\/wp\/v2\/media\/12574"}],"wp:attachment":[{"href":"https:\/\/mo-mo.gr\/fr\/wp-json\/wp\/v2\/media?parent=11431"}],"wp:term":[{"taxonomy":"product_brand","embeddable":true,"href":"https:\/\/mo-mo.gr\/fr\/wp-json\/wp\/v2\/product_brand?post=11431"},{"taxonomy":"product_cat","embeddable":true,"href":"https:\/\/mo-mo.gr\/fr\/wp-json\/wp\/v2\/product_cat?post=11431"},{"taxonomy":"product_tag","embeddable":true,"href":"https:\/\/mo-mo.gr\/fr\/wp-json\/wp\/v2\/product_tag?post=11431"}],"curies":[{"name":"wp","href":"https:\/\/api.w.org\/{rel}","templated":true}]}}