{"id":11405,"date":"2024-11-26T17:53:08","date_gmt":"2024-11-26T17:53:08","guid":{"rendered":"https:\/\/mo-mo.gr\/product\/dento-bag-flying-cranes\/"},"modified":"2025-03-05T11:27:15","modified_gmt":"2025-03-05T09:27:15","slug":"dento-bag-flying-cranes","status":"publish","type":"product","link":"https:\/\/mo-mo.gr\/fr\/\u03c0\u03c1\u03bf\u03ca\u03cc\u03bd\u03c4\u03b1\/dento-bag-flying-cranes\/","title":{"rendered":"Dento Bag Flying Cranes (grues volantes)"},"content":{"rendered":"","protected":false},"excerpt":{"rendered":"<p>Dento Bag Flying Cranes (grues volantes)<\/p>\n<p>Ce sac japonais fabriqu\u00e9 \u00e0 la main \u00e0 partir de tissus de coton de Kyoto allie \u00e9l\u00e9gance et tradition dans une cr\u00e9ation unique. Sur un fond noir, des grues blanches, symboles de long\u00e9vit\u00e9 et de prosp\u00e9rit\u00e9, sont encadr\u00e9es par des motifs japonais traditionnels aux couleurs vives et chaudes et des impressions dor\u00e9es qui ajoutent luxe et glamour \u00e0 son apparence. Mesurant 21 cm de hauteur et 26 cm de largeur, ce sac est id\u00e9al pour vos besoins quotidiens, tandis que la hauteur de la poign\u00e9e de 17 cm assure un transport confortable.<\/p>\n<p>L'int\u00e9rieur est doubl\u00e9 de ouate renforc\u00e9e, ce qui permet au sac de garder sa forme tout en offrant une sensation douce et velout\u00e9e au toucher. La fermeture \u00e0 glissi\u00e8re prot\u00e8ge vos effets personnels en toute s\u00e9curit\u00e9, ajoutant fonctionnalit\u00e9 et \u00e9l\u00e9gance. Ce sac est la combinaison parfaite du design japonais traditionnel et de la praticit\u00e9 moderne.<\/p>","protected":false},"featured_media":12554,"comment_status":"open","ping_status":"closed","template":"","meta":{"_gspb_post_css":""},"product_brand":[],"product_cat":[74,65],"product_tag":[],"class_list":{"0":"post-11405","1":"product","2":"type-product","3":"status-publish","4":"has-post-thumbnail","6":"product_cat-new","7":"product_cat-65","9":"first","10":"instock","11":"taxable","12":"shipping-taxable","13":"purchasable","14":"product-type-simple"},"_links":{"self":[{"href":"https:\/\/mo-mo.gr\/fr\/wp-json\/wp\/v2\/product\/11405","targetHints":{"allow":["GET"]}}],"collection":[{"href":"https:\/\/mo-mo.gr\/fr\/wp-json\/wp\/v2\/product"}],"about":[{"href":"https:\/\/mo-mo.gr\/fr\/wp-json\/wp\/v2\/types\/product"}],"replies":[{"embeddable":true,"href":"https:\/\/mo-mo.gr\/fr\/wp-json\/wp\/v2\/comments?post=11405"}],"wp:featuredmedia":[{"embeddable":true,"href":"https:\/\/mo-mo.gr\/fr\/wp-json\/wp\/v2\/media\/12554"}],"wp:attachment":[{"href":"https:\/\/mo-mo.gr\/fr\/wp-json\/wp\/v2\/media?parent=11405"}],"wp:term":[{"taxonomy":"product_brand","embeddable":true,"href":"https:\/\/mo-mo.gr\/fr\/wp-json\/wp\/v2\/product_brand?post=11405"},{"taxonomy":"product_cat","embeddable":true,"href":"https:\/\/mo-mo.gr\/fr\/wp-json\/wp\/v2\/product_cat?post=11405"},{"taxonomy":"product_tag","embeddable":true,"href":"https:\/\/mo-mo.gr\/fr\/wp-json\/wp\/v2\/product_tag?post=11405"}],"curies":[{"name":"wp","href":"https:\/\/api.w.org\/{rel}","templated":true}]}}