{"id":11395,"date":"2024-11-26T17:45:54","date_gmt":"2024-11-26T17:45:54","guid":{"rendered":"https:\/\/mo-mo.gr\/product\/dento-bag-kuro-neko\/"},"modified":"2026-04-02T17:57:17","modified_gmt":"2026-04-02T14:57:17","slug":"dento-bag-kuro-neko","status":"publish","type":"product","link":"https:\/\/mo-mo.gr\/fr\/\u03c0\u03c1\u03bf\u03ca\u03cc\u03bd\u03c4\u03b1\/dento-bag-kuro-neko\/","title":{"rendered":"Dento Bag Kuro Neko"},"content":{"rendered":"","protected":false},"excerpt":{"rendered":"<p>Dento Bag Kuro Neko<\/p>\n<p>Ce sac \u00e0 main japonais en coton fabriqu\u00e9 \u00e0 la main \u00e0 Kyoto pr\u00e9sente l'esth\u00e9tique traditionnelle et le charme ludique du chat noir, ou kuro neko, dans un design \u00e9blouissant. Sur un fond rouge symbolisant la vitalit\u00e9 et la force, le kuro neko se d\u00e9tache parmi des fleurs et des feuilles blanches et dor\u00e9es, donnant une impression saisissante d'\u00e9quilibre et d'harmonie.<\/p>\n<p>Avec des dimensions pratiques de 21 cm de haut et 26 cm de large, et une hauteur de poign\u00e9e de 17 cm, ce sac se ferme \u00e0 l'aide d'une fermeture \u00e0 glissi\u00e8re pour transporter vos effets personnels en toute s\u00e9curit\u00e9. La doublure int\u00e9rieure est renforc\u00e9e par de la ouate, ce qui permet au sac de conserver sa forme et donne une sensation de douceur et de rembourrage au toucher.<\/p>\n<p>C'est le compl\u00e9ment id\u00e9al pour les amateurs d'art japonais traditionnel qui souhaitent une pi\u00e8ce unique combinant l'espi\u00e8glerie du chat noir et les motifs classiques de la nature japonaise.<\/p>","protected":false},"featured_media":12546,"comment_status":"open","ping_status":"closed","template":"","meta":{"_gspb_post_css":""},"product_brand":[],"product_cat":[65],"product_tag":[],"class_list":{"0":"post-11395","1":"product","2":"type-product","3":"status-publish","4":"has-post-thumbnail","6":"product_cat-65","8":"first","9":"outofstock","10":"taxable","11":"shipping-taxable","12":"purchasable","13":"product-type-simple"},"_links":{"self":[{"href":"https:\/\/mo-mo.gr\/fr\/wp-json\/wp\/v2\/product\/11395","targetHints":{"allow":["GET"]}}],"collection":[{"href":"https:\/\/mo-mo.gr\/fr\/wp-json\/wp\/v2\/product"}],"about":[{"href":"https:\/\/mo-mo.gr\/fr\/wp-json\/wp\/v2\/types\/product"}],"replies":[{"embeddable":true,"href":"https:\/\/mo-mo.gr\/fr\/wp-json\/wp\/v2\/comments?post=11395"}],"wp:featuredmedia":[{"embeddable":true,"href":"https:\/\/mo-mo.gr\/fr\/wp-json\/wp\/v2\/media\/12546"}],"wp:attachment":[{"href":"https:\/\/mo-mo.gr\/fr\/wp-json\/wp\/v2\/media?parent=11395"}],"wp:term":[{"taxonomy":"product_brand","embeddable":true,"href":"https:\/\/mo-mo.gr\/fr\/wp-json\/wp\/v2\/product_brand?post=11395"},{"taxonomy":"product_cat","embeddable":true,"href":"https:\/\/mo-mo.gr\/fr\/wp-json\/wp\/v2\/product_cat?post=11395"},{"taxonomy":"product_tag","embeddable":true,"href":"https:\/\/mo-mo.gr\/fr\/wp-json\/wp\/v2\/product_tag?post=11395"}],"curies":[{"name":"wp","href":"https:\/\/api.w.org\/{rel}","templated":true}]}}