{"id":11382,"date":"2024-11-25T18:49:27","date_gmt":"2024-11-25T18:49:27","guid":{"rendered":"https:\/\/mo-mo.gr\/product\/olive-harmony-wool-kimono\/"},"modified":"2026-01-29T15:07:48","modified_gmt":"2026-01-29T13:07:48","slug":"kimono-en-laine-harmonie-olive","status":"publish","type":"product","link":"https:\/\/mo-mo.gr\/fr\/\u03c0\u03c1\u03bf\u03ca\u03cc\u03bd\u03c4\u03b1\/olive-harmony-wool-kimono\/","title":{"rendered":"Kimono en laine Olive Harmony"},"content":{"rendered":"","protected":false},"excerpt":{"rendered":"<p>Le kimono en laine Olive Harmony est une pi\u00e8ce \u00e9tonnante qui allie l'\u00e9l\u00e9gance japonaise traditionnelle \u00e0 la chaleur de la laine naturelle. Fabriqu\u00e9 \u00e0 la main avec un grand souci du d\u00e9tail, ce kimono est r\u00e9alis\u00e9 en laine 100%, qui offre chaleur et douceur au toucher. Sa couleur grasse et profonde se marie parfaitement avec ses lignes simples et raffin\u00e9es, conf\u00e9rant \u00e0 ce v\u00eatement une authenticit\u00e9 intemporelle.<\/p>\n<p>L'une des caract\u00e9ristiques les plus impressionnantes du kimono en laine Olive Harmony est ses larges manches, qui soulignent l'esth\u00e9tique traditionnelle d'un kimono haori et offrent confort et libert\u00e9 de mouvement. Ses larges manches, inspir\u00e9es du style japonais, allient praticit\u00e9 et \u00e9l\u00e9gance, tout en conf\u00e9rant un sentiment d'autorit\u00e9 et d'authenticit\u00e9 \u00e0 la personne qui le porte.<\/p>\n<p>L'ajout d'un lien int\u00e9gr\u00e9 avec de larges bandes sur le devant cr\u00e9e un \u00e9l\u00e9ment de design unique qui se d\u00e9marque. Ces ceintures assurent non seulement la stabilit\u00e9 et la tenue du v\u00eatement, mais elles forment \u00e9galement un motif g\u00e9om\u00e9trique sur le devant, ajoutant une touche de modernit\u00e9 au style traditionnel. Le kimono en laine Olive Harmony est le choix id\u00e9al pour ceux qui recherchent une fa\u00e7on sophistiqu\u00e9e et intemporelle d'int\u00e9grer la culture japonaise \u00e0 leur look.<\/p>","protected":false},"featured_media":12540,"comment_status":"open","ping_status":"closed","template":"","meta":{"_gspb_post_css":""},"product_brand":[],"product_cat":[114,115,66],"product_tag":[56],"class_list":{"0":"post-11382","1":"product","2":"type-product","3":"status-publish","4":"has-post-thumbnail","6":"product_cat-haori","7":"product_cat-yukata","8":"product_cat-66","9":"product_tag-womans-kimonos","10":"pa_-large","11":"pa_-large-xlarge","12":"pa_-medium","13":"pa_-small","14":"pa_-xtra-large","15":"pa_-xxl","16":"pa_-94","18":"first","19":"instock","20":"taxable","21":"shipping-taxable","22":"purchasable","23":"product-type-variable"},"_links":{"self":[{"href":"https:\/\/mo-mo.gr\/fr\/wp-json\/wp\/v2\/product\/11382","targetHints":{"allow":["GET"]}}],"collection":[{"href":"https:\/\/mo-mo.gr\/fr\/wp-json\/wp\/v2\/product"}],"about":[{"href":"https:\/\/mo-mo.gr\/fr\/wp-json\/wp\/v2\/types\/product"}],"replies":[{"embeddable":true,"href":"https:\/\/mo-mo.gr\/fr\/wp-json\/wp\/v2\/comments?post=11382"}],"wp:featuredmedia":[{"embeddable":true,"href":"https:\/\/mo-mo.gr\/fr\/wp-json\/wp\/v2\/media\/12540"}],"wp:attachment":[{"href":"https:\/\/mo-mo.gr\/fr\/wp-json\/wp\/v2\/media?parent=11382"}],"wp:term":[{"taxonomy":"product_brand","embeddable":true,"href":"https:\/\/mo-mo.gr\/fr\/wp-json\/wp\/v2\/product_brand?post=11382"},{"taxonomy":"product_cat","embeddable":true,"href":"https:\/\/mo-mo.gr\/fr\/wp-json\/wp\/v2\/product_cat?post=11382"},{"taxonomy":"product_tag","embeddable":true,"href":"https:\/\/mo-mo.gr\/fr\/wp-json\/wp\/v2\/product_tag?post=11382"}],"curies":[{"name":"wp","href":"https:\/\/api.w.org\/{rel}","templated":true}]}}