{"id":11370,"date":"2024-11-20T12:56:25","date_gmt":"2024-11-20T12:56:25","guid":{"rendered":"https:\/\/mo-mo.gr\/product\/kimono-haori-wool-murasaki-no-yume\/"},"modified":"2026-01-29T15:10:46","modified_gmt":"2026-01-29T13:10:46","slug":"kimono-haori-laine-murasaki-no-yume","status":"publish","type":"product","link":"https:\/\/mo-mo.gr\/fr\/\u03c0\u03c1\u03bf\u03ca\u03cc\u03bd\u03c4\u03b1\/kimono-haori-wool-murasaki-no-yume\/","title":{"rendered":"Kimono Haori Laine Murasaki no Yume"},"content":{"rendered":"","protected":false},"excerpt":{"rendered":"<p>Affichez votre style avec ce kimono haori sophistiqu\u00e9, confectionn\u00e9 dans un luxueux m\u00e9lange de laine 60% et de coton 40%. Dans une teinte violet prune profond, avec des touches de cramoisi cr\u00e9ant une combinaison subtile mais frappante, cette pi\u00e8ce exsude la chaleur et l'\u00e9l\u00e9gance. Son design classique, avec sa silhouette kimono traditionnelle et son lien sur le c\u00f4t\u00e9, offre polyvalence et confort, ce qui en fait un v\u00eatement id\u00e9al \u00e0 superposer pendant l'hiver.<\/p>\n<p>Le tissage en laine et en coton assure une excellente protection thermique tout en conservant une sensation de l\u00e9g\u00e8ret\u00e9 pour un port confortable. La longueur et les coutures sont con\u00e7ues pour convenir aux occasions d\u00e9contract\u00e9es et formelles. Les lignes \u00e9pur\u00e9es du design et la richesse des couleurs en font un choix intemporel pour ceux qui aiment l'esth\u00e9tique minimale.<\/p>\n<p>Ce haori est un hommage \u00e0 la tradition japonaise, tout en incarnant le besoin moderne de confort et de praticit\u00e9. Portez-le sur des robes, des pulls ou m\u00eame des ensembles d\u00e9contract\u00e9s et ajoutez une dose de luxe \u00e0 votre quotidien.<\/p>","protected":false},"featured_media":12535,"comment_status":"open","ping_status":"closed","template":"","meta":{"_gspb_post_css":""},"product_brand":[],"product_cat":[114,66],"product_tag":[25,56],"class_list":{"0":"post-11370","1":"product","2":"type-product","3":"status-publish","4":"has-post-thumbnail","6":"product_cat-haori","7":"product_cat-66","8":"product_tag-haori","9":"product_tag-womans-kimonos","10":"pa_-large","11":"pa_-medium","12":"pa_-small","13":"pa_-xtra-large","14":"pa_-xxl","15":"pa_-100","17":"first","18":"instock","19":"taxable","20":"shipping-taxable","21":"purchasable","22":"product-type-variable"},"_links":{"self":[{"href":"https:\/\/mo-mo.gr\/fr\/wp-json\/wp\/v2\/product\/11370","targetHints":{"allow":["GET"]}}],"collection":[{"href":"https:\/\/mo-mo.gr\/fr\/wp-json\/wp\/v2\/product"}],"about":[{"href":"https:\/\/mo-mo.gr\/fr\/wp-json\/wp\/v2\/types\/product"}],"replies":[{"embeddable":true,"href":"https:\/\/mo-mo.gr\/fr\/wp-json\/wp\/v2\/comments?post=11370"}],"wp:featuredmedia":[{"embeddable":true,"href":"https:\/\/mo-mo.gr\/fr\/wp-json\/wp\/v2\/media\/12535"}],"wp:attachment":[{"href":"https:\/\/mo-mo.gr\/fr\/wp-json\/wp\/v2\/media?parent=11370"}],"wp:term":[{"taxonomy":"product_brand","embeddable":true,"href":"https:\/\/mo-mo.gr\/fr\/wp-json\/wp\/v2\/product_brand?post=11370"},{"taxonomy":"product_cat","embeddable":true,"href":"https:\/\/mo-mo.gr\/fr\/wp-json\/wp\/v2\/product_cat?post=11370"},{"taxonomy":"product_tag","embeddable":true,"href":"https:\/\/mo-mo.gr\/fr\/wp-json\/wp\/v2\/product_tag?post=11370"}],"curies":[{"name":"wp","href":"https:\/\/api.w.org\/{rel}","templated":true}]}}