{"id":11353,"date":"2024-11-11T18:28:33","date_gmt":"2024-11-11T18:28:33","guid":{"rendered":"https:\/\/mo-mo.gr\/product\/tsuru-no-ongaeshi\/"},"modified":"2025-02-04T17:30:39","modified_gmt":"2025-02-04T15:30:39","slug":"tsuru-no-ongaeshi","status":"publish","type":"product","link":"https:\/\/mo-mo.gr\/fr\/\u03c0\u03c1\u03bf\u03ca\u03cc\u03bd\u03c4\u03b1\/tsuru-no-ongaeshi\/","title":{"rendered":"Tsuru no Ongaeshi"},"content":{"rendered":"","protected":false},"excerpt":{"rendered":"<p>Tsuru no Ongaeshi<\/p>\n<p>Un \u00e9l\u00e9gant cercueil de 30\u00d715 cm, fabriqu\u00e9 \u00e0 partir de tissus japonais authentiques qui exhalent le sens de la tradition et le glamour du Japon. Sur le devant, la couleur rouge vif du tissu se marie \u00e0 de luxueux imprim\u00e9s dor\u00e9s et \u00e0 deux grues, symboles de long\u00e9vit\u00e9 et de chance dans la tradition japonaise, ce qui ajoute un sens unique de l'\u00e9l\u00e9gance.<\/p>\n<p>La mallette est dot\u00e9e d'une fermeture \u00e0 glissi\u00e8re pratique, qui garantit la s\u00e9curit\u00e9 de vos articles. \u00c0 l'int\u00e9rieur, une poche permet de ranger facilement les petits objets essentiels, tandis que le tissu de qualit\u00e9 garantit une durabilit\u00e9 \u00e0 long terme.<\/p>\n<p>Cet \u00e9tui est parfait pour ajouter une dose de sophistication japonaise \u00e0 votre vie quotidienne, que vous l'utilisiez pour des cosm\u00e9tiques ou de petits objets personnels.<\/p>","protected":false},"featured_media":12524,"comment_status":"open","ping_status":"closed","template":"","meta":{"_gspb_post_css":""},"product_brand":[],"product_cat":[130,74,123],"product_tag":[],"class_list":{"0":"post-11353","1":"product","2":"type-product","3":"status-publish","4":"has-post-thumbnail","6":"product_cat-komono-","7":"product_cat-new","8":"product_cat-123","10":"first","11":"instock","12":"taxable","13":"shipping-taxable","14":"purchasable","15":"product-type-simple"},"_links":{"self":[{"href":"https:\/\/mo-mo.gr\/fr\/wp-json\/wp\/v2\/product\/11353","targetHints":{"allow":["GET"]}}],"collection":[{"href":"https:\/\/mo-mo.gr\/fr\/wp-json\/wp\/v2\/product"}],"about":[{"href":"https:\/\/mo-mo.gr\/fr\/wp-json\/wp\/v2\/types\/product"}],"replies":[{"embeddable":true,"href":"https:\/\/mo-mo.gr\/fr\/wp-json\/wp\/v2\/comments?post=11353"}],"wp:featuredmedia":[{"embeddable":true,"href":"https:\/\/mo-mo.gr\/fr\/wp-json\/wp\/v2\/media\/12524"}],"wp:attachment":[{"href":"https:\/\/mo-mo.gr\/fr\/wp-json\/wp\/v2\/media?parent=11353"}],"wp:term":[{"taxonomy":"product_brand","embeddable":true,"href":"https:\/\/mo-mo.gr\/fr\/wp-json\/wp\/v2\/product_brand?post=11353"},{"taxonomy":"product_cat","embeddable":true,"href":"https:\/\/mo-mo.gr\/fr\/wp-json\/wp\/v2\/product_cat?post=11353"},{"taxonomy":"product_tag","embeddable":true,"href":"https:\/\/mo-mo.gr\/fr\/wp-json\/wp\/v2\/product_tag?post=11353"}],"curies":[{"name":"wp","href":"https:\/\/api.w.org\/{rel}","templated":true}]}}