{"id":11346,"date":"2024-11-09T08:38:29","date_gmt":"2024-11-09T08:38:29","guid":{"rendered":"https:\/\/mo-mo.gr\/product\/haori-ringo-iro\/"},"modified":"2025-03-05T11:25:59","modified_gmt":"2025-03-05T09:25:59","slug":"haori-ringo-iro","status":"publish","type":"product","link":"https:\/\/mo-mo.gr\/fr\/\u03c0\u03c1\u03bf\u03ca\u03cc\u03bd\u03c4\u03b1\/haori-ringo-iro\/","title":{"rendered":"Haori Ringo Iro"},"content":{"rendered":"","protected":false},"excerpt":{"rendered":"<p>Haori Ringo Iro<\/p>\n<p>Le \u30ea\u30f3\u30b4\u8272\u306e\u7fbd\u7e54 (Ringo-iro no Haori) arbore la couleur rouge caract\u00e9ristique de la pomme, dans un ton qui souligne \u00e0 la fois la vivacit\u00e9 et l'\u00e9l\u00e9gance du style japonais. L\u00e9g\u00e8rement brillant, le tissu refl\u00e8te subtilement la lumi\u00e8re, conf\u00e9rant au haori une impression de luxe et d'intemporalit\u00e9. La manche de style yukata lui conf\u00e8re un air de tradition, tandis que son design le rend polyvalent et confortable pour toute occasion, qu'il s'agisse d'une soir\u00e9e ou d'un look plus d\u00e9contract\u00e9.<\/p>\n<p>Les motifs g\u00e9om\u00e9triques, discr\u00e8tement dissimul\u00e9s dans le tissu, ajoutent de l'int\u00e9r\u00eat sans nuire \u00e0 l'harmonie de la couleur. Chaque forme est plac\u00e9e avec pr\u00e9cision, refl\u00e9tant l'art japonais du minimalisme et l'\u00e9quilibre entre fonctionnalit\u00e9 et \u00e9l\u00e9gance. Ces d\u00e9tails subtils rendent ce haori unique et lui conf\u00e8rent un air d'authenticit\u00e9 qui impressionnera les amateurs d'esth\u00e9tique japonaise.<\/p>\n<p>Fabriqu\u00e9 au Japon, le \u30ea\u30f3\u30b4\u8272\u306e\u7fbd\u7e54 a fait l'objet d'un processus de reconstruction et d'entretien dans le respect de la tradition par MOMO KIDOHO. Chaque pi\u00e8ce est unique et porte l'amour de l'art et de la tradition japonaise, ce qui en fait un accessoire dont aucune collection ne pourrait se passer.<\/p>","protected":false},"featured_media":12519,"comment_status":"open","ping_status":"closed","template":"","meta":{"_gspb_post_css":""},"product_brand":[],"product_cat":[114,66],"product_tag":[25,41,56],"class_list":{"0":"post-11346","1":"product","2":"type-product","3":"status-publish","4":"has-post-thumbnail","6":"product_cat-haori","7":"product_cat-66","8":"product_tag-haori","9":"product_tag-mens-kimonos","10":"product_tag-womans-kimonos","11":"pa_-large-xlarge","12":"pa_-80","14":"first","15":"outofstock","16":"taxable","17":"shipping-taxable","18":"purchasable","19":"product-type-variable"},"_links":{"self":[{"href":"https:\/\/mo-mo.gr\/fr\/wp-json\/wp\/v2\/product\/11346","targetHints":{"allow":["GET"]}}],"collection":[{"href":"https:\/\/mo-mo.gr\/fr\/wp-json\/wp\/v2\/product"}],"about":[{"href":"https:\/\/mo-mo.gr\/fr\/wp-json\/wp\/v2\/types\/product"}],"replies":[{"embeddable":true,"href":"https:\/\/mo-mo.gr\/fr\/wp-json\/wp\/v2\/comments?post=11346"}],"wp:featuredmedia":[{"embeddable":true,"href":"https:\/\/mo-mo.gr\/fr\/wp-json\/wp\/v2\/media\/12519"}],"wp:attachment":[{"href":"https:\/\/mo-mo.gr\/fr\/wp-json\/wp\/v2\/media?parent=11346"}],"wp:term":[{"taxonomy":"product_brand","embeddable":true,"href":"https:\/\/mo-mo.gr\/fr\/wp-json\/wp\/v2\/product_brand?post=11346"},{"taxonomy":"product_cat","embeddable":true,"href":"https:\/\/mo-mo.gr\/fr\/wp-json\/wp\/v2\/product_cat?post=11346"},{"taxonomy":"product_tag","embeddable":true,"href":"https:\/\/mo-mo.gr\/fr\/wp-json\/wp\/v2\/product_tag?post=11346"}],"curies":[{"name":"wp","href":"https:\/\/api.w.org\/{rel}","templated":true}]}}